{"id":6306,"date":"2025-12-23T11:40:26","date_gmt":"2025-12-23T10:40:26","guid":{"rendered":"https:\/\/toysmaniacornermonaco.com\/?post_type=product&#038;p=6306"},"modified":"2026-01-07T08:25:20","modified_gmt":"2026-01-07T07:25:20","slug":"bmw-motorsport-team-casquette-noire","status":"publish","type":"product","link":"https:\/\/toysmaniacornermonaco.com\/en\/produit\/bmw-motorsport-team-casquette-noire\/","title":{"rendered":"BMW Motorsport Team \u2013 Casquette Noire"},"content":{"rendered":"<p class=\"isSelectedEnd\">Description du produit<br \/>\nCasquette officielle BMW Motorsport Team, au design sobre et sportif inspir\u00e9 de l\u2019univers de la comp\u00e9tition automobile. Con\u00e7ue pour un usage quotidien, elle est l\u00e9g\u00e8re, confortable et dot\u00e9e d\u2019un syst\u00e8me de r\u00e9glage \u00e0 l\u2019arri\u00e8re pour un ajustement optimal. Son coloris noir apporte une touche \u00e9l\u00e9gante tout en mettant en valeur l\u2019identit\u00e9 BMW Motorsport.<\/p>\n<p>REF : 701 219 211<br \/>\nGEN CODE : 4064537256077<br \/>\nCouleur : Noir<br \/>\nMarque : BMW Motorsport<\/p>\n","protected":false},"excerpt":{"rendered":"Description du produit Casquette officielle BMW Motorsport Team, au design sobre et sportif inspir\u00e9 de l\u2019univers de la comp\u00e9tition automobile. Con\u00e7ue pour un usage quotidien, elle est l\u00e9g\u00e8re, confortable et dot\u00e9e d\u2019un syst\u00e8me de r\u00e9glage \u00e0 l\u2019arri\u00e8re pour un ajustement optimal. Son coloris noir apporte une touche \u00e9l\u00e9gante tout en mettant en valeur l\u2019identit\u00e9 BMW&#8230; <a class=\"view-article\" href=\"https:\/\/toysmaniacornermonaco.com\/en\/produit\/bmw-motorsport-team-casquette-noire\/\">View Article<\/a>","protected":false},"featured_media":6309,"comment_status":"closed","ping_status":"closed","template":"","meta":{"_acf_changed":false},"product_cat":[711,390],"product_tag":[],"class_list":{"0":"post-6306","1":"product","2":"type-product","3":"status-publish","4":"has-post-thumbnail","6":"marque-bmw","7":"idee_cadeau-femmes","8":"idee_cadeau-formula-one-f1","9":"idee_cadeau-hommes","10":"product_cat-casquette","11":"product_cat-vetements-et-accessoires","12":"product_shipping_class-moyencolis","14":"first","15":"instock","16":"taxable","17":"shipping-taxable","18":"purchasable","19":"product-type-simple"},"acf":[],"yoast_head":"<!-- This site is optimized with the Yoast SEO plugin v22.3 - https:\/\/yoast.com\/wordpress\/plugins\/seo\/ -->\n<title>BMW Motorsport Team \u2013 Casquette Noire - TOY&#039;S MANIA<\/title>\n<meta name=\"robots\" content=\"index, follow, max-snippet:-1, max-image-preview:large, max-video-preview:-1\" \/>\n<link rel=\"canonical\" href=\"https:\/\/toysmaniacornermonaco.com\/produit\/bmw-motorsport-team-casquette-noire\/\" \/>\n<meta property=\"og:locale\" content=\"en_US\" \/>\n<meta property=\"og:type\" content=\"article\" \/>\n<meta property=\"og:title\" content=\"BMW Motorsport Team \u2013 Casquette Noire - TOY&#039;S MANIA\" \/>\n<meta property=\"og:description\" content=\"Description du produit Casquette officielle BMW Motorsport Team, au design sobre et sportif inspir\u00e9 de l\u2019univers de la comp\u00e9tition automobile. Con\u00e7ue pour un usage quotidien, elle est l\u00e9g\u00e8re, confortable et dot\u00e9e d\u2019un syst\u00e8me de r\u00e9glage \u00e0 l\u2019arri\u00e8re pour un ajustement optimal. Son coloris noir apporte une touche \u00e9l\u00e9gante tout en mettant en valeur l\u2019identit\u00e9 BMW... View Article\" \/>\n<meta property=\"og:url\" content=\"https:\/\/toysmaniacornermonaco.com\/produit\/bmw-motorsport-team-casquette-noire\/\" \/>\n<meta property=\"og:site_name\" content=\"TOY&#039;S MANIA\" \/>\n<meta property=\"article:modified_time\" content=\"2026-01-07T07:25:20+00:00\" \/>\n<meta property=\"og:image\" content=\"https:\/\/toysmaniacornermonaco.com\/wp-content\/uploads\/2025\/12\/motorsport-noir.jpg\" \/>\n\t<meta property=\"og:image:width\" content=\"231\" \/>\n\t<meta property=\"og:image:height\" content=\"218\" \/>\n\t<meta property=\"og:image:type\" content=\"image\/jpeg\" \/>\n<meta name=\"twitter:card\" content=\"summary_large_image\" \/>\n<meta name=\"twitter:label1\" content=\"Est. reading time\" \/>\n\t<meta name=\"twitter:data1\" content=\"1 minute\" \/>\n<script type=\"application\/ld+json\" class=\"yoast-schema-graph\">{\"@context\":\"https:\/\/schema.org\",\"@graph\":[{\"@type\":\"WebPage\",\"@id\":\"https:\/\/toysmaniacornermonaco.com\/produit\/bmw-motorsport-team-casquette-noire\/\",\"url\":\"https:\/\/toysmaniacornermonaco.com\/produit\/bmw-motorsport-team-casquette-noire\/\",\"name\":\"BMW Motorsport Team \u2013 Casquette Noire - TOY&#039;S MANIA\",\"isPartOf\":{\"@id\":\"https:\/\/toysmaniacornermonaco.com\/#website\"},\"primaryImageOfPage\":{\"@id\":\"https:\/\/toysmaniacornermonaco.com\/produit\/bmw-motorsport-team-casquette-noire\/#primaryimage\"},\"image\":{\"@id\":\"https:\/\/toysmaniacornermonaco.com\/produit\/bmw-motorsport-team-casquette-noire\/#primaryimage\"},\"thumbnailUrl\":\"https:\/\/toysmaniacornermonaco.com\/wp-content\/uploads\/2025\/12\/motorsport-noir.jpg\",\"datePublished\":\"2025-12-23T10:40:26+00:00\",\"dateModified\":\"2026-01-07T07:25:20+00:00\",\"breadcrumb\":{\"@id\":\"https:\/\/toysmaniacornermonaco.com\/produit\/bmw-motorsport-team-casquette-noire\/#breadcrumb\"},\"inLanguage\":\"en-US\",\"potentialAction\":[{\"@type\":\"ReadAction\",\"target\":[\"https:\/\/toysmaniacornermonaco.com\/produit\/bmw-motorsport-team-casquette-noire\/\"]}]},{\"@type\":\"ImageObject\",\"inLanguage\":\"en-US\",\"@id\":\"https:\/\/toysmaniacornermonaco.com\/produit\/bmw-motorsport-team-casquette-noire\/#primaryimage\",\"url\":\"https:\/\/toysmaniacornermonaco.com\/wp-content\/uploads\/2025\/12\/motorsport-noir.jpg\",\"contentUrl\":\"https:\/\/toysmaniacornermonaco.com\/wp-content\/uploads\/2025\/12\/motorsport-noir.jpg\",\"width\":231,\"height\":218},{\"@type\":\"BreadcrumbList\",\"@id\":\"https:\/\/toysmaniacornermonaco.com\/produit\/bmw-motorsport-team-casquette-noire\/#breadcrumb\",\"itemListElement\":[{\"@type\":\"ListItem\",\"position\":1,\"name\":\"Accueil\",\"item\":\"https:\/\/toysmaniacornermonaco.com\/en\/\"},{\"@type\":\"ListItem\",\"position\":2,\"name\":\"Shop\",\"item\":\"https:\/\/toysmaniacornermonaco.com\/en\/shop\/\"},{\"@type\":\"ListItem\",\"position\":3,\"name\":\"BMW Motorsport Team \u2013 Casquette Noire\"}]},{\"@type\":\"WebSite\",\"@id\":\"https:\/\/toysmaniacornermonaco.com\/#website\",\"url\":\"https:\/\/toysmaniacornermonaco.com\/\",\"name\":\"TOY&#039;S MANIA\",\"description\":\"VOTRE CONCEPT STORE \u00c0 MONACO\",\"potentialAction\":[{\"@type\":\"SearchAction\",\"target\":{\"@type\":\"EntryPoint\",\"urlTemplate\":\"https:\/\/toysmaniacornermonaco.com\/?s={search_term_string}\"},\"query-input\":\"required name=search_term_string\"}],\"inLanguage\":\"en-US\"}]}<\/script>\n<!-- \/ Yoast SEO plugin. -->","yoast_head_json":{"title":"BMW Motorsport Team \u2013 Casquette Noire - TOY&#039;S MANIA","robots":{"index":"index","follow":"follow","max-snippet":"max-snippet:-1","max-image-preview":"max-image-preview:large","max-video-preview":"max-video-preview:-1"},"canonical":"https:\/\/toysmaniacornermonaco.com\/produit\/bmw-motorsport-team-casquette-noire\/","og_locale":"en_US","og_type":"article","og_title":"BMW Motorsport Team \u2013 Casquette Noire - TOY&#039;S MANIA","og_description":"Description du produit Casquette officielle BMW Motorsport Team, au design sobre et sportif inspir\u00e9 de l\u2019univers de la comp\u00e9tition automobile. Con\u00e7ue pour un usage quotidien, elle est l\u00e9g\u00e8re, confortable et dot\u00e9e d\u2019un syst\u00e8me de r\u00e9glage \u00e0 l\u2019arri\u00e8re pour un ajustement optimal. Son coloris noir apporte une touche \u00e9l\u00e9gante tout en mettant en valeur l\u2019identit\u00e9 BMW... View Article","og_url":"https:\/\/toysmaniacornermonaco.com\/produit\/bmw-motorsport-team-casquette-noire\/","og_site_name":"TOY&#039;S MANIA","article_modified_time":"2026-01-07T07:25:20+00:00","og_image":[{"width":231,"height":218,"url":"https:\/\/toysmaniacornermonaco.com\/wp-content\/uploads\/2025\/12\/motorsport-noir.jpg","type":"image\/jpeg"}],"twitter_card":"summary_large_image","twitter_misc":{"Est. reading time":"1 minute"},"schema":{"@context":"https:\/\/schema.org","@graph":[{"@type":"WebPage","@id":"https:\/\/toysmaniacornermonaco.com\/produit\/bmw-motorsport-team-casquette-noire\/","url":"https:\/\/toysmaniacornermonaco.com\/produit\/bmw-motorsport-team-casquette-noire\/","name":"BMW Motorsport Team \u2013 Casquette Noire - TOY&#039;S MANIA","isPartOf":{"@id":"https:\/\/toysmaniacornermonaco.com\/#website"},"primaryImageOfPage":{"@id":"https:\/\/toysmaniacornermonaco.com\/produit\/bmw-motorsport-team-casquette-noire\/#primaryimage"},"image":{"@id":"https:\/\/toysmaniacornermonaco.com\/produit\/bmw-motorsport-team-casquette-noire\/#primaryimage"},"thumbnailUrl":"https:\/\/toysmaniacornermonaco.com\/wp-content\/uploads\/2025\/12\/motorsport-noir.jpg","datePublished":"2025-12-23T10:40:26+00:00","dateModified":"2026-01-07T07:25:20+00:00","breadcrumb":{"@id":"https:\/\/toysmaniacornermonaco.com\/produit\/bmw-motorsport-team-casquette-noire\/#breadcrumb"},"inLanguage":"en-US","potentialAction":[{"@type":"ReadAction","target":["https:\/\/toysmaniacornermonaco.com\/produit\/bmw-motorsport-team-casquette-noire\/"]}]},{"@type":"ImageObject","inLanguage":"en-US","@id":"https:\/\/toysmaniacornermonaco.com\/produit\/bmw-motorsport-team-casquette-noire\/#primaryimage","url":"https:\/\/toysmaniacornermonaco.com\/wp-content\/uploads\/2025\/12\/motorsport-noir.jpg","contentUrl":"https:\/\/toysmaniacornermonaco.com\/wp-content\/uploads\/2025\/12\/motorsport-noir.jpg","width":231,"height":218},{"@type":"BreadcrumbList","@id":"https:\/\/toysmaniacornermonaco.com\/produit\/bmw-motorsport-team-casquette-noire\/#breadcrumb","itemListElement":[{"@type":"ListItem","position":1,"name":"Accueil","item":"https:\/\/toysmaniacornermonaco.com\/en\/"},{"@type":"ListItem","position":2,"name":"Shop","item":"https:\/\/toysmaniacornermonaco.com\/en\/shop\/"},{"@type":"ListItem","position":3,"name":"BMW Motorsport Team \u2013 Casquette Noire"}]},{"@type":"WebSite","@id":"https:\/\/toysmaniacornermonaco.com\/#website","url":"https:\/\/toysmaniacornermonaco.com\/","name":"TOY&#039;S MANIA","description":"VOTRE CONCEPT STORE \u00c0 MONACO","potentialAction":[{"@type":"SearchAction","target":{"@type":"EntryPoint","urlTemplate":"https:\/\/toysmaniacornermonaco.com\/?s={search_term_string}"},"query-input":"required name=search_term_string"}],"inLanguage":"en-US"}]}},"_links":{"self":[{"href":"https:\/\/toysmaniacornermonaco.com\/en\/wp-json\/wp\/v2\/product\/6306","targetHints":{"allow":["GET"]}}],"collection":[{"href":"https:\/\/toysmaniacornermonaco.com\/en\/wp-json\/wp\/v2\/product"}],"about":[{"href":"https:\/\/toysmaniacornermonaco.com\/en\/wp-json\/wp\/v2\/types\/product"}],"replies":[{"embeddable":true,"href":"https:\/\/toysmaniacornermonaco.com\/en\/wp-json\/wp\/v2\/comments?post=6306"}],"wp:featuredmedia":[{"embeddable":true,"href":"https:\/\/toysmaniacornermonaco.com\/en\/wp-json\/wp\/v2\/media\/6309"}],"wp:attachment":[{"href":"https:\/\/toysmaniacornermonaco.com\/en\/wp-json\/wp\/v2\/media?parent=6306"}],"wp:term":[{"taxonomy":"product_cat","embeddable":true,"href":"https:\/\/toysmaniacornermonaco.com\/en\/wp-json\/wp\/v2\/product_cat?post=6306"},{"taxonomy":"product_tag","embeddable":true,"href":"https:\/\/toysmaniacornermonaco.com\/en\/wp-json\/wp\/v2\/product_tag?post=6306"}],"curies":[{"name":"wp","href":"https:\/\/api.w.org\/{rel}","templated":true}]}}