{"id":6311,"date":"2026-01-07T08:29:52","date_gmt":"2026-01-07T07:29:52","guid":{"rendered":"https:\/\/toysmaniacornermonaco.com\/?post_type=product&#038;p=6311"},"modified":"2026-01-07T08:45:59","modified_gmt":"2026-01-07T07:45:59","slug":"puma-mercedes-amg-petronas-motorsport-casquette-baseball-grise","status":"publish","type":"product","link":"https:\/\/toysmaniacornermonaco.com\/en\/produit\/puma-mercedes-amg-petronas-motorsport-casquette-baseball-grise\/","title":{"rendered":"PUMA Mercedes-AMG Petronas Motorsport \u2013 Casquette Baseball Grise"},"content":{"rendered":"<p class=\"isSelectedEnd\">Description du produit<br \/>\nCasquette officielle Mercedes-AMG Petronas Motorsport sign\u00e9e Puma, au style baseball moderne et \u00e9pur\u00e9. Con\u00e7ue pour un usage quotidien, elle offre une conception l\u00e9g\u00e8re et confortable, associ\u00e9e \u00e0 une fermeture r\u00e9glable pour un ajustement optimal. Son coloris gris \u00ab Mercedes Team Silver Gray \u00bb apporte une touche \u00e9l\u00e9gante tout en mettant en avant l\u2019identit\u00e9 de l\u2019\u00e9curie Mercedes.<\/p>\n<p>REF : 1411191059900<br \/>\nGEN CODE : 8719203171456<br \/>\nCouleur : Gris<br \/>\nMarque : Mercedes-AMG Petronas \/ Puma<\/p>\n","protected":false},"excerpt":{"rendered":"Description du produit Casquette officielle Mercedes-AMG Petronas Motorsport sign\u00e9e Puma, au style baseball moderne et \u00e9pur\u00e9. Con\u00e7ue pour un usage quotidien, elle offre une conception l\u00e9g\u00e8re et confortable, associ\u00e9e \u00e0 une fermeture r\u00e9glable pour un ajustement optimal. Son coloris gris \u00ab Mercedes Team Silver Gray \u00bb apporte une touche \u00e9l\u00e9gante tout en mettant en avant&#8230; <a class=\"view-article\" href=\"https:\/\/toysmaniacornermonaco.com\/en\/produit\/puma-mercedes-amg-petronas-motorsport-casquette-baseball-grise\/\">View Article<\/a>","protected":false},"featured_media":6312,"comment_status":"closed","ping_status":"closed","template":"","meta":{"_acf_changed":false},"product_cat":[711,390],"product_tag":[],"class_list":{"0":"post-6311","1":"product","2":"type-product","3":"status-publish","4":"has-post-thumbnail","6":"marque-amg","7":"marque-puma","8":"idee_cadeau-femmes","9":"idee_cadeau-formula-one-f1","10":"idee_cadeau-hommes","11":"product_cat-casquette","12":"product_cat-vetements-et-accessoires","13":"product_shipping_class-moyencolis","15":"first","16":"instock","17":"taxable","18":"shipping-taxable","19":"purchasable","20":"product-type-simple"},"acf":[],"yoast_head":"<!-- This site is optimized with the Yoast SEO plugin v22.3 - https:\/\/yoast.com\/wordpress\/plugins\/seo\/ -->\n<title>PUMA Mercedes-AMG Petronas Motorsport \u2013 Casquette Baseball Grise - TOY&#039;S MANIA<\/title>\n<meta name=\"robots\" content=\"index, follow, max-snippet:-1, max-image-preview:large, max-video-preview:-1\" \/>\n<link rel=\"canonical\" href=\"https:\/\/toysmaniacornermonaco.com\/produit\/puma-mercedes-amg-petronas-motorsport-casquette-baseball-grise\/\" \/>\n<meta property=\"og:locale\" content=\"en_US\" \/>\n<meta property=\"og:type\" content=\"article\" \/>\n<meta property=\"og:title\" content=\"PUMA Mercedes-AMG Petronas Motorsport \u2013 Casquette Baseball Grise - TOY&#039;S MANIA\" \/>\n<meta property=\"og:description\" content=\"Description du produit Casquette officielle Mercedes-AMG Petronas Motorsport sign\u00e9e Puma, au style baseball moderne et \u00e9pur\u00e9. Con\u00e7ue pour un usage quotidien, elle offre une conception l\u00e9g\u00e8re et confortable, associ\u00e9e \u00e0 une fermeture r\u00e9glable pour un ajustement optimal. Son coloris gris \u00ab Mercedes Team Silver Gray \u00bb apporte une touche \u00e9l\u00e9gante tout en mettant en avant... View Article\" \/>\n<meta property=\"og:url\" content=\"https:\/\/toysmaniacornermonaco.com\/produit\/puma-mercedes-amg-petronas-motorsport-casquette-baseball-grise\/\" \/>\n<meta property=\"og:site_name\" content=\"TOY&#039;S MANIA\" \/>\n<meta property=\"article:modified_time\" content=\"2026-01-07T07:45:59+00:00\" \/>\n<meta property=\"og:image\" content=\"https:\/\/toysmaniacornermonaco.com\/wp-content\/uploads\/2026\/01\/PETRONAS-GRIS.jpg\" \/>\n\t<meta property=\"og:image:width\" content=\"385\" \/>\n\t<meta property=\"og:image:height\" content=\"291\" \/>\n\t<meta property=\"og:image:type\" content=\"image\/jpeg\" \/>\n<meta name=\"twitter:card\" content=\"summary_large_image\" \/>\n<meta name=\"twitter:label1\" content=\"Est. reading time\" \/>\n\t<meta name=\"twitter:data1\" content=\"1 minute\" \/>\n<script type=\"application\/ld+json\" class=\"yoast-schema-graph\">{\"@context\":\"https:\/\/schema.org\",\"@graph\":[{\"@type\":\"WebPage\",\"@id\":\"https:\/\/toysmaniacornermonaco.com\/produit\/puma-mercedes-amg-petronas-motorsport-casquette-baseball-grise\/\",\"url\":\"https:\/\/toysmaniacornermonaco.com\/produit\/puma-mercedes-amg-petronas-motorsport-casquette-baseball-grise\/\",\"name\":\"PUMA Mercedes-AMG Petronas Motorsport \u2013 Casquette Baseball Grise - TOY&#039;S MANIA\",\"isPartOf\":{\"@id\":\"https:\/\/toysmaniacornermonaco.com\/#website\"},\"primaryImageOfPage\":{\"@id\":\"https:\/\/toysmaniacornermonaco.com\/produit\/puma-mercedes-amg-petronas-motorsport-casquette-baseball-grise\/#primaryimage\"},\"image\":{\"@id\":\"https:\/\/toysmaniacornermonaco.com\/produit\/puma-mercedes-amg-petronas-motorsport-casquette-baseball-grise\/#primaryimage\"},\"thumbnailUrl\":\"https:\/\/toysmaniacornermonaco.com\/wp-content\/uploads\/2026\/01\/PETRONAS-GRIS.jpg\",\"datePublished\":\"2026-01-07T07:29:52+00:00\",\"dateModified\":\"2026-01-07T07:45:59+00:00\",\"breadcrumb\":{\"@id\":\"https:\/\/toysmaniacornermonaco.com\/produit\/puma-mercedes-amg-petronas-motorsport-casquette-baseball-grise\/#breadcrumb\"},\"inLanguage\":\"en-US\",\"potentialAction\":[{\"@type\":\"ReadAction\",\"target\":[\"https:\/\/toysmaniacornermonaco.com\/produit\/puma-mercedes-amg-petronas-motorsport-casquette-baseball-grise\/\"]}]},{\"@type\":\"ImageObject\",\"inLanguage\":\"en-US\",\"@id\":\"https:\/\/toysmaniacornermonaco.com\/produit\/puma-mercedes-amg-petronas-motorsport-casquette-baseball-grise\/#primaryimage\",\"url\":\"https:\/\/toysmaniacornermonaco.com\/wp-content\/uploads\/2026\/01\/PETRONAS-GRIS.jpg\",\"contentUrl\":\"https:\/\/toysmaniacornermonaco.com\/wp-content\/uploads\/2026\/01\/PETRONAS-GRIS.jpg\",\"width\":385,\"height\":291},{\"@type\":\"BreadcrumbList\",\"@id\":\"https:\/\/toysmaniacornermonaco.com\/produit\/puma-mercedes-amg-petronas-motorsport-casquette-baseball-grise\/#breadcrumb\",\"itemListElement\":[{\"@type\":\"ListItem\",\"position\":1,\"name\":\"Accueil\",\"item\":\"https:\/\/toysmaniacornermonaco.com\/en\/\"},{\"@type\":\"ListItem\",\"position\":2,\"name\":\"Shop\",\"item\":\"https:\/\/toysmaniacornermonaco.com\/en\/shop\/\"},{\"@type\":\"ListItem\",\"position\":3,\"name\":\"PUMA Mercedes-AMG Petronas Motorsport \u2013 Casquette Baseball Grise\"}]},{\"@type\":\"WebSite\",\"@id\":\"https:\/\/toysmaniacornermonaco.com\/#website\",\"url\":\"https:\/\/toysmaniacornermonaco.com\/\",\"name\":\"TOY&#039;S MANIA\",\"description\":\"VOTRE CONCEPT STORE \u00c0 MONACO\",\"potentialAction\":[{\"@type\":\"SearchAction\",\"target\":{\"@type\":\"EntryPoint\",\"urlTemplate\":\"https:\/\/toysmaniacornermonaco.com\/?s={search_term_string}\"},\"query-input\":\"required name=search_term_string\"}],\"inLanguage\":\"en-US\"}]}<\/script>\n<!-- \/ Yoast SEO plugin. -->","yoast_head_json":{"title":"PUMA Mercedes-AMG Petronas Motorsport \u2013 Casquette Baseball Grise - TOY&#039;S MANIA","robots":{"index":"index","follow":"follow","max-snippet":"max-snippet:-1","max-image-preview":"max-image-preview:large","max-video-preview":"max-video-preview:-1"},"canonical":"https:\/\/toysmaniacornermonaco.com\/produit\/puma-mercedes-amg-petronas-motorsport-casquette-baseball-grise\/","og_locale":"en_US","og_type":"article","og_title":"PUMA Mercedes-AMG Petronas Motorsport \u2013 Casquette Baseball Grise - TOY&#039;S MANIA","og_description":"Description du produit Casquette officielle Mercedes-AMG Petronas Motorsport sign\u00e9e Puma, au style baseball moderne et \u00e9pur\u00e9. Con\u00e7ue pour un usage quotidien, elle offre une conception l\u00e9g\u00e8re et confortable, associ\u00e9e \u00e0 une fermeture r\u00e9glable pour un ajustement optimal. Son coloris gris \u00ab Mercedes Team Silver Gray \u00bb apporte une touche \u00e9l\u00e9gante tout en mettant en avant... View Article","og_url":"https:\/\/toysmaniacornermonaco.com\/produit\/puma-mercedes-amg-petronas-motorsport-casquette-baseball-grise\/","og_site_name":"TOY&#039;S MANIA","article_modified_time":"2026-01-07T07:45:59+00:00","og_image":[{"width":385,"height":291,"url":"https:\/\/toysmaniacornermonaco.com\/wp-content\/uploads\/2026\/01\/PETRONAS-GRIS.jpg","type":"image\/jpeg"}],"twitter_card":"summary_large_image","twitter_misc":{"Est. reading time":"1 minute"},"schema":{"@context":"https:\/\/schema.org","@graph":[{"@type":"WebPage","@id":"https:\/\/toysmaniacornermonaco.com\/produit\/puma-mercedes-amg-petronas-motorsport-casquette-baseball-grise\/","url":"https:\/\/toysmaniacornermonaco.com\/produit\/puma-mercedes-amg-petronas-motorsport-casquette-baseball-grise\/","name":"PUMA Mercedes-AMG Petronas Motorsport \u2013 Casquette Baseball Grise - TOY&#039;S MANIA","isPartOf":{"@id":"https:\/\/toysmaniacornermonaco.com\/#website"},"primaryImageOfPage":{"@id":"https:\/\/toysmaniacornermonaco.com\/produit\/puma-mercedes-amg-petronas-motorsport-casquette-baseball-grise\/#primaryimage"},"image":{"@id":"https:\/\/toysmaniacornermonaco.com\/produit\/puma-mercedes-amg-petronas-motorsport-casquette-baseball-grise\/#primaryimage"},"thumbnailUrl":"https:\/\/toysmaniacornermonaco.com\/wp-content\/uploads\/2026\/01\/PETRONAS-GRIS.jpg","datePublished":"2026-01-07T07:29:52+00:00","dateModified":"2026-01-07T07:45:59+00:00","breadcrumb":{"@id":"https:\/\/toysmaniacornermonaco.com\/produit\/puma-mercedes-amg-petronas-motorsport-casquette-baseball-grise\/#breadcrumb"},"inLanguage":"en-US","potentialAction":[{"@type":"ReadAction","target":["https:\/\/toysmaniacornermonaco.com\/produit\/puma-mercedes-amg-petronas-motorsport-casquette-baseball-grise\/"]}]},{"@type":"ImageObject","inLanguage":"en-US","@id":"https:\/\/toysmaniacornermonaco.com\/produit\/puma-mercedes-amg-petronas-motorsport-casquette-baseball-grise\/#primaryimage","url":"https:\/\/toysmaniacornermonaco.com\/wp-content\/uploads\/2026\/01\/PETRONAS-GRIS.jpg","contentUrl":"https:\/\/toysmaniacornermonaco.com\/wp-content\/uploads\/2026\/01\/PETRONAS-GRIS.jpg","width":385,"height":291},{"@type":"BreadcrumbList","@id":"https:\/\/toysmaniacornermonaco.com\/produit\/puma-mercedes-amg-petronas-motorsport-casquette-baseball-grise\/#breadcrumb","itemListElement":[{"@type":"ListItem","position":1,"name":"Accueil","item":"https:\/\/toysmaniacornermonaco.com\/en\/"},{"@type":"ListItem","position":2,"name":"Shop","item":"https:\/\/toysmaniacornermonaco.com\/en\/shop\/"},{"@type":"ListItem","position":3,"name":"PUMA Mercedes-AMG Petronas Motorsport \u2013 Casquette Baseball Grise"}]},{"@type":"WebSite","@id":"https:\/\/toysmaniacornermonaco.com\/#website","url":"https:\/\/toysmaniacornermonaco.com\/","name":"TOY&#039;S MANIA","description":"VOTRE CONCEPT STORE \u00c0 MONACO","potentialAction":[{"@type":"SearchAction","target":{"@type":"EntryPoint","urlTemplate":"https:\/\/toysmaniacornermonaco.com\/?s={search_term_string}"},"query-input":"required name=search_term_string"}],"inLanguage":"en-US"}]}},"_links":{"self":[{"href":"https:\/\/toysmaniacornermonaco.com\/en\/wp-json\/wp\/v2\/product\/6311","targetHints":{"allow":["GET"]}}],"collection":[{"href":"https:\/\/toysmaniacornermonaco.com\/en\/wp-json\/wp\/v2\/product"}],"about":[{"href":"https:\/\/toysmaniacornermonaco.com\/en\/wp-json\/wp\/v2\/types\/product"}],"replies":[{"embeddable":true,"href":"https:\/\/toysmaniacornermonaco.com\/en\/wp-json\/wp\/v2\/comments?post=6311"}],"wp:featuredmedia":[{"embeddable":true,"href":"https:\/\/toysmaniacornermonaco.com\/en\/wp-json\/wp\/v2\/media\/6312"}],"wp:attachment":[{"href":"https:\/\/toysmaniacornermonaco.com\/en\/wp-json\/wp\/v2\/media?parent=6311"}],"wp:term":[{"taxonomy":"product_cat","embeddable":true,"href":"https:\/\/toysmaniacornermonaco.com\/en\/wp-json\/wp\/v2\/product_cat?post=6311"},{"taxonomy":"product_tag","embeddable":true,"href":"https:\/\/toysmaniacornermonaco.com\/en\/wp-json\/wp\/v2\/product_tag?post=6311"}],"curies":[{"name":"wp","href":"https:\/\/api.w.org\/{rel}","templated":true}]}}