{"id":6316,"date":"2026-01-07T09:37:56","date_gmt":"2026-01-07T08:37:56","guid":{"rendered":"https:\/\/toysmaniacornermonaco.com\/?post_type=product&#038;p=6316"},"modified":"2026-01-07T09:47:33","modified_gmt":"2026-01-07T08:47:33","slug":"puma-mercedes-amg-petronas-f1-casquette-baseball-noire","status":"publish","type":"product","link":"https:\/\/toysmaniacornermonaco.com\/en\/produit\/puma-mercedes-amg-petronas-f1-casquette-baseball-noire\/","title":{"rendered":"PUMA Mercedes-AMG Petronas F1 \u2013 Casquette Baseball Noire"},"content":{"rendered":"<p class=\"isSelectedEnd\">Description du produit<br \/>\nCasquette de baseball officielle Mercedes-AMG Petronas F1 , con\u00e7ue par Puma. Sobre et sportive, elle est id\u00e9ale pour un usage quotidien gr\u00e2ce \u00e0 sa conception l\u00e9g\u00e8re et confortable. Dot\u00e9e d\u2019un syst\u00e8me de r\u00e9glage \u00e0 l\u2019arri\u00e8re, elle assure un ajustement optimal tout en mettant en valeur l\u2019identit\u00e9 embl\u00e9matique de l\u2019\u00e9curie Mercedes F1.<\/p>\n<p>REF : 02535501<br \/>\nGEN CODE : 4099685697090<br \/>\nCouleur : Noir<br \/>\nMarque : Mercedes-AMG Petronas \/ Puma<\/p>\n","protected":false},"excerpt":{"rendered":"Description du produit Casquette de baseball officielle Mercedes-AMG Petronas F1 , con\u00e7ue par Puma. Sobre et sportive, elle est id\u00e9ale pour un usage quotidien gr\u00e2ce \u00e0 sa conception l\u00e9g\u00e8re et confortable. Dot\u00e9e d\u2019un syst\u00e8me de r\u00e9glage \u00e0 l\u2019arri\u00e8re, elle assure un ajustement optimal tout en mettant en valeur l\u2019identit\u00e9 embl\u00e9matique de l\u2019\u00e9curie Mercedes F1. REF&#8230; <a class=\"view-article\" href=\"https:\/\/toysmaniacornermonaco.com\/en\/produit\/puma-mercedes-amg-petronas-f1-casquette-baseball-noire\/\">View Article<\/a>","protected":false},"featured_media":6321,"comment_status":"closed","ping_status":"closed","template":"","meta":{"_acf_changed":false},"product_cat":[711,390],"product_tag":[],"class_list":{"0":"post-6316","1":"product","2":"type-product","3":"status-publish","4":"has-post-thumbnail","6":"marque-amg","7":"marque-puma","8":"idee_cadeau-formula-one-f1","9":"idee_cadeau-hommes","10":"product_cat-casquette","11":"product_cat-vetements-et-accessoires","12":"product_shipping_class-moyencolis","14":"first","15":"instock","16":"taxable","17":"shipping-taxable","18":"purchasable","19":"product-type-simple"},"acf":[],"yoast_head":"<!-- This site is optimized with the Yoast SEO plugin v22.3 - https:\/\/yoast.com\/wordpress\/plugins\/seo\/ -->\n<title>PUMA Mercedes-AMG Petronas F1 \u2013 Casquette Baseball Noire - TOY&#039;S MANIA<\/title>\n<meta name=\"robots\" content=\"index, follow, max-snippet:-1, max-image-preview:large, max-video-preview:-1\" \/>\n<link rel=\"canonical\" href=\"https:\/\/toysmaniacornermonaco.com\/produit\/puma-mercedes-amg-petronas-f1-casquette-baseball-noire\/\" \/>\n<meta property=\"og:locale\" content=\"en_US\" \/>\n<meta property=\"og:type\" content=\"article\" \/>\n<meta property=\"og:title\" content=\"PUMA Mercedes-AMG Petronas F1 \u2013 Casquette Baseball Noire - TOY&#039;S MANIA\" \/>\n<meta property=\"og:description\" content=\"Description du produit Casquette de baseball officielle Mercedes-AMG Petronas F1 , con\u00e7ue par Puma. Sobre et sportive, elle est id\u00e9ale pour un usage quotidien gr\u00e2ce \u00e0 sa conception l\u00e9g\u00e8re et confortable. Dot\u00e9e d\u2019un syst\u00e8me de r\u00e9glage \u00e0 l\u2019arri\u00e8re, elle assure un ajustement optimal tout en mettant en valeur l\u2019identit\u00e9 embl\u00e9matique de l\u2019\u00e9curie Mercedes F1. REF... View Article\" \/>\n<meta property=\"og:url\" content=\"https:\/\/toysmaniacornermonaco.com\/produit\/puma-mercedes-amg-petronas-f1-casquette-baseball-noire\/\" \/>\n<meta property=\"og:site_name\" content=\"TOY&#039;S MANIA\" \/>\n<meta property=\"article:modified_time\" content=\"2026-01-07T08:47:33+00:00\" \/>\n<meta property=\"og:image\" content=\"https:\/\/toysmaniacornermonaco.com\/wp-content\/uploads\/2026\/01\/41UM7MgM-ML._AC_SX385_.jpg\" \/>\n\t<meta property=\"og:image:width\" content=\"385\" \/>\n\t<meta property=\"og:image:height\" content=\"280\" \/>\n\t<meta property=\"og:image:type\" content=\"image\/jpeg\" \/>\n<meta name=\"twitter:card\" content=\"summary_large_image\" \/>\n<meta name=\"twitter:label1\" content=\"Est. reading time\" \/>\n\t<meta name=\"twitter:data1\" content=\"1 minute\" \/>\n<script type=\"application\/ld+json\" class=\"yoast-schema-graph\">{\"@context\":\"https:\/\/schema.org\",\"@graph\":[{\"@type\":\"WebPage\",\"@id\":\"https:\/\/toysmaniacornermonaco.com\/produit\/puma-mercedes-amg-petronas-f1-casquette-baseball-noire\/\",\"url\":\"https:\/\/toysmaniacornermonaco.com\/produit\/puma-mercedes-amg-petronas-f1-casquette-baseball-noire\/\",\"name\":\"PUMA Mercedes-AMG Petronas F1 \u2013 Casquette Baseball Noire - TOY&#039;S MANIA\",\"isPartOf\":{\"@id\":\"https:\/\/toysmaniacornermonaco.com\/#website\"},\"primaryImageOfPage\":{\"@id\":\"https:\/\/toysmaniacornermonaco.com\/produit\/puma-mercedes-amg-petronas-f1-casquette-baseball-noire\/#primaryimage\"},\"image\":{\"@id\":\"https:\/\/toysmaniacornermonaco.com\/produit\/puma-mercedes-amg-petronas-f1-casquette-baseball-noire\/#primaryimage\"},\"thumbnailUrl\":\"https:\/\/toysmaniacornermonaco.com\/wp-content\/uploads\/2026\/01\/41UM7MgM-ML._AC_SX385_.jpg\",\"datePublished\":\"2026-01-07T08:37:56+00:00\",\"dateModified\":\"2026-01-07T08:47:33+00:00\",\"breadcrumb\":{\"@id\":\"https:\/\/toysmaniacornermonaco.com\/produit\/puma-mercedes-amg-petronas-f1-casquette-baseball-noire\/#breadcrumb\"},\"inLanguage\":\"en-US\",\"potentialAction\":[{\"@type\":\"ReadAction\",\"target\":[\"https:\/\/toysmaniacornermonaco.com\/produit\/puma-mercedes-amg-petronas-f1-casquette-baseball-noire\/\"]}]},{\"@type\":\"ImageObject\",\"inLanguage\":\"en-US\",\"@id\":\"https:\/\/toysmaniacornermonaco.com\/produit\/puma-mercedes-amg-petronas-f1-casquette-baseball-noire\/#primaryimage\",\"url\":\"https:\/\/toysmaniacornermonaco.com\/wp-content\/uploads\/2026\/01\/41UM7MgM-ML._AC_SX385_.jpg\",\"contentUrl\":\"https:\/\/toysmaniacornermonaco.com\/wp-content\/uploads\/2026\/01\/41UM7MgM-ML._AC_SX385_.jpg\",\"width\":385,\"height\":280},{\"@type\":\"BreadcrumbList\",\"@id\":\"https:\/\/toysmaniacornermonaco.com\/produit\/puma-mercedes-amg-petronas-f1-casquette-baseball-noire\/#breadcrumb\",\"itemListElement\":[{\"@type\":\"ListItem\",\"position\":1,\"name\":\"Accueil\",\"item\":\"https:\/\/toysmaniacornermonaco.com\/en\/\"},{\"@type\":\"ListItem\",\"position\":2,\"name\":\"Shop\",\"item\":\"https:\/\/toysmaniacornermonaco.com\/en\/shop\/\"},{\"@type\":\"ListItem\",\"position\":3,\"name\":\"PUMA Mercedes-AMG Petronas F1 \u2013 Casquette Baseball Noire\"}]},{\"@type\":\"WebSite\",\"@id\":\"https:\/\/toysmaniacornermonaco.com\/#website\",\"url\":\"https:\/\/toysmaniacornermonaco.com\/\",\"name\":\"TOY&#039;S MANIA\",\"description\":\"VOTRE CONCEPT STORE \u00c0 MONACO\",\"potentialAction\":[{\"@type\":\"SearchAction\",\"target\":{\"@type\":\"EntryPoint\",\"urlTemplate\":\"https:\/\/toysmaniacornermonaco.com\/?s={search_term_string}\"},\"query-input\":\"required name=search_term_string\"}],\"inLanguage\":\"en-US\"}]}<\/script>\n<!-- \/ Yoast SEO plugin. -->","yoast_head_json":{"title":"PUMA Mercedes-AMG Petronas F1 \u2013 Casquette Baseball Noire - TOY&#039;S MANIA","robots":{"index":"index","follow":"follow","max-snippet":"max-snippet:-1","max-image-preview":"max-image-preview:large","max-video-preview":"max-video-preview:-1"},"canonical":"https:\/\/toysmaniacornermonaco.com\/produit\/puma-mercedes-amg-petronas-f1-casquette-baseball-noire\/","og_locale":"en_US","og_type":"article","og_title":"PUMA Mercedes-AMG Petronas F1 \u2013 Casquette Baseball Noire - TOY&#039;S MANIA","og_description":"Description du produit Casquette de baseball officielle Mercedes-AMG Petronas F1 , con\u00e7ue par Puma. Sobre et sportive, elle est id\u00e9ale pour un usage quotidien gr\u00e2ce \u00e0 sa conception l\u00e9g\u00e8re et confortable. Dot\u00e9e d\u2019un syst\u00e8me de r\u00e9glage \u00e0 l\u2019arri\u00e8re, elle assure un ajustement optimal tout en mettant en valeur l\u2019identit\u00e9 embl\u00e9matique de l\u2019\u00e9curie Mercedes F1. REF... View Article","og_url":"https:\/\/toysmaniacornermonaco.com\/produit\/puma-mercedes-amg-petronas-f1-casquette-baseball-noire\/","og_site_name":"TOY&#039;S MANIA","article_modified_time":"2026-01-07T08:47:33+00:00","og_image":[{"width":385,"height":280,"url":"https:\/\/toysmaniacornermonaco.com\/wp-content\/uploads\/2026\/01\/41UM7MgM-ML._AC_SX385_.jpg","type":"image\/jpeg"}],"twitter_card":"summary_large_image","twitter_misc":{"Est. reading time":"1 minute"},"schema":{"@context":"https:\/\/schema.org","@graph":[{"@type":"WebPage","@id":"https:\/\/toysmaniacornermonaco.com\/produit\/puma-mercedes-amg-petronas-f1-casquette-baseball-noire\/","url":"https:\/\/toysmaniacornermonaco.com\/produit\/puma-mercedes-amg-petronas-f1-casquette-baseball-noire\/","name":"PUMA Mercedes-AMG Petronas F1 \u2013 Casquette Baseball Noire - TOY&#039;S MANIA","isPartOf":{"@id":"https:\/\/toysmaniacornermonaco.com\/#website"},"primaryImageOfPage":{"@id":"https:\/\/toysmaniacornermonaco.com\/produit\/puma-mercedes-amg-petronas-f1-casquette-baseball-noire\/#primaryimage"},"image":{"@id":"https:\/\/toysmaniacornermonaco.com\/produit\/puma-mercedes-amg-petronas-f1-casquette-baseball-noire\/#primaryimage"},"thumbnailUrl":"https:\/\/toysmaniacornermonaco.com\/wp-content\/uploads\/2026\/01\/41UM7MgM-ML._AC_SX385_.jpg","datePublished":"2026-01-07T08:37:56+00:00","dateModified":"2026-01-07T08:47:33+00:00","breadcrumb":{"@id":"https:\/\/toysmaniacornermonaco.com\/produit\/puma-mercedes-amg-petronas-f1-casquette-baseball-noire\/#breadcrumb"},"inLanguage":"en-US","potentialAction":[{"@type":"ReadAction","target":["https:\/\/toysmaniacornermonaco.com\/produit\/puma-mercedes-amg-petronas-f1-casquette-baseball-noire\/"]}]},{"@type":"ImageObject","inLanguage":"en-US","@id":"https:\/\/toysmaniacornermonaco.com\/produit\/puma-mercedes-amg-petronas-f1-casquette-baseball-noire\/#primaryimage","url":"https:\/\/toysmaniacornermonaco.com\/wp-content\/uploads\/2026\/01\/41UM7MgM-ML._AC_SX385_.jpg","contentUrl":"https:\/\/toysmaniacornermonaco.com\/wp-content\/uploads\/2026\/01\/41UM7MgM-ML._AC_SX385_.jpg","width":385,"height":280},{"@type":"BreadcrumbList","@id":"https:\/\/toysmaniacornermonaco.com\/produit\/puma-mercedes-amg-petronas-f1-casquette-baseball-noire\/#breadcrumb","itemListElement":[{"@type":"ListItem","position":1,"name":"Accueil","item":"https:\/\/toysmaniacornermonaco.com\/en\/"},{"@type":"ListItem","position":2,"name":"Shop","item":"https:\/\/toysmaniacornermonaco.com\/en\/shop\/"},{"@type":"ListItem","position":3,"name":"PUMA Mercedes-AMG Petronas F1 \u2013 Casquette Baseball Noire"}]},{"@type":"WebSite","@id":"https:\/\/toysmaniacornermonaco.com\/#website","url":"https:\/\/toysmaniacornermonaco.com\/","name":"TOY&#039;S MANIA","description":"VOTRE CONCEPT STORE \u00c0 MONACO","potentialAction":[{"@type":"SearchAction","target":{"@type":"EntryPoint","urlTemplate":"https:\/\/toysmaniacornermonaco.com\/?s={search_term_string}"},"query-input":"required name=search_term_string"}],"inLanguage":"en-US"}]}},"_links":{"self":[{"href":"https:\/\/toysmaniacornermonaco.com\/en\/wp-json\/wp\/v2\/product\/6316","targetHints":{"allow":["GET"]}}],"collection":[{"href":"https:\/\/toysmaniacornermonaco.com\/en\/wp-json\/wp\/v2\/product"}],"about":[{"href":"https:\/\/toysmaniacornermonaco.com\/en\/wp-json\/wp\/v2\/types\/product"}],"replies":[{"embeddable":true,"href":"https:\/\/toysmaniacornermonaco.com\/en\/wp-json\/wp\/v2\/comments?post=6316"}],"wp:featuredmedia":[{"embeddable":true,"href":"https:\/\/toysmaniacornermonaco.com\/en\/wp-json\/wp\/v2\/media\/6321"}],"wp:attachment":[{"href":"https:\/\/toysmaniacornermonaco.com\/en\/wp-json\/wp\/v2\/media?parent=6316"}],"wp:term":[{"taxonomy":"product_cat","embeddable":true,"href":"https:\/\/toysmaniacornermonaco.com\/en\/wp-json\/wp\/v2\/product_cat?post=6316"},{"taxonomy":"product_tag","embeddable":true,"href":"https:\/\/toysmaniacornermonaco.com\/en\/wp-json\/wp\/v2\/product_tag?post=6316"}],"curies":[{"name":"wp","href":"https:\/\/api.w.org\/{rel}","templated":true}]}}