{"id":6323,"date":"2026-01-08T08:26:31","date_gmt":"2026-01-08T07:26:31","guid":{"rendered":"https:\/\/toysmaniacornermonaco.com\/?post_type=product&#038;p=6323"},"modified":"2026-01-08T08:35:05","modified_gmt":"2026-01-08T07:35:05","slug":"new-era-mclaren-f1-9seventy-casquette-norris-orange-grise","status":"publish","type":"product","link":"https:\/\/toysmaniacornermonaco.com\/en\/produit\/new-era-mclaren-f1-9seventy-casquette-norris-orange-grise\/","title":{"rendered":"New Era McLaren F1 9SEVENTY \u2013 Casquette Norris Orange &#038; Grise"},"content":{"rendered":"<p class=\"isSelectedEnd\">Description du produit<br \/>\nCasquette officielle McLaren F1 \u00ab Driver Edition \u00bb d\u00e9di\u00e9e \u00e0 Lando Norris, con\u00e7ue par New Era au format 9SEVENTY trucker. elle associe une face avant structur\u00e9e \u00e0 un panneau arri\u00e8re en maille respirante pour un confort optimal. Son design orange et gris dynamique refl\u00e8te parfaitement l\u2019univers racing de McLaren et du pilote.<\/p>\n<p>REF : 60669282<br \/>\nGEN CODE : 0198757172870<br \/>\nCouleur : Orange \/ Gris<br \/>\nMarque : McLaren F1 \/ New Era<\/p>\n","protected":false},"excerpt":{"rendered":"Description du produit Casquette officielle McLaren F1 \u00ab Driver Edition \u00bb d\u00e9di\u00e9e \u00e0 Lando Norris, con\u00e7ue par New Era au format 9SEVENTY trucker. elle associe une face avant structur\u00e9e \u00e0 un panneau arri\u00e8re en maille respirante pour un confort optimal. Son design orange et gris dynamique refl\u00e8te parfaitement l\u2019univers racing de McLaren et du pilote&#8230;. <a class=\"view-article\" href=\"https:\/\/toysmaniacornermonaco.com\/en\/produit\/new-era-mclaren-f1-9seventy-casquette-norris-orange-grise\/\">View Article<\/a>","protected":false},"featured_media":6326,"comment_status":"closed","ping_status":"closed","template":"","meta":{"_acf_changed":false},"product_cat":[711,390],"product_tag":[],"class_list":{"0":"post-6323","1":"product","2":"type-product","3":"status-publish","4":"has-post-thumbnail","6":"marque-new-era","7":"idee_cadeau-femmes","8":"idee_cadeau-formula-one-f1","9":"idee_cadeau-hommes","10":"product_cat-casquette","11":"product_cat-vetements-et-accessoires","12":"product_shipping_class-moyencolis","14":"first","15":"instock","16":"taxable","17":"shipping-taxable","18":"purchasable","19":"product-type-simple"},"acf":[],"yoast_head":"<!-- This site is optimized with the Yoast SEO plugin v22.3 - https:\/\/yoast.com\/wordpress\/plugins\/seo\/ -->\n<title>New Era McLaren F1 9SEVENTY \u2013 Casquette Norris Orange &amp; Grise - TOY&#039;S MANIA<\/title>\n<meta name=\"robots\" content=\"index, follow, max-snippet:-1, max-image-preview:large, max-video-preview:-1\" \/>\n<link rel=\"canonical\" href=\"https:\/\/toysmaniacornermonaco.com\/produit\/new-era-mclaren-f1-9seventy-casquette-norris-orange-grise\/\" \/>\n<meta property=\"og:locale\" content=\"en_US\" \/>\n<meta property=\"og:type\" content=\"article\" \/>\n<meta property=\"og:title\" content=\"New Era McLaren F1 9SEVENTY \u2013 Casquette Norris Orange &amp; Grise - TOY&#039;S MANIA\" \/>\n<meta property=\"og:description\" content=\"Description du produit Casquette officielle McLaren F1 \u00ab Driver Edition \u00bb d\u00e9di\u00e9e \u00e0 Lando Norris, con\u00e7ue par New Era au format 9SEVENTY trucker. elle associe une face avant structur\u00e9e \u00e0 un panneau arri\u00e8re en maille respirante pour un confort optimal. Son design orange et gris dynamique refl\u00e8te parfaitement l\u2019univers racing de McLaren et du pilote.... View Article\" \/>\n<meta property=\"og:url\" content=\"https:\/\/toysmaniacornermonaco.com\/produit\/new-era-mclaren-f1-9seventy-casquette-norris-orange-grise\/\" \/>\n<meta property=\"og:site_name\" content=\"TOY&#039;S MANIA\" \/>\n<meta property=\"article:modified_time\" content=\"2026-01-08T07:35:05+00:00\" \/>\n<meta property=\"og:image\" content=\"https:\/\/toysmaniacornermonaco.com\/wp-content\/uploads\/2026\/01\/maclaren1.jpg\" \/>\n\t<meta property=\"og:image:width\" content=\"385\" \/>\n\t<meta property=\"og:image:height\" content=\"360\" \/>\n\t<meta property=\"og:image:type\" content=\"image\/jpeg\" \/>\n<meta name=\"twitter:card\" content=\"summary_large_image\" \/>\n<meta name=\"twitter:label1\" content=\"Est. reading time\" \/>\n\t<meta name=\"twitter:data1\" content=\"1 minute\" \/>\n<script type=\"application\/ld+json\" class=\"yoast-schema-graph\">{\"@context\":\"https:\/\/schema.org\",\"@graph\":[{\"@type\":\"WebPage\",\"@id\":\"https:\/\/toysmaniacornermonaco.com\/produit\/new-era-mclaren-f1-9seventy-casquette-norris-orange-grise\/\",\"url\":\"https:\/\/toysmaniacornermonaco.com\/produit\/new-era-mclaren-f1-9seventy-casquette-norris-orange-grise\/\",\"name\":\"New Era McLaren F1 9SEVENTY \u2013 Casquette Norris Orange & Grise - TOY&#039;S MANIA\",\"isPartOf\":{\"@id\":\"https:\/\/toysmaniacornermonaco.com\/#website\"},\"primaryImageOfPage\":{\"@id\":\"https:\/\/toysmaniacornermonaco.com\/produit\/new-era-mclaren-f1-9seventy-casquette-norris-orange-grise\/#primaryimage\"},\"image\":{\"@id\":\"https:\/\/toysmaniacornermonaco.com\/produit\/new-era-mclaren-f1-9seventy-casquette-norris-orange-grise\/#primaryimage\"},\"thumbnailUrl\":\"https:\/\/toysmaniacornermonaco.com\/wp-content\/uploads\/2026\/01\/maclaren1.jpg\",\"datePublished\":\"2026-01-08T07:26:31+00:00\",\"dateModified\":\"2026-01-08T07:35:05+00:00\",\"breadcrumb\":{\"@id\":\"https:\/\/toysmaniacornermonaco.com\/produit\/new-era-mclaren-f1-9seventy-casquette-norris-orange-grise\/#breadcrumb\"},\"inLanguage\":\"en-US\",\"potentialAction\":[{\"@type\":\"ReadAction\",\"target\":[\"https:\/\/toysmaniacornermonaco.com\/produit\/new-era-mclaren-f1-9seventy-casquette-norris-orange-grise\/\"]}]},{\"@type\":\"ImageObject\",\"inLanguage\":\"en-US\",\"@id\":\"https:\/\/toysmaniacornermonaco.com\/produit\/new-era-mclaren-f1-9seventy-casquette-norris-orange-grise\/#primaryimage\",\"url\":\"https:\/\/toysmaniacornermonaco.com\/wp-content\/uploads\/2026\/01\/maclaren1.jpg\",\"contentUrl\":\"https:\/\/toysmaniacornermonaco.com\/wp-content\/uploads\/2026\/01\/maclaren1.jpg\",\"width\":385,\"height\":360},{\"@type\":\"BreadcrumbList\",\"@id\":\"https:\/\/toysmaniacornermonaco.com\/produit\/new-era-mclaren-f1-9seventy-casquette-norris-orange-grise\/#breadcrumb\",\"itemListElement\":[{\"@type\":\"ListItem\",\"position\":1,\"name\":\"Accueil\",\"item\":\"https:\/\/toysmaniacornermonaco.com\/en\/\"},{\"@type\":\"ListItem\",\"position\":2,\"name\":\"Shop\",\"item\":\"https:\/\/toysmaniacornermonaco.com\/en\/shop\/\"},{\"@type\":\"ListItem\",\"position\":3,\"name\":\"New Era McLaren F1 9SEVENTY \u2013 Casquette Norris Orange &#038; Grise\"}]},{\"@type\":\"WebSite\",\"@id\":\"https:\/\/toysmaniacornermonaco.com\/#website\",\"url\":\"https:\/\/toysmaniacornermonaco.com\/\",\"name\":\"TOY&#039;S MANIA\",\"description\":\"VOTRE CONCEPT STORE \u00c0 MONACO\",\"potentialAction\":[{\"@type\":\"SearchAction\",\"target\":{\"@type\":\"EntryPoint\",\"urlTemplate\":\"https:\/\/toysmaniacornermonaco.com\/?s={search_term_string}\"},\"query-input\":\"required name=search_term_string\"}],\"inLanguage\":\"en-US\"}]}<\/script>\n<!-- \/ Yoast SEO plugin. -->","yoast_head_json":{"title":"New Era McLaren F1 9SEVENTY \u2013 Casquette Norris Orange & Grise - TOY&#039;S MANIA","robots":{"index":"index","follow":"follow","max-snippet":"max-snippet:-1","max-image-preview":"max-image-preview:large","max-video-preview":"max-video-preview:-1"},"canonical":"https:\/\/toysmaniacornermonaco.com\/produit\/new-era-mclaren-f1-9seventy-casquette-norris-orange-grise\/","og_locale":"en_US","og_type":"article","og_title":"New Era McLaren F1 9SEVENTY \u2013 Casquette Norris Orange & Grise - TOY&#039;S MANIA","og_description":"Description du produit Casquette officielle McLaren F1 \u00ab Driver Edition \u00bb d\u00e9di\u00e9e \u00e0 Lando Norris, con\u00e7ue par New Era au format 9SEVENTY trucker. elle associe une face avant structur\u00e9e \u00e0 un panneau arri\u00e8re en maille respirante pour un confort optimal. Son design orange et gris dynamique refl\u00e8te parfaitement l\u2019univers racing de McLaren et du pilote.... View Article","og_url":"https:\/\/toysmaniacornermonaco.com\/produit\/new-era-mclaren-f1-9seventy-casquette-norris-orange-grise\/","og_site_name":"TOY&#039;S MANIA","article_modified_time":"2026-01-08T07:35:05+00:00","og_image":[{"width":385,"height":360,"url":"https:\/\/toysmaniacornermonaco.com\/wp-content\/uploads\/2026\/01\/maclaren1.jpg","type":"image\/jpeg"}],"twitter_card":"summary_large_image","twitter_misc":{"Est. reading time":"1 minute"},"schema":{"@context":"https:\/\/schema.org","@graph":[{"@type":"WebPage","@id":"https:\/\/toysmaniacornermonaco.com\/produit\/new-era-mclaren-f1-9seventy-casquette-norris-orange-grise\/","url":"https:\/\/toysmaniacornermonaco.com\/produit\/new-era-mclaren-f1-9seventy-casquette-norris-orange-grise\/","name":"New Era McLaren F1 9SEVENTY \u2013 Casquette Norris Orange & Grise - TOY&#039;S MANIA","isPartOf":{"@id":"https:\/\/toysmaniacornermonaco.com\/#website"},"primaryImageOfPage":{"@id":"https:\/\/toysmaniacornermonaco.com\/produit\/new-era-mclaren-f1-9seventy-casquette-norris-orange-grise\/#primaryimage"},"image":{"@id":"https:\/\/toysmaniacornermonaco.com\/produit\/new-era-mclaren-f1-9seventy-casquette-norris-orange-grise\/#primaryimage"},"thumbnailUrl":"https:\/\/toysmaniacornermonaco.com\/wp-content\/uploads\/2026\/01\/maclaren1.jpg","datePublished":"2026-01-08T07:26:31+00:00","dateModified":"2026-01-08T07:35:05+00:00","breadcrumb":{"@id":"https:\/\/toysmaniacornermonaco.com\/produit\/new-era-mclaren-f1-9seventy-casquette-norris-orange-grise\/#breadcrumb"},"inLanguage":"en-US","potentialAction":[{"@type":"ReadAction","target":["https:\/\/toysmaniacornermonaco.com\/produit\/new-era-mclaren-f1-9seventy-casquette-norris-orange-grise\/"]}]},{"@type":"ImageObject","inLanguage":"en-US","@id":"https:\/\/toysmaniacornermonaco.com\/produit\/new-era-mclaren-f1-9seventy-casquette-norris-orange-grise\/#primaryimage","url":"https:\/\/toysmaniacornermonaco.com\/wp-content\/uploads\/2026\/01\/maclaren1.jpg","contentUrl":"https:\/\/toysmaniacornermonaco.com\/wp-content\/uploads\/2026\/01\/maclaren1.jpg","width":385,"height":360},{"@type":"BreadcrumbList","@id":"https:\/\/toysmaniacornermonaco.com\/produit\/new-era-mclaren-f1-9seventy-casquette-norris-orange-grise\/#breadcrumb","itemListElement":[{"@type":"ListItem","position":1,"name":"Accueil","item":"https:\/\/toysmaniacornermonaco.com\/en\/"},{"@type":"ListItem","position":2,"name":"Shop","item":"https:\/\/toysmaniacornermonaco.com\/en\/shop\/"},{"@type":"ListItem","position":3,"name":"New Era McLaren F1 9SEVENTY \u2013 Casquette Norris Orange &#038; Grise"}]},{"@type":"WebSite","@id":"https:\/\/toysmaniacornermonaco.com\/#website","url":"https:\/\/toysmaniacornermonaco.com\/","name":"TOY&#039;S MANIA","description":"VOTRE CONCEPT STORE \u00c0 MONACO","potentialAction":[{"@type":"SearchAction","target":{"@type":"EntryPoint","urlTemplate":"https:\/\/toysmaniacornermonaco.com\/?s={search_term_string}"},"query-input":"required name=search_term_string"}],"inLanguage":"en-US"}]}},"_links":{"self":[{"href":"https:\/\/toysmaniacornermonaco.com\/en\/wp-json\/wp\/v2\/product\/6323","targetHints":{"allow":["GET"]}}],"collection":[{"href":"https:\/\/toysmaniacornermonaco.com\/en\/wp-json\/wp\/v2\/product"}],"about":[{"href":"https:\/\/toysmaniacornermonaco.com\/en\/wp-json\/wp\/v2\/types\/product"}],"replies":[{"embeddable":true,"href":"https:\/\/toysmaniacornermonaco.com\/en\/wp-json\/wp\/v2\/comments?post=6323"}],"wp:featuredmedia":[{"embeddable":true,"href":"https:\/\/toysmaniacornermonaco.com\/en\/wp-json\/wp\/v2\/media\/6326"}],"wp:attachment":[{"href":"https:\/\/toysmaniacornermonaco.com\/en\/wp-json\/wp\/v2\/media?parent=6323"}],"wp:term":[{"taxonomy":"product_cat","embeddable":true,"href":"https:\/\/toysmaniacornermonaco.com\/en\/wp-json\/wp\/v2\/product_cat?post=6323"},{"taxonomy":"product_tag","embeddable":true,"href":"https:\/\/toysmaniacornermonaco.com\/en\/wp-json\/wp\/v2\/product_tag?post=6323"}],"curies":[{"name":"wp","href":"https:\/\/api.w.org\/{rel}","templated":true}]}}