{"id":6339,"date":"2026-01-08T08:54:54","date_gmt":"2026-01-08T07:54:54","guid":{"rendered":"https:\/\/toysmaniacornermonaco.com\/?post_type=product&#038;p=6339"},"modified":"2026-01-08T09:37:37","modified_gmt":"2026-01-08T08:37:37","slug":"puma-formula-1-casquette-de-baseball-noire","status":"publish","type":"product","link":"https:\/\/toysmaniacornermonaco.com\/en\/produit\/puma-formula-1-casquette-de-baseball-noire\/","title":{"rendered":"PUMA Formula 1 \u2013 Casquette de Baseball Noire"},"content":{"rendered":"<p class=\"isSelectedEnd\">Description du produit<br \/>\nCasquette officielle Formula 1 sign\u00e9e Puma, au style baseball sobre et moderne. Con\u00e7ue pour un usage mixte, elle offre une conception l\u00e9g\u00e8re et confortable, id\u00e9ale pour le quotidien. Dot\u00e9e d\u2019une fermeture r\u00e9glable \u00e0 l\u2019arri\u00e8re, elle assure un ajustement optimal tout en mettant en avant l\u2019univers embl\u00e9matique de la Formule 1.<\/p>\n<p>REF : 701 236 531 002<br \/>\nGEN CODE : 4067984158086<br \/>\nCouleur : Noir<br \/>\nMarque : Formula 1 \/ Puma<\/p>\n","protected":false},"excerpt":{"rendered":"Description du produit Casquette officielle Formula 1 sign\u00e9e Puma, au style baseball sobre et moderne. Con\u00e7ue pour un usage mixte, elle offre une conception l\u00e9g\u00e8re et confortable, id\u00e9ale pour le quotidien. Dot\u00e9e d\u2019une fermeture r\u00e9glable \u00e0 l\u2019arri\u00e8re, elle assure un ajustement optimal tout en mettant en avant l\u2019univers embl\u00e9matique de la Formule 1. REF :&#8230; <a class=\"view-article\" href=\"https:\/\/toysmaniacornermonaco.com\/en\/produit\/puma-formula-1-casquette-de-baseball-noire\/\">View Article<\/a>","protected":false},"featured_media":6340,"comment_status":"closed","ping_status":"closed","template":"","meta":{"_acf_changed":false},"product_cat":[711,390],"product_tag":[],"class_list":{"0":"post-6339","1":"product","2":"type-product","3":"status-publish","4":"has-post-thumbnail","6":"marque-puma","7":"idee_cadeau-femmes","8":"idee_cadeau-formula-one-f1","9":"idee_cadeau-hommes","10":"product_cat-casquette","11":"product_cat-vetements-et-accessoires","12":"product_shipping_class-moyencolis","14":"first","15":"instock","16":"taxable","17":"shipping-taxable","18":"purchasable","19":"product-type-simple"},"acf":[],"yoast_head":"<!-- This site is optimized with the Yoast SEO plugin v22.3 - https:\/\/yoast.com\/wordpress\/plugins\/seo\/ -->\n<title>PUMA Formula 1 \u2013 Casquette de Baseball Noire - TOY&#039;S MANIA<\/title>\n<meta name=\"robots\" content=\"index, follow, max-snippet:-1, max-image-preview:large, max-video-preview:-1\" \/>\n<link rel=\"canonical\" href=\"https:\/\/toysmaniacornermonaco.com\/produit\/puma-formula-1-casquette-de-baseball-noire\/\" \/>\n<meta property=\"og:locale\" content=\"en_US\" \/>\n<meta property=\"og:type\" content=\"article\" \/>\n<meta property=\"og:title\" content=\"PUMA Formula 1 \u2013 Casquette de Baseball Noire - TOY&#039;S MANIA\" \/>\n<meta property=\"og:description\" content=\"Description du produit Casquette officielle Formula 1 sign\u00e9e Puma, au style baseball sobre et moderne. Con\u00e7ue pour un usage mixte, elle offre une conception l\u00e9g\u00e8re et confortable, id\u00e9ale pour le quotidien. Dot\u00e9e d\u2019une fermeture r\u00e9glable \u00e0 l\u2019arri\u00e8re, elle assure un ajustement optimal tout en mettant en avant l\u2019univers embl\u00e9matique de la Formule 1. REF :... View Article\" \/>\n<meta property=\"og:url\" content=\"https:\/\/toysmaniacornermonaco.com\/produit\/puma-formula-1-casquette-de-baseball-noire\/\" \/>\n<meta property=\"og:site_name\" content=\"TOY&#039;S MANIA\" \/>\n<meta property=\"article:modified_time\" content=\"2026-01-08T08:37:37+00:00\" \/>\n<meta property=\"og:image\" content=\"https:\/\/toysmaniacornermonaco.com\/wp-content\/uploads\/2026\/01\/PUMA.jpg\" \/>\n\t<meta property=\"og:image:width\" content=\"385\" \/>\n\t<meta property=\"og:image:height\" content=\"276\" \/>\n\t<meta property=\"og:image:type\" content=\"image\/jpeg\" \/>\n<meta name=\"twitter:card\" content=\"summary_large_image\" \/>\n<meta name=\"twitter:label1\" content=\"Est. reading time\" \/>\n\t<meta name=\"twitter:data1\" content=\"1 minute\" \/>\n<script type=\"application\/ld+json\" class=\"yoast-schema-graph\">{\"@context\":\"https:\/\/schema.org\",\"@graph\":[{\"@type\":\"WebPage\",\"@id\":\"https:\/\/toysmaniacornermonaco.com\/produit\/puma-formula-1-casquette-de-baseball-noire\/\",\"url\":\"https:\/\/toysmaniacornermonaco.com\/produit\/puma-formula-1-casquette-de-baseball-noire\/\",\"name\":\"PUMA Formula 1 \u2013 Casquette de Baseball Noire - TOY&#039;S MANIA\",\"isPartOf\":{\"@id\":\"https:\/\/toysmaniacornermonaco.com\/#website\"},\"primaryImageOfPage\":{\"@id\":\"https:\/\/toysmaniacornermonaco.com\/produit\/puma-formula-1-casquette-de-baseball-noire\/#primaryimage\"},\"image\":{\"@id\":\"https:\/\/toysmaniacornermonaco.com\/produit\/puma-formula-1-casquette-de-baseball-noire\/#primaryimage\"},\"thumbnailUrl\":\"https:\/\/toysmaniacornermonaco.com\/wp-content\/uploads\/2026\/01\/PUMA.jpg\",\"datePublished\":\"2026-01-08T07:54:54+00:00\",\"dateModified\":\"2026-01-08T08:37:37+00:00\",\"breadcrumb\":{\"@id\":\"https:\/\/toysmaniacornermonaco.com\/produit\/puma-formula-1-casquette-de-baseball-noire\/#breadcrumb\"},\"inLanguage\":\"en-US\",\"potentialAction\":[{\"@type\":\"ReadAction\",\"target\":[\"https:\/\/toysmaniacornermonaco.com\/produit\/puma-formula-1-casquette-de-baseball-noire\/\"]}]},{\"@type\":\"ImageObject\",\"inLanguage\":\"en-US\",\"@id\":\"https:\/\/toysmaniacornermonaco.com\/produit\/puma-formula-1-casquette-de-baseball-noire\/#primaryimage\",\"url\":\"https:\/\/toysmaniacornermonaco.com\/wp-content\/uploads\/2026\/01\/PUMA.jpg\",\"contentUrl\":\"https:\/\/toysmaniacornermonaco.com\/wp-content\/uploads\/2026\/01\/PUMA.jpg\",\"width\":385,\"height\":276},{\"@type\":\"BreadcrumbList\",\"@id\":\"https:\/\/toysmaniacornermonaco.com\/produit\/puma-formula-1-casquette-de-baseball-noire\/#breadcrumb\",\"itemListElement\":[{\"@type\":\"ListItem\",\"position\":1,\"name\":\"Accueil\",\"item\":\"https:\/\/toysmaniacornermonaco.com\/en\/\"},{\"@type\":\"ListItem\",\"position\":2,\"name\":\"Shop\",\"item\":\"https:\/\/toysmaniacornermonaco.com\/en\/shop\/\"},{\"@type\":\"ListItem\",\"position\":3,\"name\":\"PUMA Formula 1 \u2013 Casquette de Baseball Noire\"}]},{\"@type\":\"WebSite\",\"@id\":\"https:\/\/toysmaniacornermonaco.com\/#website\",\"url\":\"https:\/\/toysmaniacornermonaco.com\/\",\"name\":\"TOY&#039;S MANIA\",\"description\":\"VOTRE CONCEPT STORE \u00c0 MONACO\",\"potentialAction\":[{\"@type\":\"SearchAction\",\"target\":{\"@type\":\"EntryPoint\",\"urlTemplate\":\"https:\/\/toysmaniacornermonaco.com\/?s={search_term_string}\"},\"query-input\":\"required name=search_term_string\"}],\"inLanguage\":\"en-US\"}]}<\/script>\n<!-- \/ Yoast SEO plugin. -->","yoast_head_json":{"title":"PUMA Formula 1 \u2013 Casquette de Baseball Noire - TOY&#039;S MANIA","robots":{"index":"index","follow":"follow","max-snippet":"max-snippet:-1","max-image-preview":"max-image-preview:large","max-video-preview":"max-video-preview:-1"},"canonical":"https:\/\/toysmaniacornermonaco.com\/produit\/puma-formula-1-casquette-de-baseball-noire\/","og_locale":"en_US","og_type":"article","og_title":"PUMA Formula 1 \u2013 Casquette de Baseball Noire - TOY&#039;S MANIA","og_description":"Description du produit Casquette officielle Formula 1 sign\u00e9e Puma, au style baseball sobre et moderne. Con\u00e7ue pour un usage mixte, elle offre une conception l\u00e9g\u00e8re et confortable, id\u00e9ale pour le quotidien. Dot\u00e9e d\u2019une fermeture r\u00e9glable \u00e0 l\u2019arri\u00e8re, elle assure un ajustement optimal tout en mettant en avant l\u2019univers embl\u00e9matique de la Formule 1. REF :... View Article","og_url":"https:\/\/toysmaniacornermonaco.com\/produit\/puma-formula-1-casquette-de-baseball-noire\/","og_site_name":"TOY&#039;S MANIA","article_modified_time":"2026-01-08T08:37:37+00:00","og_image":[{"width":385,"height":276,"url":"https:\/\/toysmaniacornermonaco.com\/wp-content\/uploads\/2026\/01\/PUMA.jpg","type":"image\/jpeg"}],"twitter_card":"summary_large_image","twitter_misc":{"Est. reading time":"1 minute"},"schema":{"@context":"https:\/\/schema.org","@graph":[{"@type":"WebPage","@id":"https:\/\/toysmaniacornermonaco.com\/produit\/puma-formula-1-casquette-de-baseball-noire\/","url":"https:\/\/toysmaniacornermonaco.com\/produit\/puma-formula-1-casquette-de-baseball-noire\/","name":"PUMA Formula 1 \u2013 Casquette de Baseball Noire - TOY&#039;S MANIA","isPartOf":{"@id":"https:\/\/toysmaniacornermonaco.com\/#website"},"primaryImageOfPage":{"@id":"https:\/\/toysmaniacornermonaco.com\/produit\/puma-formula-1-casquette-de-baseball-noire\/#primaryimage"},"image":{"@id":"https:\/\/toysmaniacornermonaco.com\/produit\/puma-formula-1-casquette-de-baseball-noire\/#primaryimage"},"thumbnailUrl":"https:\/\/toysmaniacornermonaco.com\/wp-content\/uploads\/2026\/01\/PUMA.jpg","datePublished":"2026-01-08T07:54:54+00:00","dateModified":"2026-01-08T08:37:37+00:00","breadcrumb":{"@id":"https:\/\/toysmaniacornermonaco.com\/produit\/puma-formula-1-casquette-de-baseball-noire\/#breadcrumb"},"inLanguage":"en-US","potentialAction":[{"@type":"ReadAction","target":["https:\/\/toysmaniacornermonaco.com\/produit\/puma-formula-1-casquette-de-baseball-noire\/"]}]},{"@type":"ImageObject","inLanguage":"en-US","@id":"https:\/\/toysmaniacornermonaco.com\/produit\/puma-formula-1-casquette-de-baseball-noire\/#primaryimage","url":"https:\/\/toysmaniacornermonaco.com\/wp-content\/uploads\/2026\/01\/PUMA.jpg","contentUrl":"https:\/\/toysmaniacornermonaco.com\/wp-content\/uploads\/2026\/01\/PUMA.jpg","width":385,"height":276},{"@type":"BreadcrumbList","@id":"https:\/\/toysmaniacornermonaco.com\/produit\/puma-formula-1-casquette-de-baseball-noire\/#breadcrumb","itemListElement":[{"@type":"ListItem","position":1,"name":"Accueil","item":"https:\/\/toysmaniacornermonaco.com\/en\/"},{"@type":"ListItem","position":2,"name":"Shop","item":"https:\/\/toysmaniacornermonaco.com\/en\/shop\/"},{"@type":"ListItem","position":3,"name":"PUMA Formula 1 \u2013 Casquette de Baseball Noire"}]},{"@type":"WebSite","@id":"https:\/\/toysmaniacornermonaco.com\/#website","url":"https:\/\/toysmaniacornermonaco.com\/","name":"TOY&#039;S MANIA","description":"VOTRE CONCEPT STORE \u00c0 MONACO","potentialAction":[{"@type":"SearchAction","target":{"@type":"EntryPoint","urlTemplate":"https:\/\/toysmaniacornermonaco.com\/?s={search_term_string}"},"query-input":"required name=search_term_string"}],"inLanguage":"en-US"}]}},"_links":{"self":[{"href":"https:\/\/toysmaniacornermonaco.com\/en\/wp-json\/wp\/v2\/product\/6339","targetHints":{"allow":["GET"]}}],"collection":[{"href":"https:\/\/toysmaniacornermonaco.com\/en\/wp-json\/wp\/v2\/product"}],"about":[{"href":"https:\/\/toysmaniacornermonaco.com\/en\/wp-json\/wp\/v2\/types\/product"}],"replies":[{"embeddable":true,"href":"https:\/\/toysmaniacornermonaco.com\/en\/wp-json\/wp\/v2\/comments?post=6339"}],"wp:featuredmedia":[{"embeddable":true,"href":"https:\/\/toysmaniacornermonaco.com\/en\/wp-json\/wp\/v2\/media\/6340"}],"wp:attachment":[{"href":"https:\/\/toysmaniacornermonaco.com\/en\/wp-json\/wp\/v2\/media?parent=6339"}],"wp:term":[{"taxonomy":"product_cat","embeddable":true,"href":"https:\/\/toysmaniacornermonaco.com\/en\/wp-json\/wp\/v2\/product_cat?post=6339"},{"taxonomy":"product_tag","embeddable":true,"href":"https:\/\/toysmaniacornermonaco.com\/en\/wp-json\/wp\/v2\/product_tag?post=6339"}],"curies":[{"name":"wp","href":"https:\/\/api.w.org\/{rel}","templated":true}]}}