{"id":6346,"date":"2026-01-08T09:46:32","date_gmt":"2026-01-08T08:46:32","guid":{"rendered":"https:\/\/toysmaniacornermonaco.com\/?post_type=product&#038;p=6346"},"modified":"2026-01-08T09:46:32","modified_gmt":"2026-01-08T08:46:32","slug":"new-era-9forty-casquette-noire","status":"publish","type":"product","link":"https:\/\/toysmaniacornermonaco.com\/en\/produit\/new-era-9forty-casquette-noire\/","title":{"rendered":"New Era 9FORTY \u2013 Casquette Noire"},"content":{"rendered":"<p class=\"isSelectedEnd\">Description du produit<br \/>\nCasquette New Era au format 9FORTY, con\u00e7ue pour un style casual et polyvalent. L\u00e9g\u00e8re et confortable, elle est id\u00e9ale pour un port quotidien gr\u00e2ce \u00e0 sa coupe structur\u00e9e et sa fermeture r\u00e9glable \u00e0 l\u2019arri\u00e8re, offrant un ajustement optimal. Son coloris noir sobre en fait un accessoire facile \u00e0 assortir \u00e0 toutes les tenues.<\/p>\n<p>REF : 60357174<br \/>\nGEN CODE : 01969965685577<br \/>\nCouleur : Noir<br \/>\nMarque : New Era<\/p>\n","protected":false},"excerpt":{"rendered":"Description du produit Casquette New Era au format 9FORTY, con\u00e7ue pour un style casual et polyvalent. L\u00e9g\u00e8re et confortable, elle est id\u00e9ale pour un port quotidien gr\u00e2ce \u00e0 sa coupe structur\u00e9e et sa fermeture r\u00e9glable \u00e0 l\u2019arri\u00e8re, offrant un ajustement optimal. Son coloris noir sobre en fait un accessoire facile \u00e0 assortir \u00e0 toutes les&#8230; <a class=\"view-article\" href=\"https:\/\/toysmaniacornermonaco.com\/en\/produit\/new-era-9forty-casquette-noire\/\">View Article<\/a>","protected":false},"featured_media":6347,"comment_status":"closed","ping_status":"closed","template":"","meta":{"_acf_changed":false},"product_cat":[711,390],"product_tag":[],"class_list":{"0":"post-6346","1":"product","2":"type-product","3":"status-publish","4":"has-post-thumbnail","6":"marque-new-era","7":"idee_cadeau-enfants","8":"idee_cadeau-femmes","9":"idee_cadeau-formula-one-f1","10":"product_cat-casquette","11":"product_cat-vetements-et-accessoires","12":"product_shipping_class-moyencolis","14":"first","15":"instock","16":"taxable","17":"shipping-taxable","18":"purchasable","19":"product-type-simple"},"acf":[],"yoast_head":"<!-- This site is optimized with the Yoast SEO plugin v22.3 - https:\/\/yoast.com\/wordpress\/plugins\/seo\/ -->\n<title>New Era 9FORTY \u2013 Casquette Noire - TOY&#039;S MANIA<\/title>\n<meta name=\"robots\" content=\"index, follow, max-snippet:-1, max-image-preview:large, max-video-preview:-1\" \/>\n<link rel=\"canonical\" href=\"https:\/\/toysmaniacornermonaco.com\/produit\/new-era-9forty-casquette-noire\/\" \/>\n<meta property=\"og:locale\" content=\"en_US\" \/>\n<meta property=\"og:type\" content=\"article\" \/>\n<meta property=\"og:title\" content=\"New Era 9FORTY \u2013 Casquette Noire - TOY&#039;S MANIA\" \/>\n<meta property=\"og:description\" content=\"Description du produit Casquette New Era au format 9FORTY, con\u00e7ue pour un style casual et polyvalent. L\u00e9g\u00e8re et confortable, elle est id\u00e9ale pour un port quotidien gr\u00e2ce \u00e0 sa coupe structur\u00e9e et sa fermeture r\u00e9glable \u00e0 l\u2019arri\u00e8re, offrant un ajustement optimal. Son coloris noir sobre en fait un accessoire facile \u00e0 assortir \u00e0 toutes les... View Article\" \/>\n<meta property=\"og:url\" content=\"https:\/\/toysmaniacornermonaco.com\/produit\/new-era-9forty-casquette-noire\/\" \/>\n<meta property=\"og:site_name\" content=\"TOY&#039;S MANIA\" \/>\n<meta property=\"og:image\" content=\"https:\/\/toysmaniacornermonaco.com\/wp-content\/uploads\/2026\/01\/racing.jpg\" \/>\n\t<meta property=\"og:image:width\" content=\"385\" \/>\n\t<meta property=\"og:image:height\" content=\"441\" \/>\n\t<meta property=\"og:image:type\" content=\"image\/jpeg\" \/>\n<meta name=\"twitter:card\" content=\"summary_large_image\" \/>\n<meta name=\"twitter:label1\" content=\"Est. reading time\" \/>\n\t<meta name=\"twitter:data1\" content=\"1 minute\" \/>\n<script type=\"application\/ld+json\" class=\"yoast-schema-graph\">{\"@context\":\"https:\/\/schema.org\",\"@graph\":[{\"@type\":\"WebPage\",\"@id\":\"https:\/\/toysmaniacornermonaco.com\/produit\/new-era-9forty-casquette-noire\/\",\"url\":\"https:\/\/toysmaniacornermonaco.com\/produit\/new-era-9forty-casquette-noire\/\",\"name\":\"New Era 9FORTY \u2013 Casquette Noire - TOY&#039;S MANIA\",\"isPartOf\":{\"@id\":\"https:\/\/toysmaniacornermonaco.com\/#website\"},\"primaryImageOfPage\":{\"@id\":\"https:\/\/toysmaniacornermonaco.com\/produit\/new-era-9forty-casquette-noire\/#primaryimage\"},\"image\":{\"@id\":\"https:\/\/toysmaniacornermonaco.com\/produit\/new-era-9forty-casquette-noire\/#primaryimage\"},\"thumbnailUrl\":\"https:\/\/toysmaniacornermonaco.com\/wp-content\/uploads\/2026\/01\/racing.jpg\",\"datePublished\":\"2026-01-08T08:46:32+00:00\",\"dateModified\":\"2026-01-08T08:46:32+00:00\",\"breadcrumb\":{\"@id\":\"https:\/\/toysmaniacornermonaco.com\/produit\/new-era-9forty-casquette-noire\/#breadcrumb\"},\"inLanguage\":\"en-US\",\"potentialAction\":[{\"@type\":\"ReadAction\",\"target\":[\"https:\/\/toysmaniacornermonaco.com\/produit\/new-era-9forty-casquette-noire\/\"]}]},{\"@type\":\"ImageObject\",\"inLanguage\":\"en-US\",\"@id\":\"https:\/\/toysmaniacornermonaco.com\/produit\/new-era-9forty-casquette-noire\/#primaryimage\",\"url\":\"https:\/\/toysmaniacornermonaco.com\/wp-content\/uploads\/2026\/01\/racing.jpg\",\"contentUrl\":\"https:\/\/toysmaniacornermonaco.com\/wp-content\/uploads\/2026\/01\/racing.jpg\",\"width\":385,\"height\":441},{\"@type\":\"BreadcrumbList\",\"@id\":\"https:\/\/toysmaniacornermonaco.com\/produit\/new-era-9forty-casquette-noire\/#breadcrumb\",\"itemListElement\":[{\"@type\":\"ListItem\",\"position\":1,\"name\":\"Accueil\",\"item\":\"https:\/\/toysmaniacornermonaco.com\/en\/\"},{\"@type\":\"ListItem\",\"position\":2,\"name\":\"Shop\",\"item\":\"https:\/\/toysmaniacornermonaco.com\/en\/shop\/\"},{\"@type\":\"ListItem\",\"position\":3,\"name\":\"New Era 9FORTY \u2013 Casquette Noire\"}]},{\"@type\":\"WebSite\",\"@id\":\"https:\/\/toysmaniacornermonaco.com\/#website\",\"url\":\"https:\/\/toysmaniacornermonaco.com\/\",\"name\":\"TOY&#039;S MANIA\",\"description\":\"VOTRE CONCEPT STORE \u00c0 MONACO\",\"potentialAction\":[{\"@type\":\"SearchAction\",\"target\":{\"@type\":\"EntryPoint\",\"urlTemplate\":\"https:\/\/toysmaniacornermonaco.com\/?s={search_term_string}\"},\"query-input\":\"required name=search_term_string\"}],\"inLanguage\":\"en-US\"}]}<\/script>\n<!-- \/ Yoast SEO plugin. -->","yoast_head_json":{"title":"New Era 9FORTY \u2013 Casquette Noire - TOY&#039;S MANIA","robots":{"index":"index","follow":"follow","max-snippet":"max-snippet:-1","max-image-preview":"max-image-preview:large","max-video-preview":"max-video-preview:-1"},"canonical":"https:\/\/toysmaniacornermonaco.com\/produit\/new-era-9forty-casquette-noire\/","og_locale":"en_US","og_type":"article","og_title":"New Era 9FORTY \u2013 Casquette Noire - TOY&#039;S MANIA","og_description":"Description du produit Casquette New Era au format 9FORTY, con\u00e7ue pour un style casual et polyvalent. L\u00e9g\u00e8re et confortable, elle est id\u00e9ale pour un port quotidien gr\u00e2ce \u00e0 sa coupe structur\u00e9e et sa fermeture r\u00e9glable \u00e0 l\u2019arri\u00e8re, offrant un ajustement optimal. Son coloris noir sobre en fait un accessoire facile \u00e0 assortir \u00e0 toutes les... View Article","og_url":"https:\/\/toysmaniacornermonaco.com\/produit\/new-era-9forty-casquette-noire\/","og_site_name":"TOY&#039;S MANIA","og_image":[{"width":385,"height":441,"url":"https:\/\/toysmaniacornermonaco.com\/wp-content\/uploads\/2026\/01\/racing.jpg","type":"image\/jpeg"}],"twitter_card":"summary_large_image","twitter_misc":{"Est. reading time":"1 minute"},"schema":{"@context":"https:\/\/schema.org","@graph":[{"@type":"WebPage","@id":"https:\/\/toysmaniacornermonaco.com\/produit\/new-era-9forty-casquette-noire\/","url":"https:\/\/toysmaniacornermonaco.com\/produit\/new-era-9forty-casquette-noire\/","name":"New Era 9FORTY \u2013 Casquette Noire - TOY&#039;S MANIA","isPartOf":{"@id":"https:\/\/toysmaniacornermonaco.com\/#website"},"primaryImageOfPage":{"@id":"https:\/\/toysmaniacornermonaco.com\/produit\/new-era-9forty-casquette-noire\/#primaryimage"},"image":{"@id":"https:\/\/toysmaniacornermonaco.com\/produit\/new-era-9forty-casquette-noire\/#primaryimage"},"thumbnailUrl":"https:\/\/toysmaniacornermonaco.com\/wp-content\/uploads\/2026\/01\/racing.jpg","datePublished":"2026-01-08T08:46:32+00:00","dateModified":"2026-01-08T08:46:32+00:00","breadcrumb":{"@id":"https:\/\/toysmaniacornermonaco.com\/produit\/new-era-9forty-casquette-noire\/#breadcrumb"},"inLanguage":"en-US","potentialAction":[{"@type":"ReadAction","target":["https:\/\/toysmaniacornermonaco.com\/produit\/new-era-9forty-casquette-noire\/"]}]},{"@type":"ImageObject","inLanguage":"en-US","@id":"https:\/\/toysmaniacornermonaco.com\/produit\/new-era-9forty-casquette-noire\/#primaryimage","url":"https:\/\/toysmaniacornermonaco.com\/wp-content\/uploads\/2026\/01\/racing.jpg","contentUrl":"https:\/\/toysmaniacornermonaco.com\/wp-content\/uploads\/2026\/01\/racing.jpg","width":385,"height":441},{"@type":"BreadcrumbList","@id":"https:\/\/toysmaniacornermonaco.com\/produit\/new-era-9forty-casquette-noire\/#breadcrumb","itemListElement":[{"@type":"ListItem","position":1,"name":"Accueil","item":"https:\/\/toysmaniacornermonaco.com\/en\/"},{"@type":"ListItem","position":2,"name":"Shop","item":"https:\/\/toysmaniacornermonaco.com\/en\/shop\/"},{"@type":"ListItem","position":3,"name":"New Era 9FORTY \u2013 Casquette Noire"}]},{"@type":"WebSite","@id":"https:\/\/toysmaniacornermonaco.com\/#website","url":"https:\/\/toysmaniacornermonaco.com\/","name":"TOY&#039;S MANIA","description":"VOTRE CONCEPT STORE \u00c0 MONACO","potentialAction":[{"@type":"SearchAction","target":{"@type":"EntryPoint","urlTemplate":"https:\/\/toysmaniacornermonaco.com\/?s={search_term_string}"},"query-input":"required name=search_term_string"}],"inLanguage":"en-US"}]}},"_links":{"self":[{"href":"https:\/\/toysmaniacornermonaco.com\/en\/wp-json\/wp\/v2\/product\/6346","targetHints":{"allow":["GET"]}}],"collection":[{"href":"https:\/\/toysmaniacornermonaco.com\/en\/wp-json\/wp\/v2\/product"}],"about":[{"href":"https:\/\/toysmaniacornermonaco.com\/en\/wp-json\/wp\/v2\/types\/product"}],"replies":[{"embeddable":true,"href":"https:\/\/toysmaniacornermonaco.com\/en\/wp-json\/wp\/v2\/comments?post=6346"}],"wp:featuredmedia":[{"embeddable":true,"href":"https:\/\/toysmaniacornermonaco.com\/en\/wp-json\/wp\/v2\/media\/6347"}],"wp:attachment":[{"href":"https:\/\/toysmaniacornermonaco.com\/en\/wp-json\/wp\/v2\/media?parent=6346"}],"wp:term":[{"taxonomy":"product_cat","embeddable":true,"href":"https:\/\/toysmaniacornermonaco.com\/en\/wp-json\/wp\/v2\/product_cat?post=6346"},{"taxonomy":"product_tag","embeddable":true,"href":"https:\/\/toysmaniacornermonaco.com\/en\/wp-json\/wp\/v2\/product_tag?post=6346"}],"curies":[{"name":"wp","href":"https:\/\/api.w.org\/{rel}","templated":true}]}}