{"id":6352,"date":"2026-01-08T09:50:53","date_gmt":"2026-01-08T08:50:53","guid":{"rendered":"https:\/\/toysmaniacornermonaco.com\/?post_type=product&#038;p=6352"},"modified":"2026-01-08T10:30:43","modified_gmt":"2026-01-08T09:30:43","slug":"new-era-f1-team-red-bull-9forty-casquette","status":"publish","type":"product","link":"https:\/\/toysmaniacornermonaco.com\/en\/produit\/new-era-f1-team-red-bull-9forty-casquette\/","title":{"rendered":"New Era F1 Team Red Bull 9FORTY \u2013 Casquette"},"content":{"rendered":"<p class=\"isSelectedEnd\">Description du produit<br \/>\nCasquette officielle Red Bull Racing F1 sign\u00e9e New Era au format 9FORTY. Con\u00e7ue pour un style sportif et d\u00e9contract\u00e9, elle offre une coupe confortable et une fermeture r\u00e9glable \u00e0 l\u2019arri\u00e8re pour un ajustement optimal. Un accessoire id\u00e9al pour afficher son soutien \u00e0 l\u2019\u00e9curie Red Bull Racing au quotidien.<\/p>\n<p>REF : 60357157<br \/>\nGEN CODE : 0196996568669<br \/>\nCouleur : Orange<br \/>\nMarque : Red Bull Racing \/ New Era<\/p>\n","protected":false},"excerpt":{"rendered":"Description du produit Casquette officielle Red Bull Racing F1 sign\u00e9e New Era au format 9FORTY. Con\u00e7ue pour un style sportif et d\u00e9contract\u00e9, elle offre une coupe confortable et une fermeture r\u00e9glable \u00e0 l\u2019arri\u00e8re pour un ajustement optimal. Un accessoire id\u00e9al pour afficher son soutien \u00e0 l\u2019\u00e9curie Red Bull Racing au quotidien. REF : 60357157 GEN&#8230; <a class=\"view-article\" href=\"https:\/\/toysmaniacornermonaco.com\/en\/produit\/new-era-f1-team-red-bull-9forty-casquette\/\">View Article<\/a>","protected":false},"featured_media":6353,"comment_status":"closed","ping_status":"closed","template":"","meta":{"_acf_changed":false},"product_cat":[711,390],"product_tag":[],"class_list":{"0":"post-6352","1":"product","2":"type-product","3":"status-publish","4":"has-post-thumbnail","6":"marque-new-era","7":"marque-red-bull","8":"idee_cadeau-femmes","9":"idee_cadeau-formula-one-f1","10":"idee_cadeau-hommes","11":"product_cat-casquette","12":"product_cat-vetements-et-accessoires","13":"product_shipping_class-moyencolis","15":"first","16":"instock","17":"taxable","18":"shipping-taxable","19":"purchasable","20":"product-type-simple"},"acf":[],"yoast_head":"<!-- This site is optimized with the Yoast SEO plugin v22.3 - https:\/\/yoast.com\/wordpress\/plugins\/seo\/ -->\n<title>New Era F1 Team Red Bull 9FORTY \u2013 Casquette - TOY&#039;S MANIA<\/title>\n<meta name=\"robots\" content=\"index, follow, max-snippet:-1, max-image-preview:large, max-video-preview:-1\" \/>\n<link rel=\"canonical\" href=\"https:\/\/toysmaniacornermonaco.com\/produit\/new-era-f1-team-red-bull-9forty-casquette\/\" \/>\n<meta property=\"og:locale\" content=\"en_US\" \/>\n<meta property=\"og:type\" content=\"article\" \/>\n<meta property=\"og:title\" content=\"New Era F1 Team Red Bull 9FORTY \u2013 Casquette - TOY&#039;S MANIA\" \/>\n<meta property=\"og:description\" content=\"Description du produit Casquette officielle Red Bull Racing F1 sign\u00e9e New Era au format 9FORTY. Con\u00e7ue pour un style sportif et d\u00e9contract\u00e9, elle offre une coupe confortable et une fermeture r\u00e9glable \u00e0 l\u2019arri\u00e8re pour un ajustement optimal. Un accessoire id\u00e9al pour afficher son soutien \u00e0 l\u2019\u00e9curie Red Bull Racing au quotidien. REF : 60357157 GEN... View Article\" \/>\n<meta property=\"og:url\" content=\"https:\/\/toysmaniacornermonaco.com\/produit\/new-era-f1-team-red-bull-9forty-casquette\/\" \/>\n<meta property=\"og:site_name\" content=\"TOY&#039;S MANIA\" \/>\n<meta property=\"article:modified_time\" content=\"2026-01-08T09:30:43+00:00\" \/>\n<meta property=\"og:image\" content=\"https:\/\/toysmaniacornermonaco.com\/wp-content\/uploads\/2026\/01\/NEW-ERA-1.jpg\" \/>\n\t<meta property=\"og:image:width\" content=\"385\" \/>\n\t<meta property=\"og:image:height\" content=\"447\" \/>\n\t<meta property=\"og:image:type\" content=\"image\/jpeg\" \/>\n<meta name=\"twitter:card\" content=\"summary_large_image\" \/>\n<meta name=\"twitter:label1\" content=\"Est. reading time\" \/>\n\t<meta name=\"twitter:data1\" content=\"1 minute\" \/>\n<script type=\"application\/ld+json\" class=\"yoast-schema-graph\">{\"@context\":\"https:\/\/schema.org\",\"@graph\":[{\"@type\":\"WebPage\",\"@id\":\"https:\/\/toysmaniacornermonaco.com\/produit\/new-era-f1-team-red-bull-9forty-casquette\/\",\"url\":\"https:\/\/toysmaniacornermonaco.com\/produit\/new-era-f1-team-red-bull-9forty-casquette\/\",\"name\":\"New Era F1 Team Red Bull 9FORTY \u2013 Casquette - TOY&#039;S MANIA\",\"isPartOf\":{\"@id\":\"https:\/\/toysmaniacornermonaco.com\/#website\"},\"primaryImageOfPage\":{\"@id\":\"https:\/\/toysmaniacornermonaco.com\/produit\/new-era-f1-team-red-bull-9forty-casquette\/#primaryimage\"},\"image\":{\"@id\":\"https:\/\/toysmaniacornermonaco.com\/produit\/new-era-f1-team-red-bull-9forty-casquette\/#primaryimage\"},\"thumbnailUrl\":\"https:\/\/toysmaniacornermonaco.com\/wp-content\/uploads\/2026\/01\/NEW-ERA-1.jpg\",\"datePublished\":\"2026-01-08T08:50:53+00:00\",\"dateModified\":\"2026-01-08T09:30:43+00:00\",\"breadcrumb\":{\"@id\":\"https:\/\/toysmaniacornermonaco.com\/produit\/new-era-f1-team-red-bull-9forty-casquette\/#breadcrumb\"},\"inLanguage\":\"en-US\",\"potentialAction\":[{\"@type\":\"ReadAction\",\"target\":[\"https:\/\/toysmaniacornermonaco.com\/produit\/new-era-f1-team-red-bull-9forty-casquette\/\"]}]},{\"@type\":\"ImageObject\",\"inLanguage\":\"en-US\",\"@id\":\"https:\/\/toysmaniacornermonaco.com\/produit\/new-era-f1-team-red-bull-9forty-casquette\/#primaryimage\",\"url\":\"https:\/\/toysmaniacornermonaco.com\/wp-content\/uploads\/2026\/01\/NEW-ERA-1.jpg\",\"contentUrl\":\"https:\/\/toysmaniacornermonaco.com\/wp-content\/uploads\/2026\/01\/NEW-ERA-1.jpg\",\"width\":385,\"height\":447},{\"@type\":\"BreadcrumbList\",\"@id\":\"https:\/\/toysmaniacornermonaco.com\/produit\/new-era-f1-team-red-bull-9forty-casquette\/#breadcrumb\",\"itemListElement\":[{\"@type\":\"ListItem\",\"position\":1,\"name\":\"Accueil\",\"item\":\"https:\/\/toysmaniacornermonaco.com\/en\/\"},{\"@type\":\"ListItem\",\"position\":2,\"name\":\"Shop\",\"item\":\"https:\/\/toysmaniacornermonaco.com\/en\/shop\/\"},{\"@type\":\"ListItem\",\"position\":3,\"name\":\"New Era F1 Team Red Bull 9FORTY \u2013 Casquette\"}]},{\"@type\":\"WebSite\",\"@id\":\"https:\/\/toysmaniacornermonaco.com\/#website\",\"url\":\"https:\/\/toysmaniacornermonaco.com\/\",\"name\":\"TOY&#039;S MANIA\",\"description\":\"VOTRE CONCEPT STORE \u00c0 MONACO\",\"potentialAction\":[{\"@type\":\"SearchAction\",\"target\":{\"@type\":\"EntryPoint\",\"urlTemplate\":\"https:\/\/toysmaniacornermonaco.com\/?s={search_term_string}\"},\"query-input\":\"required name=search_term_string\"}],\"inLanguage\":\"en-US\"}]}<\/script>\n<!-- \/ Yoast SEO plugin. -->","yoast_head_json":{"title":"New Era F1 Team Red Bull 9FORTY \u2013 Casquette - TOY&#039;S MANIA","robots":{"index":"index","follow":"follow","max-snippet":"max-snippet:-1","max-image-preview":"max-image-preview:large","max-video-preview":"max-video-preview:-1"},"canonical":"https:\/\/toysmaniacornermonaco.com\/produit\/new-era-f1-team-red-bull-9forty-casquette\/","og_locale":"en_US","og_type":"article","og_title":"New Era F1 Team Red Bull 9FORTY \u2013 Casquette - TOY&#039;S MANIA","og_description":"Description du produit Casquette officielle Red Bull Racing F1 sign\u00e9e New Era au format 9FORTY. Con\u00e7ue pour un style sportif et d\u00e9contract\u00e9, elle offre une coupe confortable et une fermeture r\u00e9glable \u00e0 l\u2019arri\u00e8re pour un ajustement optimal. Un accessoire id\u00e9al pour afficher son soutien \u00e0 l\u2019\u00e9curie Red Bull Racing au quotidien. REF : 60357157 GEN... View Article","og_url":"https:\/\/toysmaniacornermonaco.com\/produit\/new-era-f1-team-red-bull-9forty-casquette\/","og_site_name":"TOY&#039;S MANIA","article_modified_time":"2026-01-08T09:30:43+00:00","og_image":[{"width":385,"height":447,"url":"https:\/\/toysmaniacornermonaco.com\/wp-content\/uploads\/2026\/01\/NEW-ERA-1.jpg","type":"image\/jpeg"}],"twitter_card":"summary_large_image","twitter_misc":{"Est. reading time":"1 minute"},"schema":{"@context":"https:\/\/schema.org","@graph":[{"@type":"WebPage","@id":"https:\/\/toysmaniacornermonaco.com\/produit\/new-era-f1-team-red-bull-9forty-casquette\/","url":"https:\/\/toysmaniacornermonaco.com\/produit\/new-era-f1-team-red-bull-9forty-casquette\/","name":"New Era F1 Team Red Bull 9FORTY \u2013 Casquette - TOY&#039;S MANIA","isPartOf":{"@id":"https:\/\/toysmaniacornermonaco.com\/#website"},"primaryImageOfPage":{"@id":"https:\/\/toysmaniacornermonaco.com\/produit\/new-era-f1-team-red-bull-9forty-casquette\/#primaryimage"},"image":{"@id":"https:\/\/toysmaniacornermonaco.com\/produit\/new-era-f1-team-red-bull-9forty-casquette\/#primaryimage"},"thumbnailUrl":"https:\/\/toysmaniacornermonaco.com\/wp-content\/uploads\/2026\/01\/NEW-ERA-1.jpg","datePublished":"2026-01-08T08:50:53+00:00","dateModified":"2026-01-08T09:30:43+00:00","breadcrumb":{"@id":"https:\/\/toysmaniacornermonaco.com\/produit\/new-era-f1-team-red-bull-9forty-casquette\/#breadcrumb"},"inLanguage":"en-US","potentialAction":[{"@type":"ReadAction","target":["https:\/\/toysmaniacornermonaco.com\/produit\/new-era-f1-team-red-bull-9forty-casquette\/"]}]},{"@type":"ImageObject","inLanguage":"en-US","@id":"https:\/\/toysmaniacornermonaco.com\/produit\/new-era-f1-team-red-bull-9forty-casquette\/#primaryimage","url":"https:\/\/toysmaniacornermonaco.com\/wp-content\/uploads\/2026\/01\/NEW-ERA-1.jpg","contentUrl":"https:\/\/toysmaniacornermonaco.com\/wp-content\/uploads\/2026\/01\/NEW-ERA-1.jpg","width":385,"height":447},{"@type":"BreadcrumbList","@id":"https:\/\/toysmaniacornermonaco.com\/produit\/new-era-f1-team-red-bull-9forty-casquette\/#breadcrumb","itemListElement":[{"@type":"ListItem","position":1,"name":"Accueil","item":"https:\/\/toysmaniacornermonaco.com\/en\/"},{"@type":"ListItem","position":2,"name":"Shop","item":"https:\/\/toysmaniacornermonaco.com\/en\/shop\/"},{"@type":"ListItem","position":3,"name":"New Era F1 Team Red Bull 9FORTY \u2013 Casquette"}]},{"@type":"WebSite","@id":"https:\/\/toysmaniacornermonaco.com\/#website","url":"https:\/\/toysmaniacornermonaco.com\/","name":"TOY&#039;S MANIA","description":"VOTRE CONCEPT STORE \u00c0 MONACO","potentialAction":[{"@type":"SearchAction","target":{"@type":"EntryPoint","urlTemplate":"https:\/\/toysmaniacornermonaco.com\/?s={search_term_string}"},"query-input":"required name=search_term_string"}],"inLanguage":"en-US"}]}},"_links":{"self":[{"href":"https:\/\/toysmaniacornermonaco.com\/en\/wp-json\/wp\/v2\/product\/6352","targetHints":{"allow":["GET"]}}],"collection":[{"href":"https:\/\/toysmaniacornermonaco.com\/en\/wp-json\/wp\/v2\/product"}],"about":[{"href":"https:\/\/toysmaniacornermonaco.com\/en\/wp-json\/wp\/v2\/types\/product"}],"replies":[{"embeddable":true,"href":"https:\/\/toysmaniacornermonaco.com\/en\/wp-json\/wp\/v2\/comments?post=6352"}],"wp:featuredmedia":[{"embeddable":true,"href":"https:\/\/toysmaniacornermonaco.com\/en\/wp-json\/wp\/v2\/media\/6353"}],"wp:attachment":[{"href":"https:\/\/toysmaniacornermonaco.com\/en\/wp-json\/wp\/v2\/media?parent=6352"}],"wp:term":[{"taxonomy":"product_cat","embeddable":true,"href":"https:\/\/toysmaniacornermonaco.com\/en\/wp-json\/wp\/v2\/product_cat?post=6352"},{"taxonomy":"product_tag","embeddable":true,"href":"https:\/\/toysmaniacornermonaco.com\/en\/wp-json\/wp\/v2\/product_tag?post=6352"}],"curies":[{"name":"wp","href":"https:\/\/api.w.org\/{rel}","templated":true}]}}