{"id":6358,"date":"2026-01-08T10:47:34","date_gmt":"2026-01-08T09:47:34","guid":{"rendered":"https:\/\/toysmaniacornermonaco.com\/?post_type=product&#038;p=6358"},"modified":"2026-01-08T10:58:57","modified_gmt":"2026-01-08T09:58:57","slug":"puma-bmw-motorsport-casquette-unisexe-bleue","status":"publish","type":"product","link":"https:\/\/toysmaniacornermonaco.com\/en\/produit\/puma-bmw-motorsport-casquette-unisexe-bleue\/","title":{"rendered":"PUMA BMW Motorsport \u2013 Casquette Unisexe Bleue"},"content":{"rendered":"<p class=\"isSelectedEnd\">Description du produit<br \/>\nCasquette officielle BMW Motorsport sign\u00e9e Puma, au design sportif inspir\u00e9 de l\u2019univers du sport automobile. Con\u00e7ue pour un usage unisexe, elle offre une conception l\u00e9g\u00e8re et confortable, id\u00e9ale pour le quotidien. Dot\u00e9e d\u2019une fermeture r\u00e9glable \u00e0 l\u2019arri\u00e8re, elle assure un ajustement optimal tout en mettant en avant l\u2019identit\u00e9 embl\u00e9matique de BMW Motorsport.<\/p>\n<p>REF : 02623303<br \/>\nGEN CODE : 4067984167637<br \/>\nCouleur : Bleu\/Rouge<br \/>\nMarque : BMW Motorsport \/ Puma<\/p>\n","protected":false},"excerpt":{"rendered":"Description du produit Casquette officielle BMW Motorsport sign\u00e9e Puma, au design sportif inspir\u00e9 de l\u2019univers du sport automobile. Con\u00e7ue pour un usage unisexe, elle offre une conception l\u00e9g\u00e8re et confortable, id\u00e9ale pour le quotidien. Dot\u00e9e d\u2019une fermeture r\u00e9glable \u00e0 l\u2019arri\u00e8re, elle assure un ajustement optimal tout en mettant en avant l\u2019identit\u00e9 embl\u00e9matique de BMW Motorsport&#8230;. <a class=\"view-article\" href=\"https:\/\/toysmaniacornermonaco.com\/en\/produit\/puma-bmw-motorsport-casquette-unisexe-bleue\/\">View Article<\/a>","protected":false},"featured_media":6359,"comment_status":"closed","ping_status":"closed","template":"","meta":{"_acf_changed":false},"product_cat":[711,390],"product_tag":[],"class_list":{"0":"post-6358","1":"product","2":"type-product","3":"status-publish","4":"has-post-thumbnail","6":"marque-bmw","7":"marque-puma","8":"idee_cadeau-femmes","9":"idee_cadeau-formula-one-f1","10":"idee_cadeau-hommes","11":"product_cat-casquette","12":"product_cat-vetements-et-accessoires","13":"product_shipping_class-moyencolis","15":"first","16":"instock","17":"taxable","18":"shipping-taxable","19":"purchasable","20":"product-type-simple"},"acf":[],"yoast_head":"<!-- This site is optimized with the Yoast SEO plugin v22.3 - https:\/\/yoast.com\/wordpress\/plugins\/seo\/ -->\n<title>PUMA BMW Motorsport \u2013 Casquette Unisexe Bleue - TOY&#039;S MANIA<\/title>\n<meta name=\"robots\" content=\"index, follow, max-snippet:-1, max-image-preview:large, max-video-preview:-1\" \/>\n<link rel=\"canonical\" href=\"https:\/\/toysmaniacornermonaco.com\/produit\/puma-bmw-motorsport-casquette-unisexe-bleue\/\" \/>\n<meta property=\"og:locale\" content=\"en_US\" \/>\n<meta property=\"og:type\" content=\"article\" \/>\n<meta property=\"og:title\" content=\"PUMA BMW Motorsport \u2013 Casquette Unisexe Bleue - TOY&#039;S MANIA\" \/>\n<meta property=\"og:description\" content=\"Description du produit Casquette officielle BMW Motorsport sign\u00e9e Puma, au design sportif inspir\u00e9 de l\u2019univers du sport automobile. Con\u00e7ue pour un usage unisexe, elle offre une conception l\u00e9g\u00e8re et confortable, id\u00e9ale pour le quotidien. Dot\u00e9e d\u2019une fermeture r\u00e9glable \u00e0 l\u2019arri\u00e8re, elle assure un ajustement optimal tout en mettant en avant l\u2019identit\u00e9 embl\u00e9matique de BMW Motorsport.... View Article\" \/>\n<meta property=\"og:url\" content=\"https:\/\/toysmaniacornermonaco.com\/produit\/puma-bmw-motorsport-casquette-unisexe-bleue\/\" \/>\n<meta property=\"og:site_name\" content=\"TOY&#039;S MANIA\" \/>\n<meta property=\"article:modified_time\" content=\"2026-01-08T09:58:57+00:00\" \/>\n<meta property=\"og:image\" content=\"https:\/\/toysmaniacornermonaco.com\/wp-content\/uploads\/2026\/01\/motosport.jpg\" \/>\n\t<meta property=\"og:image:width\" content=\"300\" \/>\n\t<meta property=\"og:image:height\" content=\"203\" \/>\n\t<meta property=\"og:image:type\" content=\"image\/jpeg\" \/>\n<meta name=\"twitter:card\" content=\"summary_large_image\" \/>\n<meta name=\"twitter:label1\" content=\"Est. reading time\" \/>\n\t<meta name=\"twitter:data1\" content=\"1 minute\" \/>\n<script type=\"application\/ld+json\" class=\"yoast-schema-graph\">{\"@context\":\"https:\/\/schema.org\",\"@graph\":[{\"@type\":\"WebPage\",\"@id\":\"https:\/\/toysmaniacornermonaco.com\/produit\/puma-bmw-motorsport-casquette-unisexe-bleue\/\",\"url\":\"https:\/\/toysmaniacornermonaco.com\/produit\/puma-bmw-motorsport-casquette-unisexe-bleue\/\",\"name\":\"PUMA BMW Motorsport \u2013 Casquette Unisexe Bleue - TOY&#039;S MANIA\",\"isPartOf\":{\"@id\":\"https:\/\/toysmaniacornermonaco.com\/#website\"},\"primaryImageOfPage\":{\"@id\":\"https:\/\/toysmaniacornermonaco.com\/produit\/puma-bmw-motorsport-casquette-unisexe-bleue\/#primaryimage\"},\"image\":{\"@id\":\"https:\/\/toysmaniacornermonaco.com\/produit\/puma-bmw-motorsport-casquette-unisexe-bleue\/#primaryimage\"},\"thumbnailUrl\":\"https:\/\/toysmaniacornermonaco.com\/wp-content\/uploads\/2026\/01\/motosport.jpg\",\"datePublished\":\"2026-01-08T09:47:34+00:00\",\"dateModified\":\"2026-01-08T09:58:57+00:00\",\"breadcrumb\":{\"@id\":\"https:\/\/toysmaniacornermonaco.com\/produit\/puma-bmw-motorsport-casquette-unisexe-bleue\/#breadcrumb\"},\"inLanguage\":\"en-US\",\"potentialAction\":[{\"@type\":\"ReadAction\",\"target\":[\"https:\/\/toysmaniacornermonaco.com\/produit\/puma-bmw-motorsport-casquette-unisexe-bleue\/\"]}]},{\"@type\":\"ImageObject\",\"inLanguage\":\"en-US\",\"@id\":\"https:\/\/toysmaniacornermonaco.com\/produit\/puma-bmw-motorsport-casquette-unisexe-bleue\/#primaryimage\",\"url\":\"https:\/\/toysmaniacornermonaco.com\/wp-content\/uploads\/2026\/01\/motosport.jpg\",\"contentUrl\":\"https:\/\/toysmaniacornermonaco.com\/wp-content\/uploads\/2026\/01\/motosport.jpg\",\"width\":300,\"height\":203},{\"@type\":\"BreadcrumbList\",\"@id\":\"https:\/\/toysmaniacornermonaco.com\/produit\/puma-bmw-motorsport-casquette-unisexe-bleue\/#breadcrumb\",\"itemListElement\":[{\"@type\":\"ListItem\",\"position\":1,\"name\":\"Accueil\",\"item\":\"https:\/\/toysmaniacornermonaco.com\/en\/\"},{\"@type\":\"ListItem\",\"position\":2,\"name\":\"Shop\",\"item\":\"https:\/\/toysmaniacornermonaco.com\/en\/shop\/\"},{\"@type\":\"ListItem\",\"position\":3,\"name\":\"PUMA BMW Motorsport \u2013 Casquette Unisexe Bleue\"}]},{\"@type\":\"WebSite\",\"@id\":\"https:\/\/toysmaniacornermonaco.com\/#website\",\"url\":\"https:\/\/toysmaniacornermonaco.com\/\",\"name\":\"TOY&#039;S MANIA\",\"description\":\"VOTRE CONCEPT STORE \u00c0 MONACO\",\"potentialAction\":[{\"@type\":\"SearchAction\",\"target\":{\"@type\":\"EntryPoint\",\"urlTemplate\":\"https:\/\/toysmaniacornermonaco.com\/?s={search_term_string}\"},\"query-input\":\"required name=search_term_string\"}],\"inLanguage\":\"en-US\"}]}<\/script>\n<!-- \/ Yoast SEO plugin. -->","yoast_head_json":{"title":"PUMA BMW Motorsport \u2013 Casquette Unisexe Bleue - TOY&#039;S MANIA","robots":{"index":"index","follow":"follow","max-snippet":"max-snippet:-1","max-image-preview":"max-image-preview:large","max-video-preview":"max-video-preview:-1"},"canonical":"https:\/\/toysmaniacornermonaco.com\/produit\/puma-bmw-motorsport-casquette-unisexe-bleue\/","og_locale":"en_US","og_type":"article","og_title":"PUMA BMW Motorsport \u2013 Casquette Unisexe Bleue - TOY&#039;S MANIA","og_description":"Description du produit Casquette officielle BMW Motorsport sign\u00e9e Puma, au design sportif inspir\u00e9 de l\u2019univers du sport automobile. Con\u00e7ue pour un usage unisexe, elle offre une conception l\u00e9g\u00e8re et confortable, id\u00e9ale pour le quotidien. Dot\u00e9e d\u2019une fermeture r\u00e9glable \u00e0 l\u2019arri\u00e8re, elle assure un ajustement optimal tout en mettant en avant l\u2019identit\u00e9 embl\u00e9matique de BMW Motorsport.... View Article","og_url":"https:\/\/toysmaniacornermonaco.com\/produit\/puma-bmw-motorsport-casquette-unisexe-bleue\/","og_site_name":"TOY&#039;S MANIA","article_modified_time":"2026-01-08T09:58:57+00:00","og_image":[{"width":300,"height":203,"url":"https:\/\/toysmaniacornermonaco.com\/wp-content\/uploads\/2026\/01\/motosport.jpg","type":"image\/jpeg"}],"twitter_card":"summary_large_image","twitter_misc":{"Est. reading time":"1 minute"},"schema":{"@context":"https:\/\/schema.org","@graph":[{"@type":"WebPage","@id":"https:\/\/toysmaniacornermonaco.com\/produit\/puma-bmw-motorsport-casquette-unisexe-bleue\/","url":"https:\/\/toysmaniacornermonaco.com\/produit\/puma-bmw-motorsport-casquette-unisexe-bleue\/","name":"PUMA BMW Motorsport \u2013 Casquette Unisexe Bleue - TOY&#039;S MANIA","isPartOf":{"@id":"https:\/\/toysmaniacornermonaco.com\/#website"},"primaryImageOfPage":{"@id":"https:\/\/toysmaniacornermonaco.com\/produit\/puma-bmw-motorsport-casquette-unisexe-bleue\/#primaryimage"},"image":{"@id":"https:\/\/toysmaniacornermonaco.com\/produit\/puma-bmw-motorsport-casquette-unisexe-bleue\/#primaryimage"},"thumbnailUrl":"https:\/\/toysmaniacornermonaco.com\/wp-content\/uploads\/2026\/01\/motosport.jpg","datePublished":"2026-01-08T09:47:34+00:00","dateModified":"2026-01-08T09:58:57+00:00","breadcrumb":{"@id":"https:\/\/toysmaniacornermonaco.com\/produit\/puma-bmw-motorsport-casquette-unisexe-bleue\/#breadcrumb"},"inLanguage":"en-US","potentialAction":[{"@type":"ReadAction","target":["https:\/\/toysmaniacornermonaco.com\/produit\/puma-bmw-motorsport-casquette-unisexe-bleue\/"]}]},{"@type":"ImageObject","inLanguage":"en-US","@id":"https:\/\/toysmaniacornermonaco.com\/produit\/puma-bmw-motorsport-casquette-unisexe-bleue\/#primaryimage","url":"https:\/\/toysmaniacornermonaco.com\/wp-content\/uploads\/2026\/01\/motosport.jpg","contentUrl":"https:\/\/toysmaniacornermonaco.com\/wp-content\/uploads\/2026\/01\/motosport.jpg","width":300,"height":203},{"@type":"BreadcrumbList","@id":"https:\/\/toysmaniacornermonaco.com\/produit\/puma-bmw-motorsport-casquette-unisexe-bleue\/#breadcrumb","itemListElement":[{"@type":"ListItem","position":1,"name":"Accueil","item":"https:\/\/toysmaniacornermonaco.com\/en\/"},{"@type":"ListItem","position":2,"name":"Shop","item":"https:\/\/toysmaniacornermonaco.com\/en\/shop\/"},{"@type":"ListItem","position":3,"name":"PUMA BMW Motorsport \u2013 Casquette Unisexe Bleue"}]},{"@type":"WebSite","@id":"https:\/\/toysmaniacornermonaco.com\/#website","url":"https:\/\/toysmaniacornermonaco.com\/","name":"TOY&#039;S MANIA","description":"VOTRE CONCEPT STORE \u00c0 MONACO","potentialAction":[{"@type":"SearchAction","target":{"@type":"EntryPoint","urlTemplate":"https:\/\/toysmaniacornermonaco.com\/?s={search_term_string}"},"query-input":"required name=search_term_string"}],"inLanguage":"en-US"}]}},"_links":{"self":[{"href":"https:\/\/toysmaniacornermonaco.com\/en\/wp-json\/wp\/v2\/product\/6358","targetHints":{"allow":["GET"]}}],"collection":[{"href":"https:\/\/toysmaniacornermonaco.com\/en\/wp-json\/wp\/v2\/product"}],"about":[{"href":"https:\/\/toysmaniacornermonaco.com\/en\/wp-json\/wp\/v2\/types\/product"}],"replies":[{"embeddable":true,"href":"https:\/\/toysmaniacornermonaco.com\/en\/wp-json\/wp\/v2\/comments?post=6358"}],"wp:featuredmedia":[{"embeddable":true,"href":"https:\/\/toysmaniacornermonaco.com\/en\/wp-json\/wp\/v2\/media\/6359"}],"wp:attachment":[{"href":"https:\/\/toysmaniacornermonaco.com\/en\/wp-json\/wp\/v2\/media?parent=6358"}],"wp:term":[{"taxonomy":"product_cat","embeddable":true,"href":"https:\/\/toysmaniacornermonaco.com\/en\/wp-json\/wp\/v2\/product_cat?post=6358"},{"taxonomy":"product_tag","embeddable":true,"href":"https:\/\/toysmaniacornermonaco.com\/en\/wp-json\/wp\/v2\/product_tag?post=6358"}],"curies":[{"name":"wp","href":"https:\/\/api.w.org\/{rel}","templated":true}]}}