{"id":6364,"date":"2026-01-08T11:49:20","date_gmt":"2026-01-08T10:49:20","guid":{"rendered":"https:\/\/toysmaniacornermonaco.com\/?post_type=product&#038;p=6364"},"modified":"2026-01-08T12:07:56","modified_gmt":"2026-01-08T11:07:56","slug":"scuderia-ferrari-2025-casquette-a-rayures-fines-rouge","status":"publish","type":"product","link":"https:\/\/toysmaniacornermonaco.com\/en\/produit\/scuderia-ferrari-2025-casquette-a-rayures-fines-rouge\/","title":{"rendered":"Scuderia Ferrari 2025 \u2013 Casquette \u00e0 Rayures Fines Rouge"},"content":{"rendered":"<p class=\"isSelectedEnd\">Description du produit<br \/>\nCasquette officielle Scuderia Ferrari pour la saison 2025, reconnaissable \u00e0 son design \u00e0 rayures fines \u00e9l\u00e9gant et sportif. Con\u00e7ue pour offrir un excellent confort au quotidien, elle est l\u00e9g\u00e8re, agr\u00e9able \u00e0 porter et dot\u00e9e d\u2019un syst\u00e8me de r\u00e9glage permettant un ajustement optimal. Son coloris rouge embl\u00e9matique met parfaitement en valeur l\u2019identit\u00e9 iconique de la Scuderia Ferrari.<\/p>\n<p>REF : 701 233 006 001<br \/>\nGEN CODE : 4069156238305<br \/>\nCouleur : Rouge<br \/>\nMarque : Scuderia Ferrari<\/p>\n","protected":false},"excerpt":{"rendered":"Description du produit Casquette officielle Scuderia Ferrari pour la saison 2025, reconnaissable \u00e0 son design \u00e0 rayures fines \u00e9l\u00e9gant et sportif. Con\u00e7ue pour offrir un excellent confort au quotidien, elle est l\u00e9g\u00e8re, agr\u00e9able \u00e0 porter et dot\u00e9e d\u2019un syst\u00e8me de r\u00e9glage permettant un ajustement optimal. Son coloris rouge embl\u00e9matique met parfaitement en valeur l\u2019identit\u00e9 iconique&#8230; <a class=\"view-article\" href=\"https:\/\/toysmaniacornermonaco.com\/en\/produit\/scuderia-ferrari-2025-casquette-a-rayures-fines-rouge\/\">View Article<\/a>","protected":false},"featured_media":6365,"comment_status":"closed","ping_status":"closed","template":"","meta":{"_acf_changed":false},"product_cat":[711,390],"product_tag":[],"class_list":{"0":"post-6364","1":"product","2":"type-product","3":"status-publish","4":"has-post-thumbnail","6":"marque-ferrari","7":"idee_cadeau-femmes","8":"idee_cadeau-formula-one-f1","9":"idee_cadeau-hommes","10":"product_cat-casquette","11":"product_cat-vetements-et-accessoires","12":"product_shipping_class-moyencolis","14":"first","15":"instock","16":"taxable","17":"shipping-taxable","18":"purchasable","19":"product-type-simple"},"acf":[],"yoast_head":"<!-- This site is optimized with the Yoast SEO plugin v22.3 - https:\/\/yoast.com\/wordpress\/plugins\/seo\/ -->\n<title>Scuderia Ferrari 2025 \u2013 Casquette \u00e0 Rayures Fines Rouge - TOY&#039;S MANIA<\/title>\n<meta name=\"robots\" content=\"index, follow, max-snippet:-1, max-image-preview:large, max-video-preview:-1\" \/>\n<link rel=\"canonical\" href=\"https:\/\/toysmaniacornermonaco.com\/produit\/scuderia-ferrari-2025-casquette-a-rayures-fines-rouge\/\" \/>\n<meta property=\"og:locale\" content=\"en_US\" \/>\n<meta property=\"og:type\" content=\"article\" \/>\n<meta property=\"og:title\" content=\"Scuderia Ferrari 2025 \u2013 Casquette \u00e0 Rayures Fines Rouge - TOY&#039;S MANIA\" \/>\n<meta property=\"og:description\" content=\"Description du produit Casquette officielle Scuderia Ferrari pour la saison 2025, reconnaissable \u00e0 son design \u00e0 rayures fines \u00e9l\u00e9gant et sportif. Con\u00e7ue pour offrir un excellent confort au quotidien, elle est l\u00e9g\u00e8re, agr\u00e9able \u00e0 porter et dot\u00e9e d\u2019un syst\u00e8me de r\u00e9glage permettant un ajustement optimal. Son coloris rouge embl\u00e9matique met parfaitement en valeur l\u2019identit\u00e9 iconique... View Article\" \/>\n<meta property=\"og:url\" content=\"https:\/\/toysmaniacornermonaco.com\/produit\/scuderia-ferrari-2025-casquette-a-rayures-fines-rouge\/\" \/>\n<meta property=\"og:site_name\" content=\"TOY&#039;S MANIA\" \/>\n<meta property=\"article:modified_time\" content=\"2026-01-08T11:07:56+00:00\" \/>\n<meta property=\"og:image\" content=\"https:\/\/toysmaniacornermonaco.com\/wp-content\/uploads\/2026\/01\/ferrari.jpg\" \/>\n\t<meta property=\"og:image:width\" content=\"225\" \/>\n\t<meta property=\"og:image:height\" content=\"225\" \/>\n\t<meta property=\"og:image:type\" content=\"image\/jpeg\" \/>\n<meta name=\"twitter:card\" content=\"summary_large_image\" \/>\n<meta name=\"twitter:label1\" content=\"Est. reading time\" \/>\n\t<meta name=\"twitter:data1\" content=\"1 minute\" \/>\n<script type=\"application\/ld+json\" class=\"yoast-schema-graph\">{\"@context\":\"https:\/\/schema.org\",\"@graph\":[{\"@type\":\"WebPage\",\"@id\":\"https:\/\/toysmaniacornermonaco.com\/produit\/scuderia-ferrari-2025-casquette-a-rayures-fines-rouge\/\",\"url\":\"https:\/\/toysmaniacornermonaco.com\/produit\/scuderia-ferrari-2025-casquette-a-rayures-fines-rouge\/\",\"name\":\"Scuderia Ferrari 2025 \u2013 Casquette \u00e0 Rayures Fines Rouge - TOY&#039;S MANIA\",\"isPartOf\":{\"@id\":\"https:\/\/toysmaniacornermonaco.com\/#website\"},\"primaryImageOfPage\":{\"@id\":\"https:\/\/toysmaniacornermonaco.com\/produit\/scuderia-ferrari-2025-casquette-a-rayures-fines-rouge\/#primaryimage\"},\"image\":{\"@id\":\"https:\/\/toysmaniacornermonaco.com\/produit\/scuderia-ferrari-2025-casquette-a-rayures-fines-rouge\/#primaryimage\"},\"thumbnailUrl\":\"https:\/\/toysmaniacornermonaco.com\/wp-content\/uploads\/2026\/01\/ferrari.jpg\",\"datePublished\":\"2026-01-08T10:49:20+00:00\",\"dateModified\":\"2026-01-08T11:07:56+00:00\",\"breadcrumb\":{\"@id\":\"https:\/\/toysmaniacornermonaco.com\/produit\/scuderia-ferrari-2025-casquette-a-rayures-fines-rouge\/#breadcrumb\"},\"inLanguage\":\"en-US\",\"potentialAction\":[{\"@type\":\"ReadAction\",\"target\":[\"https:\/\/toysmaniacornermonaco.com\/produit\/scuderia-ferrari-2025-casquette-a-rayures-fines-rouge\/\"]}]},{\"@type\":\"ImageObject\",\"inLanguage\":\"en-US\",\"@id\":\"https:\/\/toysmaniacornermonaco.com\/produit\/scuderia-ferrari-2025-casquette-a-rayures-fines-rouge\/#primaryimage\",\"url\":\"https:\/\/toysmaniacornermonaco.com\/wp-content\/uploads\/2026\/01\/ferrari.jpg\",\"contentUrl\":\"https:\/\/toysmaniacornermonaco.com\/wp-content\/uploads\/2026\/01\/ferrari.jpg\",\"width\":225,\"height\":225},{\"@type\":\"BreadcrumbList\",\"@id\":\"https:\/\/toysmaniacornermonaco.com\/produit\/scuderia-ferrari-2025-casquette-a-rayures-fines-rouge\/#breadcrumb\",\"itemListElement\":[{\"@type\":\"ListItem\",\"position\":1,\"name\":\"Accueil\",\"item\":\"https:\/\/toysmaniacornermonaco.com\/en\/\"},{\"@type\":\"ListItem\",\"position\":2,\"name\":\"Shop\",\"item\":\"https:\/\/toysmaniacornermonaco.com\/en\/shop\/\"},{\"@type\":\"ListItem\",\"position\":3,\"name\":\"Scuderia Ferrari 2025 \u2013 Casquette \u00e0 Rayures Fines Rouge\"}]},{\"@type\":\"WebSite\",\"@id\":\"https:\/\/toysmaniacornermonaco.com\/#website\",\"url\":\"https:\/\/toysmaniacornermonaco.com\/\",\"name\":\"TOY&#039;S MANIA\",\"description\":\"VOTRE CONCEPT STORE \u00c0 MONACO\",\"potentialAction\":[{\"@type\":\"SearchAction\",\"target\":{\"@type\":\"EntryPoint\",\"urlTemplate\":\"https:\/\/toysmaniacornermonaco.com\/?s={search_term_string}\"},\"query-input\":\"required name=search_term_string\"}],\"inLanguage\":\"en-US\"}]}<\/script>\n<!-- \/ Yoast SEO plugin. -->","yoast_head_json":{"title":"Scuderia Ferrari 2025 \u2013 Casquette \u00e0 Rayures Fines Rouge - TOY&#039;S MANIA","robots":{"index":"index","follow":"follow","max-snippet":"max-snippet:-1","max-image-preview":"max-image-preview:large","max-video-preview":"max-video-preview:-1"},"canonical":"https:\/\/toysmaniacornermonaco.com\/produit\/scuderia-ferrari-2025-casquette-a-rayures-fines-rouge\/","og_locale":"en_US","og_type":"article","og_title":"Scuderia Ferrari 2025 \u2013 Casquette \u00e0 Rayures Fines Rouge - TOY&#039;S MANIA","og_description":"Description du produit Casquette officielle Scuderia Ferrari pour la saison 2025, reconnaissable \u00e0 son design \u00e0 rayures fines \u00e9l\u00e9gant et sportif. Con\u00e7ue pour offrir un excellent confort au quotidien, elle est l\u00e9g\u00e8re, agr\u00e9able \u00e0 porter et dot\u00e9e d\u2019un syst\u00e8me de r\u00e9glage permettant un ajustement optimal. Son coloris rouge embl\u00e9matique met parfaitement en valeur l\u2019identit\u00e9 iconique... View Article","og_url":"https:\/\/toysmaniacornermonaco.com\/produit\/scuderia-ferrari-2025-casquette-a-rayures-fines-rouge\/","og_site_name":"TOY&#039;S MANIA","article_modified_time":"2026-01-08T11:07:56+00:00","og_image":[{"width":225,"height":225,"url":"https:\/\/toysmaniacornermonaco.com\/wp-content\/uploads\/2026\/01\/ferrari.jpg","type":"image\/jpeg"}],"twitter_card":"summary_large_image","twitter_misc":{"Est. reading time":"1 minute"},"schema":{"@context":"https:\/\/schema.org","@graph":[{"@type":"WebPage","@id":"https:\/\/toysmaniacornermonaco.com\/produit\/scuderia-ferrari-2025-casquette-a-rayures-fines-rouge\/","url":"https:\/\/toysmaniacornermonaco.com\/produit\/scuderia-ferrari-2025-casquette-a-rayures-fines-rouge\/","name":"Scuderia Ferrari 2025 \u2013 Casquette \u00e0 Rayures Fines Rouge - TOY&#039;S MANIA","isPartOf":{"@id":"https:\/\/toysmaniacornermonaco.com\/#website"},"primaryImageOfPage":{"@id":"https:\/\/toysmaniacornermonaco.com\/produit\/scuderia-ferrari-2025-casquette-a-rayures-fines-rouge\/#primaryimage"},"image":{"@id":"https:\/\/toysmaniacornermonaco.com\/produit\/scuderia-ferrari-2025-casquette-a-rayures-fines-rouge\/#primaryimage"},"thumbnailUrl":"https:\/\/toysmaniacornermonaco.com\/wp-content\/uploads\/2026\/01\/ferrari.jpg","datePublished":"2026-01-08T10:49:20+00:00","dateModified":"2026-01-08T11:07:56+00:00","breadcrumb":{"@id":"https:\/\/toysmaniacornermonaco.com\/produit\/scuderia-ferrari-2025-casquette-a-rayures-fines-rouge\/#breadcrumb"},"inLanguage":"en-US","potentialAction":[{"@type":"ReadAction","target":["https:\/\/toysmaniacornermonaco.com\/produit\/scuderia-ferrari-2025-casquette-a-rayures-fines-rouge\/"]}]},{"@type":"ImageObject","inLanguage":"en-US","@id":"https:\/\/toysmaniacornermonaco.com\/produit\/scuderia-ferrari-2025-casquette-a-rayures-fines-rouge\/#primaryimage","url":"https:\/\/toysmaniacornermonaco.com\/wp-content\/uploads\/2026\/01\/ferrari.jpg","contentUrl":"https:\/\/toysmaniacornermonaco.com\/wp-content\/uploads\/2026\/01\/ferrari.jpg","width":225,"height":225},{"@type":"BreadcrumbList","@id":"https:\/\/toysmaniacornermonaco.com\/produit\/scuderia-ferrari-2025-casquette-a-rayures-fines-rouge\/#breadcrumb","itemListElement":[{"@type":"ListItem","position":1,"name":"Accueil","item":"https:\/\/toysmaniacornermonaco.com\/en\/"},{"@type":"ListItem","position":2,"name":"Shop","item":"https:\/\/toysmaniacornermonaco.com\/en\/shop\/"},{"@type":"ListItem","position":3,"name":"Scuderia Ferrari 2025 \u2013 Casquette \u00e0 Rayures Fines Rouge"}]},{"@type":"WebSite","@id":"https:\/\/toysmaniacornermonaco.com\/#website","url":"https:\/\/toysmaniacornermonaco.com\/","name":"TOY&#039;S MANIA","description":"VOTRE CONCEPT STORE \u00c0 MONACO","potentialAction":[{"@type":"SearchAction","target":{"@type":"EntryPoint","urlTemplate":"https:\/\/toysmaniacornermonaco.com\/?s={search_term_string}"},"query-input":"required name=search_term_string"}],"inLanguage":"en-US"}]}},"_links":{"self":[{"href":"https:\/\/toysmaniacornermonaco.com\/en\/wp-json\/wp\/v2\/product\/6364","targetHints":{"allow":["GET"]}}],"collection":[{"href":"https:\/\/toysmaniacornermonaco.com\/en\/wp-json\/wp\/v2\/product"}],"about":[{"href":"https:\/\/toysmaniacornermonaco.com\/en\/wp-json\/wp\/v2\/types\/product"}],"replies":[{"embeddable":true,"href":"https:\/\/toysmaniacornermonaco.com\/en\/wp-json\/wp\/v2\/comments?post=6364"}],"wp:featuredmedia":[{"embeddable":true,"href":"https:\/\/toysmaniacornermonaco.com\/en\/wp-json\/wp\/v2\/media\/6365"}],"wp:attachment":[{"href":"https:\/\/toysmaniacornermonaco.com\/en\/wp-json\/wp\/v2\/media?parent=6364"}],"wp:term":[{"taxonomy":"product_cat","embeddable":true,"href":"https:\/\/toysmaniacornermonaco.com\/en\/wp-json\/wp\/v2\/product_cat?post=6364"},{"taxonomy":"product_tag","embeddable":true,"href":"https:\/\/toysmaniacornermonaco.com\/en\/wp-json\/wp\/v2\/product_tag?post=6364"}],"curies":[{"name":"wp","href":"https:\/\/api.w.org\/{rel}","templated":true}]}}