{"id":6379,"date":"2026-01-17T15:24:06","date_gmt":"2026-01-17T14:24:06","guid":{"rendered":"https:\/\/toysmaniacornermonaco.com\/?post_type=product&#038;p=6379"},"modified":"2026-01-17T15:43:31","modified_gmt":"2026-01-17T14:43:31","slug":"puma-scuderia-ferrari-f1-2025-casquette-charles-leclerc-rouge","status":"publish","type":"product","link":"https:\/\/toysmaniacornermonaco.com\/en\/produit\/puma-scuderia-ferrari-f1-2025-casquette-charles-leclerc-rouge\/","title":{"rendered":"PUMA Scuderia Ferrari F1 2025 \u2013 Casquette Charles Leclerc Rouge"},"content":{"rendered":"<p class=\"isSelectedEnd\">Description du produit<br \/>\nCasquette officielle Scuderia Ferrari F1 pour la saison 2025, d\u00e9di\u00e9e au pilote Charles Leclerc et con\u00e7ue par Puma. Inspir\u00e9e de l\u2019univers de la comp\u00e9tition, elle offre un excellent confort gr\u00e2ce \u00e0 sa conception l\u00e9g\u00e8re et sa fermeture r\u00e9glable \u00e0 l\u2019arri\u00e8re. Son coloris rouge embl\u00e9matique permet d\u2019afficher fi\u00e8rement le soutien \u00e0 la Scuderia Ferrari et \u00e0 l\u2019un de ses pilotes phares.<\/p>\n<p>REF : 02627701<br \/>\nGEN CODE : 4069156238375<br \/>\nCouleur : Rouge<br \/>\nMarque : Scuderia Ferrari \/ Puma<\/p>\n","protected":false},"excerpt":{"rendered":"Description du produit Casquette officielle Scuderia Ferrari F1 pour la saison 2025, d\u00e9di\u00e9e au pilote Charles Leclerc et con\u00e7ue par Puma. Inspir\u00e9e de l\u2019univers de la comp\u00e9tition, elle offre un excellent confort gr\u00e2ce \u00e0 sa conception l\u00e9g\u00e8re et sa fermeture r\u00e9glable \u00e0 l\u2019arri\u00e8re. Son coloris rouge embl\u00e9matique permet d\u2019afficher fi\u00e8rement le soutien \u00e0 la Scuderia&#8230; <a class=\"view-article\" href=\"https:\/\/toysmaniacornermonaco.com\/en\/produit\/puma-scuderia-ferrari-f1-2025-casquette-charles-leclerc-rouge\/\">View Article<\/a>","protected":false},"featured_media":6380,"comment_status":"closed","ping_status":"closed","template":"","meta":{"_acf_changed":false},"product_cat":[711,390],"product_tag":[],"class_list":{"0":"post-6379","1":"product","2":"type-product","3":"status-publish","4":"has-post-thumbnail","6":"marque-ferrari","7":"marque-puma","8":"idee_cadeau-femmes","9":"idee_cadeau-formula-one-f1","10":"idee_cadeau-hommes","11":"product_cat-casquette","12":"product_cat-vetements-et-accessoires","13":"product_shipping_class-moyencolis","15":"first","16":"instock","17":"taxable","18":"shipping-taxable","19":"purchasable","20":"product-type-simple"},"acf":[],"yoast_head":"<!-- This site is optimized with the Yoast SEO plugin v22.3 - https:\/\/yoast.com\/wordpress\/plugins\/seo\/ -->\n<title>PUMA Scuderia Ferrari F1 2025 \u2013 Casquette Charles Leclerc Rouge - TOY&#039;S MANIA<\/title>\n<meta name=\"robots\" content=\"index, follow, max-snippet:-1, max-image-preview:large, max-video-preview:-1\" \/>\n<link rel=\"canonical\" href=\"https:\/\/toysmaniacornermonaco.com\/produit\/puma-scuderia-ferrari-f1-2025-casquette-charles-leclerc-rouge\/\" \/>\n<meta property=\"og:locale\" content=\"en_US\" \/>\n<meta property=\"og:type\" content=\"article\" \/>\n<meta property=\"og:title\" content=\"PUMA Scuderia Ferrari F1 2025 \u2013 Casquette Charles Leclerc Rouge - TOY&#039;S MANIA\" \/>\n<meta property=\"og:description\" content=\"Description du produit Casquette officielle Scuderia Ferrari F1 pour la saison 2025, d\u00e9di\u00e9e au pilote Charles Leclerc et con\u00e7ue par Puma. Inspir\u00e9e de l\u2019univers de la comp\u00e9tition, elle offre un excellent confort gr\u00e2ce \u00e0 sa conception l\u00e9g\u00e8re et sa fermeture r\u00e9glable \u00e0 l\u2019arri\u00e8re. Son coloris rouge embl\u00e9matique permet d\u2019afficher fi\u00e8rement le soutien \u00e0 la Scuderia... View Article\" \/>\n<meta property=\"og:url\" content=\"https:\/\/toysmaniacornermonaco.com\/produit\/puma-scuderia-ferrari-f1-2025-casquette-charles-leclerc-rouge\/\" \/>\n<meta property=\"og:site_name\" content=\"TOY&#039;S MANIA\" \/>\n<meta property=\"article:modified_time\" content=\"2026-01-17T14:43:31+00:00\" \/>\n<meta property=\"og:image\" content=\"https:\/\/toysmaniacornermonaco.com\/wp-content\/uploads\/2026\/01\/FERRAI.jpg\" \/>\n\t<meta property=\"og:image:width\" content=\"385\" \/>\n\t<meta property=\"og:image:height\" content=\"252\" \/>\n\t<meta property=\"og:image:type\" content=\"image\/jpeg\" \/>\n<meta name=\"twitter:card\" content=\"summary_large_image\" \/>\n<meta name=\"twitter:label1\" content=\"Est. reading time\" \/>\n\t<meta name=\"twitter:data1\" content=\"1 minute\" \/>\n<script type=\"application\/ld+json\" class=\"yoast-schema-graph\">{\"@context\":\"https:\/\/schema.org\",\"@graph\":[{\"@type\":\"WebPage\",\"@id\":\"https:\/\/toysmaniacornermonaco.com\/produit\/puma-scuderia-ferrari-f1-2025-casquette-charles-leclerc-rouge\/\",\"url\":\"https:\/\/toysmaniacornermonaco.com\/produit\/puma-scuderia-ferrari-f1-2025-casquette-charles-leclerc-rouge\/\",\"name\":\"PUMA Scuderia Ferrari F1 2025 \u2013 Casquette Charles Leclerc Rouge - TOY&#039;S MANIA\",\"isPartOf\":{\"@id\":\"https:\/\/toysmaniacornermonaco.com\/#website\"},\"primaryImageOfPage\":{\"@id\":\"https:\/\/toysmaniacornermonaco.com\/produit\/puma-scuderia-ferrari-f1-2025-casquette-charles-leclerc-rouge\/#primaryimage\"},\"image\":{\"@id\":\"https:\/\/toysmaniacornermonaco.com\/produit\/puma-scuderia-ferrari-f1-2025-casquette-charles-leclerc-rouge\/#primaryimage\"},\"thumbnailUrl\":\"https:\/\/toysmaniacornermonaco.com\/wp-content\/uploads\/2026\/01\/FERRAI.jpg\",\"datePublished\":\"2026-01-17T14:24:06+00:00\",\"dateModified\":\"2026-01-17T14:43:31+00:00\",\"breadcrumb\":{\"@id\":\"https:\/\/toysmaniacornermonaco.com\/produit\/puma-scuderia-ferrari-f1-2025-casquette-charles-leclerc-rouge\/#breadcrumb\"},\"inLanguage\":\"en-US\",\"potentialAction\":[{\"@type\":\"ReadAction\",\"target\":[\"https:\/\/toysmaniacornermonaco.com\/produit\/puma-scuderia-ferrari-f1-2025-casquette-charles-leclerc-rouge\/\"]}]},{\"@type\":\"ImageObject\",\"inLanguage\":\"en-US\",\"@id\":\"https:\/\/toysmaniacornermonaco.com\/produit\/puma-scuderia-ferrari-f1-2025-casquette-charles-leclerc-rouge\/#primaryimage\",\"url\":\"https:\/\/toysmaniacornermonaco.com\/wp-content\/uploads\/2026\/01\/FERRAI.jpg\",\"contentUrl\":\"https:\/\/toysmaniacornermonaco.com\/wp-content\/uploads\/2026\/01\/FERRAI.jpg\",\"width\":385,\"height\":252},{\"@type\":\"BreadcrumbList\",\"@id\":\"https:\/\/toysmaniacornermonaco.com\/produit\/puma-scuderia-ferrari-f1-2025-casquette-charles-leclerc-rouge\/#breadcrumb\",\"itemListElement\":[{\"@type\":\"ListItem\",\"position\":1,\"name\":\"Accueil\",\"item\":\"https:\/\/toysmaniacornermonaco.com\/en\/\"},{\"@type\":\"ListItem\",\"position\":2,\"name\":\"Shop\",\"item\":\"https:\/\/toysmaniacornermonaco.com\/en\/shop\/\"},{\"@type\":\"ListItem\",\"position\":3,\"name\":\"PUMA Scuderia Ferrari F1 2025 \u2013 Casquette Charles Leclerc Rouge\"}]},{\"@type\":\"WebSite\",\"@id\":\"https:\/\/toysmaniacornermonaco.com\/#website\",\"url\":\"https:\/\/toysmaniacornermonaco.com\/\",\"name\":\"TOY&#039;S MANIA\",\"description\":\"VOTRE CONCEPT STORE \u00c0 MONACO\",\"potentialAction\":[{\"@type\":\"SearchAction\",\"target\":{\"@type\":\"EntryPoint\",\"urlTemplate\":\"https:\/\/toysmaniacornermonaco.com\/?s={search_term_string}\"},\"query-input\":\"required name=search_term_string\"}],\"inLanguage\":\"en-US\"}]}<\/script>\n<!-- \/ Yoast SEO plugin. -->","yoast_head_json":{"title":"PUMA Scuderia Ferrari F1 2025 \u2013 Casquette Charles Leclerc Rouge - TOY&#039;S MANIA","robots":{"index":"index","follow":"follow","max-snippet":"max-snippet:-1","max-image-preview":"max-image-preview:large","max-video-preview":"max-video-preview:-1"},"canonical":"https:\/\/toysmaniacornermonaco.com\/produit\/puma-scuderia-ferrari-f1-2025-casquette-charles-leclerc-rouge\/","og_locale":"en_US","og_type":"article","og_title":"PUMA Scuderia Ferrari F1 2025 \u2013 Casquette Charles Leclerc Rouge - TOY&#039;S MANIA","og_description":"Description du produit Casquette officielle Scuderia Ferrari F1 pour la saison 2025, d\u00e9di\u00e9e au pilote Charles Leclerc et con\u00e7ue par Puma. Inspir\u00e9e de l\u2019univers de la comp\u00e9tition, elle offre un excellent confort gr\u00e2ce \u00e0 sa conception l\u00e9g\u00e8re et sa fermeture r\u00e9glable \u00e0 l\u2019arri\u00e8re. Son coloris rouge embl\u00e9matique permet d\u2019afficher fi\u00e8rement le soutien \u00e0 la Scuderia... View Article","og_url":"https:\/\/toysmaniacornermonaco.com\/produit\/puma-scuderia-ferrari-f1-2025-casquette-charles-leclerc-rouge\/","og_site_name":"TOY&#039;S MANIA","article_modified_time":"2026-01-17T14:43:31+00:00","og_image":[{"width":385,"height":252,"url":"https:\/\/toysmaniacornermonaco.com\/wp-content\/uploads\/2026\/01\/FERRAI.jpg","type":"image\/jpeg"}],"twitter_card":"summary_large_image","twitter_misc":{"Est. reading time":"1 minute"},"schema":{"@context":"https:\/\/schema.org","@graph":[{"@type":"WebPage","@id":"https:\/\/toysmaniacornermonaco.com\/produit\/puma-scuderia-ferrari-f1-2025-casquette-charles-leclerc-rouge\/","url":"https:\/\/toysmaniacornermonaco.com\/produit\/puma-scuderia-ferrari-f1-2025-casquette-charles-leclerc-rouge\/","name":"PUMA Scuderia Ferrari F1 2025 \u2013 Casquette Charles Leclerc Rouge - TOY&#039;S MANIA","isPartOf":{"@id":"https:\/\/toysmaniacornermonaco.com\/#website"},"primaryImageOfPage":{"@id":"https:\/\/toysmaniacornermonaco.com\/produit\/puma-scuderia-ferrari-f1-2025-casquette-charles-leclerc-rouge\/#primaryimage"},"image":{"@id":"https:\/\/toysmaniacornermonaco.com\/produit\/puma-scuderia-ferrari-f1-2025-casquette-charles-leclerc-rouge\/#primaryimage"},"thumbnailUrl":"https:\/\/toysmaniacornermonaco.com\/wp-content\/uploads\/2026\/01\/FERRAI.jpg","datePublished":"2026-01-17T14:24:06+00:00","dateModified":"2026-01-17T14:43:31+00:00","breadcrumb":{"@id":"https:\/\/toysmaniacornermonaco.com\/produit\/puma-scuderia-ferrari-f1-2025-casquette-charles-leclerc-rouge\/#breadcrumb"},"inLanguage":"en-US","potentialAction":[{"@type":"ReadAction","target":["https:\/\/toysmaniacornermonaco.com\/produit\/puma-scuderia-ferrari-f1-2025-casquette-charles-leclerc-rouge\/"]}]},{"@type":"ImageObject","inLanguage":"en-US","@id":"https:\/\/toysmaniacornermonaco.com\/produit\/puma-scuderia-ferrari-f1-2025-casquette-charles-leclerc-rouge\/#primaryimage","url":"https:\/\/toysmaniacornermonaco.com\/wp-content\/uploads\/2026\/01\/FERRAI.jpg","contentUrl":"https:\/\/toysmaniacornermonaco.com\/wp-content\/uploads\/2026\/01\/FERRAI.jpg","width":385,"height":252},{"@type":"BreadcrumbList","@id":"https:\/\/toysmaniacornermonaco.com\/produit\/puma-scuderia-ferrari-f1-2025-casquette-charles-leclerc-rouge\/#breadcrumb","itemListElement":[{"@type":"ListItem","position":1,"name":"Accueil","item":"https:\/\/toysmaniacornermonaco.com\/en\/"},{"@type":"ListItem","position":2,"name":"Shop","item":"https:\/\/toysmaniacornermonaco.com\/en\/shop\/"},{"@type":"ListItem","position":3,"name":"PUMA Scuderia Ferrari F1 2025 \u2013 Casquette Charles Leclerc Rouge"}]},{"@type":"WebSite","@id":"https:\/\/toysmaniacornermonaco.com\/#website","url":"https:\/\/toysmaniacornermonaco.com\/","name":"TOY&#039;S MANIA","description":"VOTRE CONCEPT STORE \u00c0 MONACO","potentialAction":[{"@type":"SearchAction","target":{"@type":"EntryPoint","urlTemplate":"https:\/\/toysmaniacornermonaco.com\/?s={search_term_string}"},"query-input":"required name=search_term_string"}],"inLanguage":"en-US"}]}},"_links":{"self":[{"href":"https:\/\/toysmaniacornermonaco.com\/en\/wp-json\/wp\/v2\/product\/6379","targetHints":{"allow":["GET"]}}],"collection":[{"href":"https:\/\/toysmaniacornermonaco.com\/en\/wp-json\/wp\/v2\/product"}],"about":[{"href":"https:\/\/toysmaniacornermonaco.com\/en\/wp-json\/wp\/v2\/types\/product"}],"replies":[{"embeddable":true,"href":"https:\/\/toysmaniacornermonaco.com\/en\/wp-json\/wp\/v2\/comments?post=6379"}],"wp:featuredmedia":[{"embeddable":true,"href":"https:\/\/toysmaniacornermonaco.com\/en\/wp-json\/wp\/v2\/media\/6380"}],"wp:attachment":[{"href":"https:\/\/toysmaniacornermonaco.com\/en\/wp-json\/wp\/v2\/media?parent=6379"}],"wp:term":[{"taxonomy":"product_cat","embeddable":true,"href":"https:\/\/toysmaniacornermonaco.com\/en\/wp-json\/wp\/v2\/product_cat?post=6379"},{"taxonomy":"product_tag","embeddable":true,"href":"https:\/\/toysmaniacornermonaco.com\/en\/wp-json\/wp\/v2\/product_tag?post=6379"}],"curies":[{"name":"wp","href":"https:\/\/api.w.org\/{rel}","templated":true}]}}