{"id":6385,"date":"2026-01-17T16:34:28","date_gmt":"2026-01-17T15:34:28","guid":{"rendered":"https:\/\/toysmaniacornermonaco.com\/?post_type=product&#038;p=6385"},"modified":"2026-01-18T17:46:32","modified_gmt":"2026-01-18T16:46:32","slug":"puma-ferrari-race-casquette-homme-noire","status":"publish","type":"product","link":"https:\/\/toysmaniacornermonaco.com\/en\/produit\/puma-ferrari-race-casquette-homme-noire\/","title":{"rendered":"PUMA Ferrari Race \u2013 Casquette Homme Noire"},"content":{"rendered":"<p class=\"isSelectedEnd\">Description du produit<br \/>\nCasquette officielle Ferrari Race pour homme sign\u00e9e Puma, inspir\u00e9e de l\u2019univers de la comp\u00e9tition automobile. Con\u00e7ue pour un usage quotidien, elle offre une conception l\u00e9g\u00e8re et confortable, associ\u00e9e \u00e0 une fermeture r\u00e9glable pour un ajustement optimal. Son coloris noir sobre met en valeur l\u2019esprit racing de la Scuderia Ferrari avec \u00e9l\u00e9gance.<\/p>\n<p>REF : 02623202<br \/>\nGEN CODE : 4067984137647<br \/>\nCouleur : Noir<br \/>\nMarque : Ferrari \/ Puma<\/p>\n","protected":false},"excerpt":{"rendered":"Description du produit Casquette officielle Ferrari Race pour homme sign\u00e9e Puma, inspir\u00e9e de l\u2019univers de la comp\u00e9tition automobile. Con\u00e7ue pour un usage quotidien, elle offre une conception l\u00e9g\u00e8re et confortable, associ\u00e9e \u00e0 une fermeture r\u00e9glable pour un ajustement optimal. Son coloris noir sobre met en valeur l\u2019esprit racing de la Scuderia Ferrari avec \u00e9l\u00e9gance. REF&#8230; <a class=\"view-article\" href=\"https:\/\/toysmaniacornermonaco.com\/en\/produit\/puma-ferrari-race-casquette-homme-noire\/\">View Article<\/a>","protected":false},"featured_media":6386,"comment_status":"closed","ping_status":"closed","template":"","meta":{"_acf_changed":false},"product_cat":[711,390],"product_tag":[],"class_list":{"0":"post-6385","1":"product","2":"type-product","3":"status-publish","4":"has-post-thumbnail","6":"marque-ferrari","7":"marque-puma","8":"idee_cadeau-femmes","9":"idee_cadeau-formula-one-f1","10":"idee_cadeau-hommes","11":"product_cat-casquette","12":"product_cat-vetements-et-accessoires","13":"product_shipping_class-moyencolis","15":"first","16":"instock","17":"taxable","18":"shipping-taxable","19":"purchasable","20":"product-type-simple"},"acf":[],"yoast_head":"<!-- This site is optimized with the Yoast SEO plugin v22.3 - https:\/\/yoast.com\/wordpress\/plugins\/seo\/ -->\n<title>PUMA Ferrari Race \u2013 Casquette Homme Noire - TOY&#039;S MANIA<\/title>\n<meta name=\"robots\" content=\"index, follow, max-snippet:-1, max-image-preview:large, max-video-preview:-1\" \/>\n<link rel=\"canonical\" href=\"https:\/\/toysmaniacornermonaco.com\/produit\/puma-ferrari-race-casquette-homme-noire\/\" \/>\n<meta property=\"og:locale\" content=\"en_US\" \/>\n<meta property=\"og:type\" content=\"article\" \/>\n<meta property=\"og:title\" content=\"PUMA Ferrari Race \u2013 Casquette Homme Noire - TOY&#039;S MANIA\" \/>\n<meta property=\"og:description\" content=\"Description du produit Casquette officielle Ferrari Race pour homme sign\u00e9e Puma, inspir\u00e9e de l\u2019univers de la comp\u00e9tition automobile. Con\u00e7ue pour un usage quotidien, elle offre une conception l\u00e9g\u00e8re et confortable, associ\u00e9e \u00e0 une fermeture r\u00e9glable pour un ajustement optimal. Son coloris noir sobre met en valeur l\u2019esprit racing de la Scuderia Ferrari avec \u00e9l\u00e9gance. REF... View Article\" \/>\n<meta property=\"og:url\" content=\"https:\/\/toysmaniacornermonaco.com\/produit\/puma-ferrari-race-casquette-homme-noire\/\" \/>\n<meta property=\"og:site_name\" content=\"TOY&#039;S MANIA\" \/>\n<meta property=\"article:modified_time\" content=\"2026-01-18T16:46:32+00:00\" \/>\n<meta property=\"og:image\" content=\"https:\/\/toysmaniacornermonaco.com\/wp-content\/uploads\/2026\/01\/noirferrari.jpg\" \/>\n\t<meta property=\"og:image:width\" content=\"342\" \/>\n\t<meta property=\"og:image:height\" content=\"289\" \/>\n\t<meta property=\"og:image:type\" content=\"image\/jpeg\" \/>\n<meta name=\"twitter:card\" content=\"summary_large_image\" \/>\n<meta name=\"twitter:label1\" content=\"Est. reading time\" \/>\n\t<meta name=\"twitter:data1\" content=\"1 minute\" \/>\n<script type=\"application\/ld+json\" class=\"yoast-schema-graph\">{\"@context\":\"https:\/\/schema.org\",\"@graph\":[{\"@type\":\"WebPage\",\"@id\":\"https:\/\/toysmaniacornermonaco.com\/produit\/puma-ferrari-race-casquette-homme-noire\/\",\"url\":\"https:\/\/toysmaniacornermonaco.com\/produit\/puma-ferrari-race-casquette-homme-noire\/\",\"name\":\"PUMA Ferrari Race \u2013 Casquette Homme Noire - TOY&#039;S MANIA\",\"isPartOf\":{\"@id\":\"https:\/\/toysmaniacornermonaco.com\/#website\"},\"primaryImageOfPage\":{\"@id\":\"https:\/\/toysmaniacornermonaco.com\/produit\/puma-ferrari-race-casquette-homme-noire\/#primaryimage\"},\"image\":{\"@id\":\"https:\/\/toysmaniacornermonaco.com\/produit\/puma-ferrari-race-casquette-homme-noire\/#primaryimage\"},\"thumbnailUrl\":\"https:\/\/toysmaniacornermonaco.com\/wp-content\/uploads\/2026\/01\/noirferrari.jpg\",\"datePublished\":\"2026-01-17T15:34:28+00:00\",\"dateModified\":\"2026-01-18T16:46:32+00:00\",\"breadcrumb\":{\"@id\":\"https:\/\/toysmaniacornermonaco.com\/produit\/puma-ferrari-race-casquette-homme-noire\/#breadcrumb\"},\"inLanguage\":\"en-US\",\"potentialAction\":[{\"@type\":\"ReadAction\",\"target\":[\"https:\/\/toysmaniacornermonaco.com\/produit\/puma-ferrari-race-casquette-homme-noire\/\"]}]},{\"@type\":\"ImageObject\",\"inLanguage\":\"en-US\",\"@id\":\"https:\/\/toysmaniacornermonaco.com\/produit\/puma-ferrari-race-casquette-homme-noire\/#primaryimage\",\"url\":\"https:\/\/toysmaniacornermonaco.com\/wp-content\/uploads\/2026\/01\/noirferrari.jpg\",\"contentUrl\":\"https:\/\/toysmaniacornermonaco.com\/wp-content\/uploads\/2026\/01\/noirferrari.jpg\",\"width\":342,\"height\":289},{\"@type\":\"BreadcrumbList\",\"@id\":\"https:\/\/toysmaniacornermonaco.com\/produit\/puma-ferrari-race-casquette-homme-noire\/#breadcrumb\",\"itemListElement\":[{\"@type\":\"ListItem\",\"position\":1,\"name\":\"Accueil\",\"item\":\"https:\/\/toysmaniacornermonaco.com\/en\/\"},{\"@type\":\"ListItem\",\"position\":2,\"name\":\"Shop\",\"item\":\"https:\/\/toysmaniacornermonaco.com\/en\/shop\/\"},{\"@type\":\"ListItem\",\"position\":3,\"name\":\"PUMA Ferrari Race \u2013 Casquette Homme Noire\"}]},{\"@type\":\"WebSite\",\"@id\":\"https:\/\/toysmaniacornermonaco.com\/#website\",\"url\":\"https:\/\/toysmaniacornermonaco.com\/\",\"name\":\"TOY&#039;S MANIA\",\"description\":\"VOTRE CONCEPT STORE \u00c0 MONACO\",\"potentialAction\":[{\"@type\":\"SearchAction\",\"target\":{\"@type\":\"EntryPoint\",\"urlTemplate\":\"https:\/\/toysmaniacornermonaco.com\/?s={search_term_string}\"},\"query-input\":\"required name=search_term_string\"}],\"inLanguage\":\"en-US\"}]}<\/script>\n<!-- \/ Yoast SEO plugin. -->","yoast_head_json":{"title":"PUMA Ferrari Race \u2013 Casquette Homme Noire - TOY&#039;S MANIA","robots":{"index":"index","follow":"follow","max-snippet":"max-snippet:-1","max-image-preview":"max-image-preview:large","max-video-preview":"max-video-preview:-1"},"canonical":"https:\/\/toysmaniacornermonaco.com\/produit\/puma-ferrari-race-casquette-homme-noire\/","og_locale":"en_US","og_type":"article","og_title":"PUMA Ferrari Race \u2013 Casquette Homme Noire - TOY&#039;S MANIA","og_description":"Description du produit Casquette officielle Ferrari Race pour homme sign\u00e9e Puma, inspir\u00e9e de l\u2019univers de la comp\u00e9tition automobile. Con\u00e7ue pour un usage quotidien, elle offre une conception l\u00e9g\u00e8re et confortable, associ\u00e9e \u00e0 une fermeture r\u00e9glable pour un ajustement optimal. Son coloris noir sobre met en valeur l\u2019esprit racing de la Scuderia Ferrari avec \u00e9l\u00e9gance. REF... View Article","og_url":"https:\/\/toysmaniacornermonaco.com\/produit\/puma-ferrari-race-casquette-homme-noire\/","og_site_name":"TOY&#039;S MANIA","article_modified_time":"2026-01-18T16:46:32+00:00","og_image":[{"width":342,"height":289,"url":"https:\/\/toysmaniacornermonaco.com\/wp-content\/uploads\/2026\/01\/noirferrari.jpg","type":"image\/jpeg"}],"twitter_card":"summary_large_image","twitter_misc":{"Est. reading time":"1 minute"},"schema":{"@context":"https:\/\/schema.org","@graph":[{"@type":"WebPage","@id":"https:\/\/toysmaniacornermonaco.com\/produit\/puma-ferrari-race-casquette-homme-noire\/","url":"https:\/\/toysmaniacornermonaco.com\/produit\/puma-ferrari-race-casquette-homme-noire\/","name":"PUMA Ferrari Race \u2013 Casquette Homme Noire - TOY&#039;S MANIA","isPartOf":{"@id":"https:\/\/toysmaniacornermonaco.com\/#website"},"primaryImageOfPage":{"@id":"https:\/\/toysmaniacornermonaco.com\/produit\/puma-ferrari-race-casquette-homme-noire\/#primaryimage"},"image":{"@id":"https:\/\/toysmaniacornermonaco.com\/produit\/puma-ferrari-race-casquette-homme-noire\/#primaryimage"},"thumbnailUrl":"https:\/\/toysmaniacornermonaco.com\/wp-content\/uploads\/2026\/01\/noirferrari.jpg","datePublished":"2026-01-17T15:34:28+00:00","dateModified":"2026-01-18T16:46:32+00:00","breadcrumb":{"@id":"https:\/\/toysmaniacornermonaco.com\/produit\/puma-ferrari-race-casquette-homme-noire\/#breadcrumb"},"inLanguage":"en-US","potentialAction":[{"@type":"ReadAction","target":["https:\/\/toysmaniacornermonaco.com\/produit\/puma-ferrari-race-casquette-homme-noire\/"]}]},{"@type":"ImageObject","inLanguage":"en-US","@id":"https:\/\/toysmaniacornermonaco.com\/produit\/puma-ferrari-race-casquette-homme-noire\/#primaryimage","url":"https:\/\/toysmaniacornermonaco.com\/wp-content\/uploads\/2026\/01\/noirferrari.jpg","contentUrl":"https:\/\/toysmaniacornermonaco.com\/wp-content\/uploads\/2026\/01\/noirferrari.jpg","width":342,"height":289},{"@type":"BreadcrumbList","@id":"https:\/\/toysmaniacornermonaco.com\/produit\/puma-ferrari-race-casquette-homme-noire\/#breadcrumb","itemListElement":[{"@type":"ListItem","position":1,"name":"Accueil","item":"https:\/\/toysmaniacornermonaco.com\/en\/"},{"@type":"ListItem","position":2,"name":"Shop","item":"https:\/\/toysmaniacornermonaco.com\/en\/shop\/"},{"@type":"ListItem","position":3,"name":"PUMA Ferrari Race \u2013 Casquette Homme Noire"}]},{"@type":"WebSite","@id":"https:\/\/toysmaniacornermonaco.com\/#website","url":"https:\/\/toysmaniacornermonaco.com\/","name":"TOY&#039;S MANIA","description":"VOTRE CONCEPT STORE \u00c0 MONACO","potentialAction":[{"@type":"SearchAction","target":{"@type":"EntryPoint","urlTemplate":"https:\/\/toysmaniacornermonaco.com\/?s={search_term_string}"},"query-input":"required name=search_term_string"}],"inLanguage":"en-US"}]}},"_links":{"self":[{"href":"https:\/\/toysmaniacornermonaco.com\/en\/wp-json\/wp\/v2\/product\/6385","targetHints":{"allow":["GET"]}}],"collection":[{"href":"https:\/\/toysmaniacornermonaco.com\/en\/wp-json\/wp\/v2\/product"}],"about":[{"href":"https:\/\/toysmaniacornermonaco.com\/en\/wp-json\/wp\/v2\/types\/product"}],"replies":[{"embeddable":true,"href":"https:\/\/toysmaniacornermonaco.com\/en\/wp-json\/wp\/v2\/comments?post=6385"}],"wp:featuredmedia":[{"embeddable":true,"href":"https:\/\/toysmaniacornermonaco.com\/en\/wp-json\/wp\/v2\/media\/6386"}],"wp:attachment":[{"href":"https:\/\/toysmaniacornermonaco.com\/en\/wp-json\/wp\/v2\/media?parent=6385"}],"wp:term":[{"taxonomy":"product_cat","embeddable":true,"href":"https:\/\/toysmaniacornermonaco.com\/en\/wp-json\/wp\/v2\/product_cat?post=6385"},{"taxonomy":"product_tag","embeddable":true,"href":"https:\/\/toysmaniacornermonaco.com\/en\/wp-json\/wp\/v2\/product_tag?post=6385"}],"curies":[{"name":"wp","href":"https:\/\/api.w.org\/{rel}","templated":true}]}}