{"id":6402,"date":"2026-01-24T15:40:52","date_gmt":"2026-01-24T14:40:52","guid":{"rendered":"https:\/\/toysmaniacornermonaco.com\/?post_type=product&#038;p=6402"},"modified":"2026-01-24T16:27:31","modified_gmt":"2026-01-24T15:27:31","slug":"puma-unisex-ferrari-replica-rucksack","status":"publish","type":"product","link":"https:\/\/toysmaniacornermonaco.com\/en\/produit\/puma-unisex-ferrari-replica-rucksack\/","title":{"rendered":"PUMA Unisex Ferrari Replica Rucksack"},"content":{"rendered":"<p data-start=\"201\" data-end=\"619\"><strong data-start=\"201\" data-end=\"227\">Description du produit<\/strong><br data-start=\"227\" data-end=\"230\" \/>Casquette officielle Ferrari Replica sign\u00e9e PUMA, inspir\u00e9e de l\u2019univers de la Scuderia Ferrari et de la comp\u00e9tition automobile. Con\u00e7ue pour un usage quotidien, elle offre une conception l\u00e9g\u00e8re et confortable, associ\u00e9e \u00e0 une fermeture r\u00e9glable pour un ajustement optimal. Son coloris rouge embl\u00e9matique met en valeur l\u2019esprit racing et l\u2019identit\u00e9 iconique de Ferrari avec style.<\/p>\n<p data-start=\"621\" data-end=\"728\"><strong data-start=\"621\" data-end=\"630\">REF :<\/strong> 701228012001<br data-start=\"643\" data-end=\"646\" \/><strong data-start=\"646\" data-end=\"660\">GEN CODE :<\/strong> 4067978886025<br data-start=\"674\" data-end=\"677\" \/><strong data-start=\"677\" data-end=\"690\">Couleur :<\/strong> Rouge<br data-start=\"696\" data-end=\"699\" \/><strong data-start=\"699\" data-end=\"711\" data-is-only-node=\"\">Marque :<\/strong> Ferrari \/ Puma<\/p>\n<p data-start=\"158\" data-end=\"571\">\n","protected":false},"excerpt":{"rendered":"Description du produitCasquette officielle Ferrari Replica sign\u00e9e PUMA, inspir\u00e9e de l\u2019univers de la Scuderia Ferrari et de la comp\u00e9tition automobile. Con\u00e7ue pour un usage quotidien, elle offre une conception l\u00e9g\u00e8re et confortable, associ\u00e9e \u00e0 une fermeture r\u00e9glable pour un ajustement optimal. Son coloris rouge embl\u00e9matique met en valeur l\u2019esprit racing et l\u2019identit\u00e9 iconique de Ferrari&#8230; <a class=\"view-article\" href=\"https:\/\/toysmaniacornermonaco.com\/en\/produit\/puma-unisex-ferrari-replica-rucksack\/\">View Article<\/a>","protected":false},"featured_media":6403,"comment_status":"closed","ping_status":"closed","template":"","meta":{"_acf_changed":false},"product_cat":[711,390],"product_tag":[],"class_list":{"0":"post-6402","1":"product","2":"type-product","3":"status-publish","4":"has-post-thumbnail","6":"marque-ferrari","7":"marque-puma","8":"idee_cadeau-femmes","9":"idee_cadeau-formula-one-f1","10":"idee_cadeau-hommes","11":"product_cat-casquette","12":"product_cat-vetements-et-accessoires","13":"product_shipping_class-moyencolis","15":"first","16":"instock","17":"taxable","18":"shipping-taxable","19":"purchasable","20":"product-type-simple"},"acf":[],"yoast_head":"<!-- This site is optimized with the Yoast SEO plugin v22.3 - https:\/\/yoast.com\/wordpress\/plugins\/seo\/ -->\n<title>PUMA Unisex Ferrari Replica Rucksack - TOY&#039;S MANIA<\/title>\n<meta name=\"robots\" content=\"index, follow, max-snippet:-1, max-image-preview:large, max-video-preview:-1\" \/>\n<link rel=\"canonical\" href=\"https:\/\/toysmaniacornermonaco.com\/produit\/puma-unisex-ferrari-replica-rucksack\/\" \/>\n<meta property=\"og:locale\" content=\"en_US\" \/>\n<meta property=\"og:type\" content=\"article\" \/>\n<meta property=\"og:title\" content=\"PUMA Unisex Ferrari Replica Rucksack - TOY&#039;S MANIA\" \/>\n<meta property=\"og:description\" content=\"Description du produitCasquette officielle Ferrari Replica sign\u00e9e PUMA, inspir\u00e9e de l\u2019univers de la Scuderia Ferrari et de la comp\u00e9tition automobile. Con\u00e7ue pour un usage quotidien, elle offre une conception l\u00e9g\u00e8re et confortable, associ\u00e9e \u00e0 une fermeture r\u00e9glable pour un ajustement optimal. Son coloris rouge embl\u00e9matique met en valeur l\u2019esprit racing et l\u2019identit\u00e9 iconique de Ferrari... View Article\" \/>\n<meta property=\"og:url\" content=\"https:\/\/toysmaniacornermonaco.com\/produit\/puma-unisex-ferrari-replica-rucksack\/\" \/>\n<meta property=\"og:site_name\" content=\"TOY&#039;S MANIA\" \/>\n<meta property=\"article:modified_time\" content=\"2026-01-24T15:27:31+00:00\" \/>\n<meta property=\"og:image\" content=\"https:\/\/toysmaniacornermonaco.com\/wp-content\/uploads\/2026\/01\/6179FwHkxjL._AC_SX385_.jpg\" \/>\n\t<meta property=\"og:image:width\" content=\"385\" \/>\n\t<meta property=\"og:image:height\" content=\"256\" \/>\n\t<meta property=\"og:image:type\" content=\"image\/jpeg\" \/>\n<meta name=\"twitter:card\" content=\"summary_large_image\" \/>\n<meta name=\"twitter:label1\" content=\"Est. reading time\" \/>\n\t<meta name=\"twitter:data1\" content=\"1 minute\" \/>\n<script type=\"application\/ld+json\" class=\"yoast-schema-graph\">{\"@context\":\"https:\/\/schema.org\",\"@graph\":[{\"@type\":\"WebPage\",\"@id\":\"https:\/\/toysmaniacornermonaco.com\/produit\/puma-unisex-ferrari-replica-rucksack\/\",\"url\":\"https:\/\/toysmaniacornermonaco.com\/produit\/puma-unisex-ferrari-replica-rucksack\/\",\"name\":\"PUMA Unisex Ferrari Replica Rucksack - TOY&#039;S MANIA\",\"isPartOf\":{\"@id\":\"https:\/\/toysmaniacornermonaco.com\/#website\"},\"primaryImageOfPage\":{\"@id\":\"https:\/\/toysmaniacornermonaco.com\/produit\/puma-unisex-ferrari-replica-rucksack\/#primaryimage\"},\"image\":{\"@id\":\"https:\/\/toysmaniacornermonaco.com\/produit\/puma-unisex-ferrari-replica-rucksack\/#primaryimage\"},\"thumbnailUrl\":\"https:\/\/toysmaniacornermonaco.com\/wp-content\/uploads\/2026\/01\/6179FwHkxjL._AC_SX385_.jpg\",\"datePublished\":\"2026-01-24T14:40:52+00:00\",\"dateModified\":\"2026-01-24T15:27:31+00:00\",\"breadcrumb\":{\"@id\":\"https:\/\/toysmaniacornermonaco.com\/produit\/puma-unisex-ferrari-replica-rucksack\/#breadcrumb\"},\"inLanguage\":\"en-US\",\"potentialAction\":[{\"@type\":\"ReadAction\",\"target\":[\"https:\/\/toysmaniacornermonaco.com\/produit\/puma-unisex-ferrari-replica-rucksack\/\"]}]},{\"@type\":\"ImageObject\",\"inLanguage\":\"en-US\",\"@id\":\"https:\/\/toysmaniacornermonaco.com\/produit\/puma-unisex-ferrari-replica-rucksack\/#primaryimage\",\"url\":\"https:\/\/toysmaniacornermonaco.com\/wp-content\/uploads\/2026\/01\/6179FwHkxjL._AC_SX385_.jpg\",\"contentUrl\":\"https:\/\/toysmaniacornermonaco.com\/wp-content\/uploads\/2026\/01\/6179FwHkxjL._AC_SX385_.jpg\",\"width\":385,\"height\":256},{\"@type\":\"BreadcrumbList\",\"@id\":\"https:\/\/toysmaniacornermonaco.com\/produit\/puma-unisex-ferrari-replica-rucksack\/#breadcrumb\",\"itemListElement\":[{\"@type\":\"ListItem\",\"position\":1,\"name\":\"Accueil\",\"item\":\"https:\/\/toysmaniacornermonaco.com\/en\/\"},{\"@type\":\"ListItem\",\"position\":2,\"name\":\"Shop\",\"item\":\"https:\/\/toysmaniacornermonaco.com\/en\/shop\/\"},{\"@type\":\"ListItem\",\"position\":3,\"name\":\"PUMA Unisex Ferrari Replica Rucksack\"}]},{\"@type\":\"WebSite\",\"@id\":\"https:\/\/toysmaniacornermonaco.com\/#website\",\"url\":\"https:\/\/toysmaniacornermonaco.com\/\",\"name\":\"TOY&#039;S MANIA\",\"description\":\"VOTRE CONCEPT STORE \u00c0 MONACO\",\"potentialAction\":[{\"@type\":\"SearchAction\",\"target\":{\"@type\":\"EntryPoint\",\"urlTemplate\":\"https:\/\/toysmaniacornermonaco.com\/?s={search_term_string}\"},\"query-input\":\"required name=search_term_string\"}],\"inLanguage\":\"en-US\"}]}<\/script>\n<!-- \/ Yoast SEO plugin. -->","yoast_head_json":{"title":"PUMA Unisex Ferrari Replica Rucksack - TOY&#039;S MANIA","robots":{"index":"index","follow":"follow","max-snippet":"max-snippet:-1","max-image-preview":"max-image-preview:large","max-video-preview":"max-video-preview:-1"},"canonical":"https:\/\/toysmaniacornermonaco.com\/produit\/puma-unisex-ferrari-replica-rucksack\/","og_locale":"en_US","og_type":"article","og_title":"PUMA Unisex Ferrari Replica Rucksack - TOY&#039;S MANIA","og_description":"Description du produitCasquette officielle Ferrari Replica sign\u00e9e PUMA, inspir\u00e9e de l\u2019univers de la Scuderia Ferrari et de la comp\u00e9tition automobile. Con\u00e7ue pour un usage quotidien, elle offre une conception l\u00e9g\u00e8re et confortable, associ\u00e9e \u00e0 une fermeture r\u00e9glable pour un ajustement optimal. Son coloris rouge embl\u00e9matique met en valeur l\u2019esprit racing et l\u2019identit\u00e9 iconique de Ferrari... View Article","og_url":"https:\/\/toysmaniacornermonaco.com\/produit\/puma-unisex-ferrari-replica-rucksack\/","og_site_name":"TOY&#039;S MANIA","article_modified_time":"2026-01-24T15:27:31+00:00","og_image":[{"width":385,"height":256,"url":"https:\/\/toysmaniacornermonaco.com\/wp-content\/uploads\/2026\/01\/6179FwHkxjL._AC_SX385_.jpg","type":"image\/jpeg"}],"twitter_card":"summary_large_image","twitter_misc":{"Est. reading time":"1 minute"},"schema":{"@context":"https:\/\/schema.org","@graph":[{"@type":"WebPage","@id":"https:\/\/toysmaniacornermonaco.com\/produit\/puma-unisex-ferrari-replica-rucksack\/","url":"https:\/\/toysmaniacornermonaco.com\/produit\/puma-unisex-ferrari-replica-rucksack\/","name":"PUMA Unisex Ferrari Replica Rucksack - TOY&#039;S MANIA","isPartOf":{"@id":"https:\/\/toysmaniacornermonaco.com\/#website"},"primaryImageOfPage":{"@id":"https:\/\/toysmaniacornermonaco.com\/produit\/puma-unisex-ferrari-replica-rucksack\/#primaryimage"},"image":{"@id":"https:\/\/toysmaniacornermonaco.com\/produit\/puma-unisex-ferrari-replica-rucksack\/#primaryimage"},"thumbnailUrl":"https:\/\/toysmaniacornermonaco.com\/wp-content\/uploads\/2026\/01\/6179FwHkxjL._AC_SX385_.jpg","datePublished":"2026-01-24T14:40:52+00:00","dateModified":"2026-01-24T15:27:31+00:00","breadcrumb":{"@id":"https:\/\/toysmaniacornermonaco.com\/produit\/puma-unisex-ferrari-replica-rucksack\/#breadcrumb"},"inLanguage":"en-US","potentialAction":[{"@type":"ReadAction","target":["https:\/\/toysmaniacornermonaco.com\/produit\/puma-unisex-ferrari-replica-rucksack\/"]}]},{"@type":"ImageObject","inLanguage":"en-US","@id":"https:\/\/toysmaniacornermonaco.com\/produit\/puma-unisex-ferrari-replica-rucksack\/#primaryimage","url":"https:\/\/toysmaniacornermonaco.com\/wp-content\/uploads\/2026\/01\/6179FwHkxjL._AC_SX385_.jpg","contentUrl":"https:\/\/toysmaniacornermonaco.com\/wp-content\/uploads\/2026\/01\/6179FwHkxjL._AC_SX385_.jpg","width":385,"height":256},{"@type":"BreadcrumbList","@id":"https:\/\/toysmaniacornermonaco.com\/produit\/puma-unisex-ferrari-replica-rucksack\/#breadcrumb","itemListElement":[{"@type":"ListItem","position":1,"name":"Accueil","item":"https:\/\/toysmaniacornermonaco.com\/en\/"},{"@type":"ListItem","position":2,"name":"Shop","item":"https:\/\/toysmaniacornermonaco.com\/en\/shop\/"},{"@type":"ListItem","position":3,"name":"PUMA Unisex Ferrari Replica Rucksack"}]},{"@type":"WebSite","@id":"https:\/\/toysmaniacornermonaco.com\/#website","url":"https:\/\/toysmaniacornermonaco.com\/","name":"TOY&#039;S MANIA","description":"VOTRE CONCEPT STORE \u00c0 MONACO","potentialAction":[{"@type":"SearchAction","target":{"@type":"EntryPoint","urlTemplate":"https:\/\/toysmaniacornermonaco.com\/?s={search_term_string}"},"query-input":"required name=search_term_string"}],"inLanguage":"en-US"}]}},"_links":{"self":[{"href":"https:\/\/toysmaniacornermonaco.com\/en\/wp-json\/wp\/v2\/product\/6402","targetHints":{"allow":["GET"]}}],"collection":[{"href":"https:\/\/toysmaniacornermonaco.com\/en\/wp-json\/wp\/v2\/product"}],"about":[{"href":"https:\/\/toysmaniacornermonaco.com\/en\/wp-json\/wp\/v2\/types\/product"}],"replies":[{"embeddable":true,"href":"https:\/\/toysmaniacornermonaco.com\/en\/wp-json\/wp\/v2\/comments?post=6402"}],"wp:featuredmedia":[{"embeddable":true,"href":"https:\/\/toysmaniacornermonaco.com\/en\/wp-json\/wp\/v2\/media\/6403"}],"wp:attachment":[{"href":"https:\/\/toysmaniacornermonaco.com\/en\/wp-json\/wp\/v2\/media?parent=6402"}],"wp:term":[{"taxonomy":"product_cat","embeddable":true,"href":"https:\/\/toysmaniacornermonaco.com\/en\/wp-json\/wp\/v2\/product_cat?post=6402"},{"taxonomy":"product_tag","embeddable":true,"href":"https:\/\/toysmaniacornermonaco.com\/en\/wp-json\/wp\/v2\/product_tag?post=6402"}],"curies":[{"name":"wp","href":"https:\/\/api.w.org\/{rel}","templated":true}]}}