{"id":6417,"date":"2026-02-01T09:47:39","date_gmt":"2026-02-01T08:47:39","guid":{"rendered":"https:\/\/toysmaniacornermonaco.com\/?post_type=product&#038;p=6417"},"modified":"2026-02-01T10:49:18","modified_gmt":"2026-02-01T09:49:18","slug":"puma-unisex-ferrari-replica-rucksack-copy","status":"publish","type":"product","link":"https:\/\/toysmaniacornermonaco.com\/en\/produit\/puma-unisex-ferrari-replica-rucksack-copy\/","title":{"rendered":"Casquette Charles Leclerc Scuderia Ferrari 2024 \u2013 Rouge Br\u00fbl\u00e9"},"content":{"rendered":"<p data-start=\"204\" data-end=\"658\"><strong data-start=\"204\" data-end=\"230\">Description du produit<\/strong><br data-start=\"230\" data-end=\"233\" \/>Casquette officielle Scuderia Ferrari Charles Leclerc 2024, sign\u00e9e PUMA. Inspir\u00e9e de l\u2019univers de la Formule 1 et du pilote embl\u00e9matique de la Scuderia Ferrari, elle est con\u00e7ue pour un usage quotidien avec une conception l\u00e9g\u00e8re et confortable. Sa taille unique r\u00e9glable assure un ajustement optimal, tandis que son coloris rouge br\u00fbl\u00e9 apporte une touche moderne et \u00e9l\u00e9gante \u00e0 l\u2019esprit racing Ferrari.<\/p>\n<p data-start=\"660\" data-end=\"773\"><strong data-start=\"660\" data-end=\"669\">REF :<\/strong> 701228014001<br data-start=\"682\" data-end=\"685\" \/><strong data-start=\"685\" data-end=\"699\">GEN CODE :<\/strong> 1067978886100<br data-start=\"713\" data-end=\"716\" \/><strong data-start=\"716\" data-end=\"729\">Couleur :<\/strong> Rouge br\u00fbl\u00e9<br data-start=\"741\" data-end=\"744\" \/><strong data-start=\"744\" data-end=\"756\" data-is-only-node=\"\">Marque :<\/strong> Ferrari \/ Puma<\/p>\n","protected":false},"excerpt":{"rendered":"Description du produitCasquette officielle Scuderia Ferrari Charles Leclerc 2024, sign\u00e9e PUMA. Inspir\u00e9e de l\u2019univers de la Formule 1 et du pilote embl\u00e9matique de la Scuderia Ferrari, elle est con\u00e7ue pour un usage quotidien avec une conception l\u00e9g\u00e8re et confortable. Sa taille unique r\u00e9glable assure un ajustement optimal, tandis que son coloris rouge br\u00fbl\u00e9 apporte une&#8230; <a class=\"view-article\" href=\"https:\/\/toysmaniacornermonaco.com\/en\/produit\/puma-unisex-ferrari-replica-rucksack-copy\/\">View Article<\/a>","protected":false},"featured_media":6423,"comment_status":"closed","ping_status":"closed","template":"","meta":{"_acf_changed":false},"product_cat":[711,390],"product_tag":[],"class_list":{"0":"post-6417","1":"product","2":"type-product","3":"status-publish","4":"has-post-thumbnail","6":"marque-ferrari","7":"marque-puma","8":"idee_cadeau-femmes","9":"idee_cadeau-formula-one-f1","10":"idee_cadeau-hommes","11":"product_cat-casquette","12":"product_cat-vetements-et-accessoires","13":"product_shipping_class-moyencolis","15":"first","16":"instock","17":"taxable","18":"shipping-taxable","19":"purchasable","20":"product-type-simple"},"acf":[],"yoast_head":"<!-- This site is optimized with the Yoast SEO plugin v22.3 - https:\/\/yoast.com\/wordpress\/plugins\/seo\/ -->\n<title>Casquette Charles Leclerc Scuderia Ferrari 2024 \u2013 Rouge Br\u00fbl\u00e9 - TOY&#039;S MANIA<\/title>\n<meta name=\"robots\" content=\"index, follow, max-snippet:-1, max-image-preview:large, max-video-preview:-1\" \/>\n<link rel=\"canonical\" href=\"https:\/\/toysmaniacornermonaco.com\/produit\/puma-unisex-ferrari-replica-rucksack-copy\/\" \/>\n<meta property=\"og:locale\" content=\"en_US\" \/>\n<meta property=\"og:type\" content=\"article\" \/>\n<meta property=\"og:title\" content=\"Casquette Charles Leclerc Scuderia Ferrari 2024 \u2013 Rouge Br\u00fbl\u00e9 - TOY&#039;S MANIA\" \/>\n<meta property=\"og:description\" content=\"Description du produitCasquette officielle Scuderia Ferrari Charles Leclerc 2024, sign\u00e9e PUMA. Inspir\u00e9e de l\u2019univers de la Formule 1 et du pilote embl\u00e9matique de la Scuderia Ferrari, elle est con\u00e7ue pour un usage quotidien avec une conception l\u00e9g\u00e8re et confortable. Sa taille unique r\u00e9glable assure un ajustement optimal, tandis que son coloris rouge br\u00fbl\u00e9 apporte une... View Article\" \/>\n<meta property=\"og:url\" content=\"https:\/\/toysmaniacornermonaco.com\/produit\/puma-unisex-ferrari-replica-rucksack-copy\/\" \/>\n<meta property=\"og:site_name\" content=\"TOY&#039;S MANIA\" \/>\n<meta property=\"article:modified_time\" content=\"2026-02-01T09:49:18+00:00\" \/>\n<meta property=\"og:image\" content=\"https:\/\/toysmaniacornermonaco.com\/wp-content\/uploads\/2026\/02\/61WTguW3dL._AC_SX385_.jpg\" \/>\n\t<meta property=\"og:image:width\" content=\"385\" \/>\n\t<meta property=\"og:image:height\" content=\"243\" \/>\n\t<meta property=\"og:image:type\" content=\"image\/jpeg\" \/>\n<meta name=\"twitter:card\" content=\"summary_large_image\" \/>\n<meta name=\"twitter:label1\" content=\"Est. reading time\" \/>\n\t<meta name=\"twitter:data1\" content=\"1 minute\" \/>\n<script type=\"application\/ld+json\" class=\"yoast-schema-graph\">{\"@context\":\"https:\/\/schema.org\",\"@graph\":[{\"@type\":\"WebPage\",\"@id\":\"https:\/\/toysmaniacornermonaco.com\/produit\/puma-unisex-ferrari-replica-rucksack-copy\/\",\"url\":\"https:\/\/toysmaniacornermonaco.com\/produit\/puma-unisex-ferrari-replica-rucksack-copy\/\",\"name\":\"Casquette Charles Leclerc Scuderia Ferrari 2024 \u2013 Rouge Br\u00fbl\u00e9 - TOY&#039;S MANIA\",\"isPartOf\":{\"@id\":\"https:\/\/toysmaniacornermonaco.com\/#website\"},\"primaryImageOfPage\":{\"@id\":\"https:\/\/toysmaniacornermonaco.com\/produit\/puma-unisex-ferrari-replica-rucksack-copy\/#primaryimage\"},\"image\":{\"@id\":\"https:\/\/toysmaniacornermonaco.com\/produit\/puma-unisex-ferrari-replica-rucksack-copy\/#primaryimage\"},\"thumbnailUrl\":\"https:\/\/toysmaniacornermonaco.com\/wp-content\/uploads\/2026\/02\/61WTguW3dL._AC_SX385_.jpg\",\"datePublished\":\"2026-02-01T08:47:39+00:00\",\"dateModified\":\"2026-02-01T09:49:18+00:00\",\"breadcrumb\":{\"@id\":\"https:\/\/toysmaniacornermonaco.com\/produit\/puma-unisex-ferrari-replica-rucksack-copy\/#breadcrumb\"},\"inLanguage\":\"en-US\",\"potentialAction\":[{\"@type\":\"ReadAction\",\"target\":[\"https:\/\/toysmaniacornermonaco.com\/produit\/puma-unisex-ferrari-replica-rucksack-copy\/\"]}]},{\"@type\":\"ImageObject\",\"inLanguage\":\"en-US\",\"@id\":\"https:\/\/toysmaniacornermonaco.com\/produit\/puma-unisex-ferrari-replica-rucksack-copy\/#primaryimage\",\"url\":\"https:\/\/toysmaniacornermonaco.com\/wp-content\/uploads\/2026\/02\/61WTguW3dL._AC_SX385_.jpg\",\"contentUrl\":\"https:\/\/toysmaniacornermonaco.com\/wp-content\/uploads\/2026\/02\/61WTguW3dL._AC_SX385_.jpg\",\"width\":385,\"height\":243},{\"@type\":\"BreadcrumbList\",\"@id\":\"https:\/\/toysmaniacornermonaco.com\/produit\/puma-unisex-ferrari-replica-rucksack-copy\/#breadcrumb\",\"itemListElement\":[{\"@type\":\"ListItem\",\"position\":1,\"name\":\"Accueil\",\"item\":\"https:\/\/toysmaniacornermonaco.com\/en\/\"},{\"@type\":\"ListItem\",\"position\":2,\"name\":\"Shop\",\"item\":\"https:\/\/toysmaniacornermonaco.com\/en\/shop\/\"},{\"@type\":\"ListItem\",\"position\":3,\"name\":\"Casquette Charles Leclerc Scuderia Ferrari 2024 \u2013 Rouge Br\u00fbl\u00e9\"}]},{\"@type\":\"WebSite\",\"@id\":\"https:\/\/toysmaniacornermonaco.com\/#website\",\"url\":\"https:\/\/toysmaniacornermonaco.com\/\",\"name\":\"TOY&#039;S MANIA\",\"description\":\"VOTRE CONCEPT STORE \u00c0 MONACO\",\"potentialAction\":[{\"@type\":\"SearchAction\",\"target\":{\"@type\":\"EntryPoint\",\"urlTemplate\":\"https:\/\/toysmaniacornermonaco.com\/?s={search_term_string}\"},\"query-input\":\"required name=search_term_string\"}],\"inLanguage\":\"en-US\"}]}<\/script>\n<!-- \/ Yoast SEO plugin. -->","yoast_head_json":{"title":"Casquette Charles Leclerc Scuderia Ferrari 2024 \u2013 Rouge Br\u00fbl\u00e9 - TOY&#039;S MANIA","robots":{"index":"index","follow":"follow","max-snippet":"max-snippet:-1","max-image-preview":"max-image-preview:large","max-video-preview":"max-video-preview:-1"},"canonical":"https:\/\/toysmaniacornermonaco.com\/produit\/puma-unisex-ferrari-replica-rucksack-copy\/","og_locale":"en_US","og_type":"article","og_title":"Casquette Charles Leclerc Scuderia Ferrari 2024 \u2013 Rouge Br\u00fbl\u00e9 - TOY&#039;S MANIA","og_description":"Description du produitCasquette officielle Scuderia Ferrari Charles Leclerc 2024, sign\u00e9e PUMA. Inspir\u00e9e de l\u2019univers de la Formule 1 et du pilote embl\u00e9matique de la Scuderia Ferrari, elle est con\u00e7ue pour un usage quotidien avec une conception l\u00e9g\u00e8re et confortable. Sa taille unique r\u00e9glable assure un ajustement optimal, tandis que son coloris rouge br\u00fbl\u00e9 apporte une... View Article","og_url":"https:\/\/toysmaniacornermonaco.com\/produit\/puma-unisex-ferrari-replica-rucksack-copy\/","og_site_name":"TOY&#039;S MANIA","article_modified_time":"2026-02-01T09:49:18+00:00","og_image":[{"width":385,"height":243,"url":"https:\/\/toysmaniacornermonaco.com\/wp-content\/uploads\/2026\/02\/61WTguW3dL._AC_SX385_.jpg","type":"image\/jpeg"}],"twitter_card":"summary_large_image","twitter_misc":{"Est. reading time":"1 minute"},"schema":{"@context":"https:\/\/schema.org","@graph":[{"@type":"WebPage","@id":"https:\/\/toysmaniacornermonaco.com\/produit\/puma-unisex-ferrari-replica-rucksack-copy\/","url":"https:\/\/toysmaniacornermonaco.com\/produit\/puma-unisex-ferrari-replica-rucksack-copy\/","name":"Casquette Charles Leclerc Scuderia Ferrari 2024 \u2013 Rouge Br\u00fbl\u00e9 - TOY&#039;S MANIA","isPartOf":{"@id":"https:\/\/toysmaniacornermonaco.com\/#website"},"primaryImageOfPage":{"@id":"https:\/\/toysmaniacornermonaco.com\/produit\/puma-unisex-ferrari-replica-rucksack-copy\/#primaryimage"},"image":{"@id":"https:\/\/toysmaniacornermonaco.com\/produit\/puma-unisex-ferrari-replica-rucksack-copy\/#primaryimage"},"thumbnailUrl":"https:\/\/toysmaniacornermonaco.com\/wp-content\/uploads\/2026\/02\/61WTguW3dL._AC_SX385_.jpg","datePublished":"2026-02-01T08:47:39+00:00","dateModified":"2026-02-01T09:49:18+00:00","breadcrumb":{"@id":"https:\/\/toysmaniacornermonaco.com\/produit\/puma-unisex-ferrari-replica-rucksack-copy\/#breadcrumb"},"inLanguage":"en-US","potentialAction":[{"@type":"ReadAction","target":["https:\/\/toysmaniacornermonaco.com\/produit\/puma-unisex-ferrari-replica-rucksack-copy\/"]}]},{"@type":"ImageObject","inLanguage":"en-US","@id":"https:\/\/toysmaniacornermonaco.com\/produit\/puma-unisex-ferrari-replica-rucksack-copy\/#primaryimage","url":"https:\/\/toysmaniacornermonaco.com\/wp-content\/uploads\/2026\/02\/61WTguW3dL._AC_SX385_.jpg","contentUrl":"https:\/\/toysmaniacornermonaco.com\/wp-content\/uploads\/2026\/02\/61WTguW3dL._AC_SX385_.jpg","width":385,"height":243},{"@type":"BreadcrumbList","@id":"https:\/\/toysmaniacornermonaco.com\/produit\/puma-unisex-ferrari-replica-rucksack-copy\/#breadcrumb","itemListElement":[{"@type":"ListItem","position":1,"name":"Accueil","item":"https:\/\/toysmaniacornermonaco.com\/en\/"},{"@type":"ListItem","position":2,"name":"Shop","item":"https:\/\/toysmaniacornermonaco.com\/en\/shop\/"},{"@type":"ListItem","position":3,"name":"Casquette Charles Leclerc Scuderia Ferrari 2024 \u2013 Rouge Br\u00fbl\u00e9"}]},{"@type":"WebSite","@id":"https:\/\/toysmaniacornermonaco.com\/#website","url":"https:\/\/toysmaniacornermonaco.com\/","name":"TOY&#039;S MANIA","description":"VOTRE CONCEPT STORE \u00c0 MONACO","potentialAction":[{"@type":"SearchAction","target":{"@type":"EntryPoint","urlTemplate":"https:\/\/toysmaniacornermonaco.com\/?s={search_term_string}"},"query-input":"required name=search_term_string"}],"inLanguage":"en-US"}]}},"_links":{"self":[{"href":"https:\/\/toysmaniacornermonaco.com\/en\/wp-json\/wp\/v2\/product\/6417","targetHints":{"allow":["GET"]}}],"collection":[{"href":"https:\/\/toysmaniacornermonaco.com\/en\/wp-json\/wp\/v2\/product"}],"about":[{"href":"https:\/\/toysmaniacornermonaco.com\/en\/wp-json\/wp\/v2\/types\/product"}],"replies":[{"embeddable":true,"href":"https:\/\/toysmaniacornermonaco.com\/en\/wp-json\/wp\/v2\/comments?post=6417"}],"wp:featuredmedia":[{"embeddable":true,"href":"https:\/\/toysmaniacornermonaco.com\/en\/wp-json\/wp\/v2\/media\/6423"}],"wp:attachment":[{"href":"https:\/\/toysmaniacornermonaco.com\/en\/wp-json\/wp\/v2\/media?parent=6417"}],"wp:term":[{"taxonomy":"product_cat","embeddable":true,"href":"https:\/\/toysmaniacornermonaco.com\/en\/wp-json\/wp\/v2\/product_cat?post=6417"},{"taxonomy":"product_tag","embeddable":true,"href":"https:\/\/toysmaniacornermonaco.com\/en\/wp-json\/wp\/v2\/product_tag?post=6417"}],"curies":[{"name":"wp","href":"https:\/\/api.w.org\/{rel}","templated":true}]}}