{"id":6427,"date":"2026-02-01T10:51:51","date_gmt":"2026-02-01T09:51:51","guid":{"rendered":"https:\/\/toysmaniacornermonaco.com\/?post_type=product&#038;p=6427"},"modified":"2026-02-01T11:02:41","modified_gmt":"2026-02-01T10:02:41","slug":"casquette-charles-leclerc-scuderia-ferrari-2024-rouge-brule-copy","status":"publish","type":"product","link":"https:\/\/toysmaniacornermonaco.com\/en\/produit\/casquette-charles-leclerc-scuderia-ferrari-2024-rouge-brule-copy\/","title":{"rendered":"Scuderia Ferrari F1 Casquette Lewis Hamilton 2025 \u2013 Rouge"},"content":{"rendered":"<p data-start=\"177\" data-end=\"630\"><strong data-start=\"177\" data-end=\"203\">Description du produit<\/strong><br data-start=\"203\" data-end=\"206\" \/>Casquette officielle Scuderia Ferrari F1 Lewis Hamilton 2025 sign\u00e9e PUMA, inspir\u00e9e de l\u2019univers de la Formule 1 et du pilote embl\u00e9matique Lewis Hamilton. Con\u00e7ue pour un usage quotidien, elle offre une conception l\u00e9g\u00e8re et confortable, associ\u00e9e \u00e0 une fermeture r\u00e9glable pour un ajustement optimal. Son coloris rouge iconique met en valeur l\u2019esprit racing et l\u2019identit\u00e9 forte de la Scuderia Ferrari avec style.<\/p>\n<p data-start=\"632\" data-end=\"739\"><strong data-start=\"632\" data-end=\"641\">REF :<\/strong> 701233010002<br data-start=\"654\" data-end=\"657\" \/><strong data-start=\"657\" data-end=\"671\">GEN CODE :<\/strong> 4069156238237<br data-start=\"685\" data-end=\"688\" \/><strong data-start=\"688\" data-end=\"701\">Couleur :<\/strong> Rouge<br data-start=\"707\" data-end=\"710\" \/><strong data-start=\"710\" data-end=\"722\" data-is-only-node=\"\">Marque :<\/strong> Ferrari \/ Puma<\/p>\n","protected":false},"excerpt":{"rendered":"Description du produitCasquette officielle Scuderia Ferrari F1 Lewis Hamilton 2025 sign\u00e9e PUMA, inspir\u00e9e de l\u2019univers de la Formule 1 et du pilote embl\u00e9matique Lewis Hamilton. Con\u00e7ue pour un usage quotidien, elle offre une conception l\u00e9g\u00e8re et confortable, associ\u00e9e \u00e0 une fermeture r\u00e9glable pour un ajustement optimal. Son coloris rouge iconique met en valeur l\u2019esprit racing&#8230; <a class=\"view-article\" href=\"https:\/\/toysmaniacornermonaco.com\/en\/produit\/casquette-charles-leclerc-scuderia-ferrari-2024-rouge-brule-copy\/\">View Article<\/a>","protected":false},"featured_media":6430,"comment_status":"closed","ping_status":"closed","template":"","meta":{"_acf_changed":false},"product_cat":[711,390],"product_tag":[],"class_list":{"0":"post-6427","1":"product","2":"type-product","3":"status-publish","4":"has-post-thumbnail","6":"marque-ferrari","7":"marque-puma","8":"idee_cadeau-formula-one-f1","9":"idee_cadeau-hommes","10":"product_cat-casquette","11":"product_cat-vetements-et-accessoires","12":"product_shipping_class-moyencolis","14":"first","15":"instock","16":"taxable","17":"shipping-taxable","18":"purchasable","19":"product-type-simple"},"acf":[],"yoast_head":"<!-- This site is optimized with the Yoast SEO plugin v22.3 - https:\/\/yoast.com\/wordpress\/plugins\/seo\/ -->\n<title>Scuderia Ferrari F1 Casquette Lewis Hamilton 2025 \u2013 Rouge - TOY&#039;S MANIA<\/title>\n<meta name=\"robots\" content=\"index, follow, max-snippet:-1, max-image-preview:large, max-video-preview:-1\" \/>\n<link rel=\"canonical\" href=\"https:\/\/toysmaniacornermonaco.com\/produit\/casquette-charles-leclerc-scuderia-ferrari-2024-rouge-brule-copy\/\" \/>\n<meta property=\"og:locale\" content=\"en_US\" \/>\n<meta property=\"og:type\" content=\"article\" \/>\n<meta property=\"og:title\" content=\"Scuderia Ferrari F1 Casquette Lewis Hamilton 2025 \u2013 Rouge - TOY&#039;S MANIA\" \/>\n<meta property=\"og:description\" content=\"Description du produitCasquette officielle Scuderia Ferrari F1 Lewis Hamilton 2025 sign\u00e9e PUMA, inspir\u00e9e de l\u2019univers de la Formule 1 et du pilote embl\u00e9matique Lewis Hamilton. Con\u00e7ue pour un usage quotidien, elle offre une conception l\u00e9g\u00e8re et confortable, associ\u00e9e \u00e0 une fermeture r\u00e9glable pour un ajustement optimal. Son coloris rouge iconique met en valeur l\u2019esprit racing... View Article\" \/>\n<meta property=\"og:url\" content=\"https:\/\/toysmaniacornermonaco.com\/produit\/casquette-charles-leclerc-scuderia-ferrari-2024-rouge-brule-copy\/\" \/>\n<meta property=\"og:site_name\" content=\"TOY&#039;S MANIA\" \/>\n<meta property=\"article:modified_time\" content=\"2026-02-01T10:02:41+00:00\" \/>\n<meta property=\"og:image\" content=\"https:\/\/toysmaniacornermonaco.com\/wp-content\/uploads\/2026\/02\/71W8V6QIWlL._AC_SX385_.jpg\" \/>\n\t<meta property=\"og:image:width\" content=\"385\" \/>\n\t<meta property=\"og:image:height\" content=\"255\" \/>\n\t<meta property=\"og:image:type\" content=\"image\/jpeg\" \/>\n<meta name=\"twitter:card\" content=\"summary_large_image\" \/>\n<meta name=\"twitter:label1\" content=\"Est. reading time\" \/>\n\t<meta name=\"twitter:data1\" content=\"1 minute\" \/>\n<script type=\"application\/ld+json\" class=\"yoast-schema-graph\">{\"@context\":\"https:\/\/schema.org\",\"@graph\":[{\"@type\":\"WebPage\",\"@id\":\"https:\/\/toysmaniacornermonaco.com\/produit\/casquette-charles-leclerc-scuderia-ferrari-2024-rouge-brule-copy\/\",\"url\":\"https:\/\/toysmaniacornermonaco.com\/produit\/casquette-charles-leclerc-scuderia-ferrari-2024-rouge-brule-copy\/\",\"name\":\"Scuderia Ferrari F1 Casquette Lewis Hamilton 2025 \u2013 Rouge - TOY&#039;S MANIA\",\"isPartOf\":{\"@id\":\"https:\/\/toysmaniacornermonaco.com\/#website\"},\"primaryImageOfPage\":{\"@id\":\"https:\/\/toysmaniacornermonaco.com\/produit\/casquette-charles-leclerc-scuderia-ferrari-2024-rouge-brule-copy\/#primaryimage\"},\"image\":{\"@id\":\"https:\/\/toysmaniacornermonaco.com\/produit\/casquette-charles-leclerc-scuderia-ferrari-2024-rouge-brule-copy\/#primaryimage\"},\"thumbnailUrl\":\"https:\/\/toysmaniacornermonaco.com\/wp-content\/uploads\/2026\/02\/71W8V6QIWlL._AC_SX385_.jpg\",\"datePublished\":\"2026-02-01T09:51:51+00:00\",\"dateModified\":\"2026-02-01T10:02:41+00:00\",\"breadcrumb\":{\"@id\":\"https:\/\/toysmaniacornermonaco.com\/produit\/casquette-charles-leclerc-scuderia-ferrari-2024-rouge-brule-copy\/#breadcrumb\"},\"inLanguage\":\"en-US\",\"potentialAction\":[{\"@type\":\"ReadAction\",\"target\":[\"https:\/\/toysmaniacornermonaco.com\/produit\/casquette-charles-leclerc-scuderia-ferrari-2024-rouge-brule-copy\/\"]}]},{\"@type\":\"ImageObject\",\"inLanguage\":\"en-US\",\"@id\":\"https:\/\/toysmaniacornermonaco.com\/produit\/casquette-charles-leclerc-scuderia-ferrari-2024-rouge-brule-copy\/#primaryimage\",\"url\":\"https:\/\/toysmaniacornermonaco.com\/wp-content\/uploads\/2026\/02\/71W8V6QIWlL._AC_SX385_.jpg\",\"contentUrl\":\"https:\/\/toysmaniacornermonaco.com\/wp-content\/uploads\/2026\/02\/71W8V6QIWlL._AC_SX385_.jpg\",\"width\":385,\"height\":255},{\"@type\":\"BreadcrumbList\",\"@id\":\"https:\/\/toysmaniacornermonaco.com\/produit\/casquette-charles-leclerc-scuderia-ferrari-2024-rouge-brule-copy\/#breadcrumb\",\"itemListElement\":[{\"@type\":\"ListItem\",\"position\":1,\"name\":\"Accueil\",\"item\":\"https:\/\/toysmaniacornermonaco.com\/en\/\"},{\"@type\":\"ListItem\",\"position\":2,\"name\":\"Shop\",\"item\":\"https:\/\/toysmaniacornermonaco.com\/en\/shop\/\"},{\"@type\":\"ListItem\",\"position\":3,\"name\":\"Scuderia Ferrari F1 Casquette Lewis Hamilton 2025 \u2013 Rouge\"}]},{\"@type\":\"WebSite\",\"@id\":\"https:\/\/toysmaniacornermonaco.com\/#website\",\"url\":\"https:\/\/toysmaniacornermonaco.com\/\",\"name\":\"TOY&#039;S MANIA\",\"description\":\"VOTRE CONCEPT STORE \u00c0 MONACO\",\"potentialAction\":[{\"@type\":\"SearchAction\",\"target\":{\"@type\":\"EntryPoint\",\"urlTemplate\":\"https:\/\/toysmaniacornermonaco.com\/?s={search_term_string}\"},\"query-input\":\"required name=search_term_string\"}],\"inLanguage\":\"en-US\"}]}<\/script>\n<!-- \/ Yoast SEO plugin. -->","yoast_head_json":{"title":"Scuderia Ferrari F1 Casquette Lewis Hamilton 2025 \u2013 Rouge - TOY&#039;S MANIA","robots":{"index":"index","follow":"follow","max-snippet":"max-snippet:-1","max-image-preview":"max-image-preview:large","max-video-preview":"max-video-preview:-1"},"canonical":"https:\/\/toysmaniacornermonaco.com\/produit\/casquette-charles-leclerc-scuderia-ferrari-2024-rouge-brule-copy\/","og_locale":"en_US","og_type":"article","og_title":"Scuderia Ferrari F1 Casquette Lewis Hamilton 2025 \u2013 Rouge - TOY&#039;S MANIA","og_description":"Description du produitCasquette officielle Scuderia Ferrari F1 Lewis Hamilton 2025 sign\u00e9e PUMA, inspir\u00e9e de l\u2019univers de la Formule 1 et du pilote embl\u00e9matique Lewis Hamilton. Con\u00e7ue pour un usage quotidien, elle offre une conception l\u00e9g\u00e8re et confortable, associ\u00e9e \u00e0 une fermeture r\u00e9glable pour un ajustement optimal. Son coloris rouge iconique met en valeur l\u2019esprit racing... View Article","og_url":"https:\/\/toysmaniacornermonaco.com\/produit\/casquette-charles-leclerc-scuderia-ferrari-2024-rouge-brule-copy\/","og_site_name":"TOY&#039;S MANIA","article_modified_time":"2026-02-01T10:02:41+00:00","og_image":[{"width":385,"height":255,"url":"https:\/\/toysmaniacornermonaco.com\/wp-content\/uploads\/2026\/02\/71W8V6QIWlL._AC_SX385_.jpg","type":"image\/jpeg"}],"twitter_card":"summary_large_image","twitter_misc":{"Est. reading time":"1 minute"},"schema":{"@context":"https:\/\/schema.org","@graph":[{"@type":"WebPage","@id":"https:\/\/toysmaniacornermonaco.com\/produit\/casquette-charles-leclerc-scuderia-ferrari-2024-rouge-brule-copy\/","url":"https:\/\/toysmaniacornermonaco.com\/produit\/casquette-charles-leclerc-scuderia-ferrari-2024-rouge-brule-copy\/","name":"Scuderia Ferrari F1 Casquette Lewis Hamilton 2025 \u2013 Rouge - TOY&#039;S MANIA","isPartOf":{"@id":"https:\/\/toysmaniacornermonaco.com\/#website"},"primaryImageOfPage":{"@id":"https:\/\/toysmaniacornermonaco.com\/produit\/casquette-charles-leclerc-scuderia-ferrari-2024-rouge-brule-copy\/#primaryimage"},"image":{"@id":"https:\/\/toysmaniacornermonaco.com\/produit\/casquette-charles-leclerc-scuderia-ferrari-2024-rouge-brule-copy\/#primaryimage"},"thumbnailUrl":"https:\/\/toysmaniacornermonaco.com\/wp-content\/uploads\/2026\/02\/71W8V6QIWlL._AC_SX385_.jpg","datePublished":"2026-02-01T09:51:51+00:00","dateModified":"2026-02-01T10:02:41+00:00","breadcrumb":{"@id":"https:\/\/toysmaniacornermonaco.com\/produit\/casquette-charles-leclerc-scuderia-ferrari-2024-rouge-brule-copy\/#breadcrumb"},"inLanguage":"en-US","potentialAction":[{"@type":"ReadAction","target":["https:\/\/toysmaniacornermonaco.com\/produit\/casquette-charles-leclerc-scuderia-ferrari-2024-rouge-brule-copy\/"]}]},{"@type":"ImageObject","inLanguage":"en-US","@id":"https:\/\/toysmaniacornermonaco.com\/produit\/casquette-charles-leclerc-scuderia-ferrari-2024-rouge-brule-copy\/#primaryimage","url":"https:\/\/toysmaniacornermonaco.com\/wp-content\/uploads\/2026\/02\/71W8V6QIWlL._AC_SX385_.jpg","contentUrl":"https:\/\/toysmaniacornermonaco.com\/wp-content\/uploads\/2026\/02\/71W8V6QIWlL._AC_SX385_.jpg","width":385,"height":255},{"@type":"BreadcrumbList","@id":"https:\/\/toysmaniacornermonaco.com\/produit\/casquette-charles-leclerc-scuderia-ferrari-2024-rouge-brule-copy\/#breadcrumb","itemListElement":[{"@type":"ListItem","position":1,"name":"Accueil","item":"https:\/\/toysmaniacornermonaco.com\/en\/"},{"@type":"ListItem","position":2,"name":"Shop","item":"https:\/\/toysmaniacornermonaco.com\/en\/shop\/"},{"@type":"ListItem","position":3,"name":"Scuderia Ferrari F1 Casquette Lewis Hamilton 2025 \u2013 Rouge"}]},{"@type":"WebSite","@id":"https:\/\/toysmaniacornermonaco.com\/#website","url":"https:\/\/toysmaniacornermonaco.com\/","name":"TOY&#039;S MANIA","description":"VOTRE CONCEPT STORE \u00c0 MONACO","potentialAction":[{"@type":"SearchAction","target":{"@type":"EntryPoint","urlTemplate":"https:\/\/toysmaniacornermonaco.com\/?s={search_term_string}"},"query-input":"required name=search_term_string"}],"inLanguage":"en-US"}]}},"_links":{"self":[{"href":"https:\/\/toysmaniacornermonaco.com\/en\/wp-json\/wp\/v2\/product\/6427","targetHints":{"allow":["GET"]}}],"collection":[{"href":"https:\/\/toysmaniacornermonaco.com\/en\/wp-json\/wp\/v2\/product"}],"about":[{"href":"https:\/\/toysmaniacornermonaco.com\/en\/wp-json\/wp\/v2\/types\/product"}],"replies":[{"embeddable":true,"href":"https:\/\/toysmaniacornermonaco.com\/en\/wp-json\/wp\/v2\/comments?post=6427"}],"wp:featuredmedia":[{"embeddable":true,"href":"https:\/\/toysmaniacornermonaco.com\/en\/wp-json\/wp\/v2\/media\/6430"}],"wp:attachment":[{"href":"https:\/\/toysmaniacornermonaco.com\/en\/wp-json\/wp\/v2\/media?parent=6427"}],"wp:term":[{"taxonomy":"product_cat","embeddable":true,"href":"https:\/\/toysmaniacornermonaco.com\/en\/wp-json\/wp\/v2\/product_cat?post=6427"},{"taxonomy":"product_tag","embeddable":true,"href":"https:\/\/toysmaniacornermonaco.com\/en\/wp-json\/wp\/v2\/product_tag?post=6427"}],"curies":[{"name":"wp","href":"https:\/\/api.w.org\/{rel}","templated":true}]}}