{"id":6444,"date":"2026-02-08T09:42:43","date_gmt":"2026-02-08T08:42:43","guid":{"rendered":"https:\/\/toysmaniacornermonaco.com\/?post_type=product&#038;p=6444"},"modified":"2026-02-08T09:52:18","modified_gmt":"2026-02-08T08:52:18","slug":"scuderia-ferrari-casquette-classique-noir","status":"publish","type":"product","link":"https:\/\/toysmaniacornermonaco.com\/en\/produit\/scuderia-ferrari-casquette-classique-noir\/","title":{"rendered":"Scuderia Ferrari Casquette Classique \u2013 Noir"},"content":{"rendered":"<p data-start=\"166\" data-end=\"607\"><strong data-start=\"166\" data-end=\"192\">Description du produit<\/strong><br data-start=\"192\" data-end=\"195\" \/>Casquette Scuderia Ferrari Classique sign\u00e9e PUMA, inspir\u00e9e de l\u2019univers de la Formule 1 et de l\u2019h\u00e9ritage embl\u00e9matique de la marque Ferrari. Con\u00e7ue pour un usage quotidien, elle offre une conception l\u00e9g\u00e8re et confortable, associ\u00e9e \u00e0 une fermeture r\u00e9glable pour un ajustement optimal. Son coloris<strong data-start=\"498\" data-end=\"506\"> noir<\/strong> sobre met en valeur l\u2019identit\u00e9 \u00e9l\u00e9gante et sportive de la Scuderia Ferrari avec discr\u00e9tion et style.<\/p>\n<p data-start=\"609\" data-end=\"715\"><strong data-start=\"609\" data-end=\"618\">REF :<\/strong> 701223457002<br data-start=\"631\" data-end=\"634\" \/><strong data-start=\"634\" data-end=\"648\">GEN CODE :<\/strong> 4065454621009<br data-start=\"662\" data-end=\"665\" \/><strong data-start=\"665\" data-end=\"678\">Couleur :<\/strong> Noir<br data-start=\"683\" data-end=\"686\" \/><strong data-start=\"686\" data-end=\"698\" data-is-only-node=\"\">Marque :<\/strong> Ferrari \/ Puma<\/p>\n","protected":false},"excerpt":{"rendered":"Description du produitCasquette Scuderia Ferrari Classique sign\u00e9e PUMA, inspir\u00e9e de l\u2019univers de la Formule 1 et de l\u2019h\u00e9ritage embl\u00e9matique de la marque Ferrari. Con\u00e7ue pour un usage quotidien, elle offre une conception l\u00e9g\u00e8re et confortable, associ\u00e9e \u00e0 une fermeture r\u00e9glable pour un ajustement optimal. Son coloris noir sobre met en valeur l\u2019identit\u00e9 \u00e9l\u00e9gante et sportive&#8230; <a class=\"view-article\" href=\"https:\/\/toysmaniacornermonaco.com\/en\/produit\/scuderia-ferrari-casquette-classique-noir\/\">View Article<\/a>","protected":false},"featured_media":6445,"comment_status":"closed","ping_status":"closed","template":"","meta":{"_acf_changed":false},"product_cat":[711,390],"product_tag":[],"class_list":{"0":"post-6444","1":"product","2":"type-product","3":"status-publish","4":"has-post-thumbnail","6":"marque-ferrari","7":"marque-puma","8":"idee_cadeau-formula-one-f1","9":"idee_cadeau-hommes","10":"product_cat-casquette","11":"product_cat-vetements-et-accessoires","12":"product_shipping_class-moyencolis","14":"first","15":"instock","16":"taxable","17":"shipping-taxable","18":"purchasable","19":"product-type-simple"},"acf":[],"yoast_head":"<!-- This site is optimized with the Yoast SEO plugin v22.3 - https:\/\/yoast.com\/wordpress\/plugins\/seo\/ -->\n<title>Scuderia Ferrari Casquette Classique \u2013 Noir - TOY&#039;S MANIA<\/title>\n<meta name=\"robots\" content=\"index, follow, max-snippet:-1, max-image-preview:large, max-video-preview:-1\" \/>\n<link rel=\"canonical\" href=\"https:\/\/toysmaniacornermonaco.com\/produit\/scuderia-ferrari-casquette-classique-noir\/\" \/>\n<meta property=\"og:locale\" content=\"en_US\" \/>\n<meta property=\"og:type\" content=\"article\" \/>\n<meta property=\"og:title\" content=\"Scuderia Ferrari Casquette Classique \u2013 Noir - TOY&#039;S MANIA\" \/>\n<meta property=\"og:description\" content=\"Description du produitCasquette Scuderia Ferrari Classique sign\u00e9e PUMA, inspir\u00e9e de l\u2019univers de la Formule 1 et de l\u2019h\u00e9ritage embl\u00e9matique de la marque Ferrari. Con\u00e7ue pour un usage quotidien, elle offre une conception l\u00e9g\u00e8re et confortable, associ\u00e9e \u00e0 une fermeture r\u00e9glable pour un ajustement optimal. Son coloris noir sobre met en valeur l\u2019identit\u00e9 \u00e9l\u00e9gante et sportive... View Article\" \/>\n<meta property=\"og:url\" content=\"https:\/\/toysmaniacornermonaco.com\/produit\/scuderia-ferrari-casquette-classique-noir\/\" \/>\n<meta property=\"og:site_name\" content=\"TOY&#039;S MANIA\" \/>\n<meta property=\"article:modified_time\" content=\"2026-02-08T08:52:18+00:00\" \/>\n<meta property=\"og:image\" content=\"https:\/\/toysmaniacornermonaco.com\/wp-content\/uploads\/2026\/02\/ferraripuma.jpg\" \/>\n\t<meta property=\"og:image:width\" content=\"342\" \/>\n\t<meta property=\"og:image:height\" content=\"309\" \/>\n\t<meta property=\"og:image:type\" content=\"image\/jpeg\" \/>\n<meta name=\"twitter:card\" content=\"summary_large_image\" \/>\n<meta name=\"twitter:label1\" content=\"Est. reading time\" \/>\n\t<meta name=\"twitter:data1\" content=\"1 minute\" \/>\n<script type=\"application\/ld+json\" class=\"yoast-schema-graph\">{\"@context\":\"https:\/\/schema.org\",\"@graph\":[{\"@type\":\"WebPage\",\"@id\":\"https:\/\/toysmaniacornermonaco.com\/produit\/scuderia-ferrari-casquette-classique-noir\/\",\"url\":\"https:\/\/toysmaniacornermonaco.com\/produit\/scuderia-ferrari-casquette-classique-noir\/\",\"name\":\"Scuderia Ferrari Casquette Classique \u2013 Noir - TOY&#039;S MANIA\",\"isPartOf\":{\"@id\":\"https:\/\/toysmaniacornermonaco.com\/#website\"},\"primaryImageOfPage\":{\"@id\":\"https:\/\/toysmaniacornermonaco.com\/produit\/scuderia-ferrari-casquette-classique-noir\/#primaryimage\"},\"image\":{\"@id\":\"https:\/\/toysmaniacornermonaco.com\/produit\/scuderia-ferrari-casquette-classique-noir\/#primaryimage\"},\"thumbnailUrl\":\"https:\/\/toysmaniacornermonaco.com\/wp-content\/uploads\/2026\/02\/ferraripuma.jpg\",\"datePublished\":\"2026-02-08T08:42:43+00:00\",\"dateModified\":\"2026-02-08T08:52:18+00:00\",\"breadcrumb\":{\"@id\":\"https:\/\/toysmaniacornermonaco.com\/produit\/scuderia-ferrari-casquette-classique-noir\/#breadcrumb\"},\"inLanguage\":\"en-US\",\"potentialAction\":[{\"@type\":\"ReadAction\",\"target\":[\"https:\/\/toysmaniacornermonaco.com\/produit\/scuderia-ferrari-casquette-classique-noir\/\"]}]},{\"@type\":\"ImageObject\",\"inLanguage\":\"en-US\",\"@id\":\"https:\/\/toysmaniacornermonaco.com\/produit\/scuderia-ferrari-casquette-classique-noir\/#primaryimage\",\"url\":\"https:\/\/toysmaniacornermonaco.com\/wp-content\/uploads\/2026\/02\/ferraripuma.jpg\",\"contentUrl\":\"https:\/\/toysmaniacornermonaco.com\/wp-content\/uploads\/2026\/02\/ferraripuma.jpg\",\"width\":342,\"height\":309},{\"@type\":\"BreadcrumbList\",\"@id\":\"https:\/\/toysmaniacornermonaco.com\/produit\/scuderia-ferrari-casquette-classique-noir\/#breadcrumb\",\"itemListElement\":[{\"@type\":\"ListItem\",\"position\":1,\"name\":\"Accueil\",\"item\":\"https:\/\/toysmaniacornermonaco.com\/en\/\"},{\"@type\":\"ListItem\",\"position\":2,\"name\":\"Shop\",\"item\":\"https:\/\/toysmaniacornermonaco.com\/en\/shop\/\"},{\"@type\":\"ListItem\",\"position\":3,\"name\":\"Scuderia Ferrari Casquette Classique \u2013 Noir\"}]},{\"@type\":\"WebSite\",\"@id\":\"https:\/\/toysmaniacornermonaco.com\/#website\",\"url\":\"https:\/\/toysmaniacornermonaco.com\/\",\"name\":\"TOY&#039;S MANIA\",\"description\":\"VOTRE CONCEPT STORE \u00c0 MONACO\",\"potentialAction\":[{\"@type\":\"SearchAction\",\"target\":{\"@type\":\"EntryPoint\",\"urlTemplate\":\"https:\/\/toysmaniacornermonaco.com\/?s={search_term_string}\"},\"query-input\":\"required name=search_term_string\"}],\"inLanguage\":\"en-US\"}]}<\/script>\n<!-- \/ Yoast SEO plugin. -->","yoast_head_json":{"title":"Scuderia Ferrari Casquette Classique \u2013 Noir - TOY&#039;S MANIA","robots":{"index":"index","follow":"follow","max-snippet":"max-snippet:-1","max-image-preview":"max-image-preview:large","max-video-preview":"max-video-preview:-1"},"canonical":"https:\/\/toysmaniacornermonaco.com\/produit\/scuderia-ferrari-casquette-classique-noir\/","og_locale":"en_US","og_type":"article","og_title":"Scuderia Ferrari Casquette Classique \u2013 Noir - TOY&#039;S MANIA","og_description":"Description du produitCasquette Scuderia Ferrari Classique sign\u00e9e PUMA, inspir\u00e9e de l\u2019univers de la Formule 1 et de l\u2019h\u00e9ritage embl\u00e9matique de la marque Ferrari. Con\u00e7ue pour un usage quotidien, elle offre une conception l\u00e9g\u00e8re et confortable, associ\u00e9e \u00e0 une fermeture r\u00e9glable pour un ajustement optimal. Son coloris noir sobre met en valeur l\u2019identit\u00e9 \u00e9l\u00e9gante et sportive... View Article","og_url":"https:\/\/toysmaniacornermonaco.com\/produit\/scuderia-ferrari-casquette-classique-noir\/","og_site_name":"TOY&#039;S MANIA","article_modified_time":"2026-02-08T08:52:18+00:00","og_image":[{"width":342,"height":309,"url":"https:\/\/toysmaniacornermonaco.com\/wp-content\/uploads\/2026\/02\/ferraripuma.jpg","type":"image\/jpeg"}],"twitter_card":"summary_large_image","twitter_misc":{"Est. reading time":"1 minute"},"schema":{"@context":"https:\/\/schema.org","@graph":[{"@type":"WebPage","@id":"https:\/\/toysmaniacornermonaco.com\/produit\/scuderia-ferrari-casquette-classique-noir\/","url":"https:\/\/toysmaniacornermonaco.com\/produit\/scuderia-ferrari-casquette-classique-noir\/","name":"Scuderia Ferrari Casquette Classique \u2013 Noir - TOY&#039;S MANIA","isPartOf":{"@id":"https:\/\/toysmaniacornermonaco.com\/#website"},"primaryImageOfPage":{"@id":"https:\/\/toysmaniacornermonaco.com\/produit\/scuderia-ferrari-casquette-classique-noir\/#primaryimage"},"image":{"@id":"https:\/\/toysmaniacornermonaco.com\/produit\/scuderia-ferrari-casquette-classique-noir\/#primaryimage"},"thumbnailUrl":"https:\/\/toysmaniacornermonaco.com\/wp-content\/uploads\/2026\/02\/ferraripuma.jpg","datePublished":"2026-02-08T08:42:43+00:00","dateModified":"2026-02-08T08:52:18+00:00","breadcrumb":{"@id":"https:\/\/toysmaniacornermonaco.com\/produit\/scuderia-ferrari-casquette-classique-noir\/#breadcrumb"},"inLanguage":"en-US","potentialAction":[{"@type":"ReadAction","target":["https:\/\/toysmaniacornermonaco.com\/produit\/scuderia-ferrari-casquette-classique-noir\/"]}]},{"@type":"ImageObject","inLanguage":"en-US","@id":"https:\/\/toysmaniacornermonaco.com\/produit\/scuderia-ferrari-casquette-classique-noir\/#primaryimage","url":"https:\/\/toysmaniacornermonaco.com\/wp-content\/uploads\/2026\/02\/ferraripuma.jpg","contentUrl":"https:\/\/toysmaniacornermonaco.com\/wp-content\/uploads\/2026\/02\/ferraripuma.jpg","width":342,"height":309},{"@type":"BreadcrumbList","@id":"https:\/\/toysmaniacornermonaco.com\/produit\/scuderia-ferrari-casquette-classique-noir\/#breadcrumb","itemListElement":[{"@type":"ListItem","position":1,"name":"Accueil","item":"https:\/\/toysmaniacornermonaco.com\/en\/"},{"@type":"ListItem","position":2,"name":"Shop","item":"https:\/\/toysmaniacornermonaco.com\/en\/shop\/"},{"@type":"ListItem","position":3,"name":"Scuderia Ferrari Casquette Classique \u2013 Noir"}]},{"@type":"WebSite","@id":"https:\/\/toysmaniacornermonaco.com\/#website","url":"https:\/\/toysmaniacornermonaco.com\/","name":"TOY&#039;S MANIA","description":"VOTRE CONCEPT STORE \u00c0 MONACO","potentialAction":[{"@type":"SearchAction","target":{"@type":"EntryPoint","urlTemplate":"https:\/\/toysmaniacornermonaco.com\/?s={search_term_string}"},"query-input":"required name=search_term_string"}],"inLanguage":"en-US"}]}},"_links":{"self":[{"href":"https:\/\/toysmaniacornermonaco.com\/en\/wp-json\/wp\/v2\/product\/6444","targetHints":{"allow":["GET"]}}],"collection":[{"href":"https:\/\/toysmaniacornermonaco.com\/en\/wp-json\/wp\/v2\/product"}],"about":[{"href":"https:\/\/toysmaniacornermonaco.com\/en\/wp-json\/wp\/v2\/types\/product"}],"replies":[{"embeddable":true,"href":"https:\/\/toysmaniacornermonaco.com\/en\/wp-json\/wp\/v2\/comments?post=6444"}],"wp:featuredmedia":[{"embeddable":true,"href":"https:\/\/toysmaniacornermonaco.com\/en\/wp-json\/wp\/v2\/media\/6445"}],"wp:attachment":[{"href":"https:\/\/toysmaniacornermonaco.com\/en\/wp-json\/wp\/v2\/media?parent=6444"}],"wp:term":[{"taxonomy":"product_cat","embeddable":true,"href":"https:\/\/toysmaniacornermonaco.com\/en\/wp-json\/wp\/v2\/product_cat?post=6444"},{"taxonomy":"product_tag","embeddable":true,"href":"https:\/\/toysmaniacornermonaco.com\/en\/wp-json\/wp\/v2\/product_tag?post=6444"}],"curies":[{"name":"wp","href":"https:\/\/api.w.org\/{rel}","templated":true}]}}