{"id":6451,"date":"2026-02-08T09:53:19","date_gmt":"2026-02-08T08:53:19","guid":{"rendered":"https:\/\/toysmaniacornermonaco.com\/?post_type=product&#038;p=6451"},"modified":"2026-02-08T10:10:03","modified_gmt":"2026-02-08T09:10:03","slug":"scuderia-ferrari-f1-team-race-pro-casquette-baseball-rouge-rosso-corse","status":"publish","type":"product","link":"https:\/\/toysmaniacornermonaco.com\/en\/produit\/scuderia-ferrari-f1-team-race-pro-casquette-baseball-rouge-rosso-corse\/","title":{"rendered":"Scuderia Ferrari F1\u2122 Team Race Pro Casquette Baseball \u2013 Rouge Rosso Corse"},"content":{"rendered":"<p data-start=\"182\" data-end=\"665\"><strong data-start=\"182\" data-end=\"208\">Description du produit<\/strong><br data-start=\"208\" data-end=\"211\" \/>Casquette de baseball Scuderia Ferrari F1\u2122 Team Race Pro pour homme, sign\u00e9e PUMA, inspir\u00e9e de l\u2019univers de la Formule 1 et de la comp\u00e9tition automobile. Con\u00e7ue pour un usage quotidien, elle offre une conception l\u00e9g\u00e8re et confortable, associ\u00e9e \u00e0 une fermeture r\u00e9glable pour un ajustement optimal. Son coloris Rouge Rosso Corse embl\u00e9matique met en valeur l\u2019esprit racing et l\u2019identit\u00e9 iconique de la Scuderia Ferrari avec intensit\u00e9 et \u00e9l\u00e9gance.<\/p>\n<p data-start=\"667\" data-end=\"782\"><strong data-start=\"667\" data-end=\"676\">REF :<\/strong> 02608002<br data-start=\"685\" data-end=\"688\" \/><strong data-start=\"688\" data-end=\"702\">GEN CODE :<\/strong> 4067984137371<br data-start=\"716\" data-end=\"719\" \/><strong data-start=\"719\" data-end=\"732\">Couleur :<\/strong> Rouge Rosso Corse<br data-start=\"750\" data-end=\"753\" \/><strong data-start=\"753\" data-end=\"765\" data-is-only-node=\"\">Marque :<\/strong> Ferrari \/ Puma<\/p>\n","protected":false},"excerpt":{"rendered":"Description du produitCasquette de baseball Scuderia Ferrari F1\u2122 Team Race Pro pour homme, sign\u00e9e PUMA, inspir\u00e9e de l\u2019univers de la Formule 1 et de la comp\u00e9tition automobile. Con\u00e7ue pour un usage quotidien, elle offre une conception l\u00e9g\u00e8re et confortable, associ\u00e9e \u00e0 une fermeture r\u00e9glable pour un ajustement optimal. Son coloris Rouge Rosso Corse embl\u00e9matique met&#8230; <a class=\"view-article\" href=\"https:\/\/toysmaniacornermonaco.com\/en\/produit\/scuderia-ferrari-f1-team-race-pro-casquette-baseball-rouge-rosso-corse\/\">View Article<\/a>","protected":false},"featured_media":6452,"comment_status":"closed","ping_status":"closed","template":"","meta":{"_acf_changed":false},"product_cat":[711,390],"product_tag":[],"class_list":{"0":"post-6451","1":"product","2":"type-product","3":"status-publish","4":"has-post-thumbnail","6":"marque-ferrari","7":"marque-puma","8":"idee_cadeau-formula-one-f1","9":"idee_cadeau-hommes","10":"product_cat-casquette","11":"product_cat-vetements-et-accessoires","12":"product_shipping_class-moyencolis","14":"first","15":"instock","16":"taxable","17":"shipping-taxable","18":"purchasable","19":"product-type-simple"},"acf":[],"yoast_head":"<!-- This site is optimized with the Yoast SEO plugin v22.3 - https:\/\/yoast.com\/wordpress\/plugins\/seo\/ -->\n<title>Scuderia Ferrari F1\u2122 Team Race Pro Casquette Baseball \u2013 Rouge Rosso Corse - TOY&#039;S MANIA<\/title>\n<meta name=\"robots\" content=\"index, follow, max-snippet:-1, max-image-preview:large, max-video-preview:-1\" \/>\n<link rel=\"canonical\" href=\"https:\/\/toysmaniacornermonaco.com\/produit\/scuderia-ferrari-f1-team-race-pro-casquette-baseball-rouge-rosso-corse\/\" \/>\n<meta property=\"og:locale\" content=\"en_US\" \/>\n<meta property=\"og:type\" content=\"article\" \/>\n<meta property=\"og:title\" content=\"Scuderia Ferrari F1\u2122 Team Race Pro Casquette Baseball \u2013 Rouge Rosso Corse - TOY&#039;S MANIA\" \/>\n<meta property=\"og:description\" content=\"Description du produitCasquette de baseball Scuderia Ferrari F1\u2122 Team Race Pro pour homme, sign\u00e9e PUMA, inspir\u00e9e de l\u2019univers de la Formule 1 et de la comp\u00e9tition automobile. Con\u00e7ue pour un usage quotidien, elle offre une conception l\u00e9g\u00e8re et confortable, associ\u00e9e \u00e0 une fermeture r\u00e9glable pour un ajustement optimal. Son coloris Rouge Rosso Corse embl\u00e9matique met... View Article\" \/>\n<meta property=\"og:url\" content=\"https:\/\/toysmaniacornermonaco.com\/produit\/scuderia-ferrari-f1-team-race-pro-casquette-baseball-rouge-rosso-corse\/\" \/>\n<meta property=\"og:site_name\" content=\"TOY&#039;S MANIA\" \/>\n<meta property=\"article:modified_time\" content=\"2026-02-08T09:10:03+00:00\" \/>\n<meta property=\"og:image\" content=\"https:\/\/toysmaniacornermonaco.com\/wp-content\/uploads\/2026\/02\/FERRARI-TRAIT.jpg\" \/>\n\t<meta property=\"og:image:width\" content=\"225\" \/>\n\t<meta property=\"og:image:height\" content=\"225\" \/>\n\t<meta property=\"og:image:type\" content=\"image\/jpeg\" \/>\n<meta name=\"twitter:card\" content=\"summary_large_image\" \/>\n<meta name=\"twitter:label1\" content=\"Est. reading time\" \/>\n\t<meta name=\"twitter:data1\" content=\"1 minute\" \/>\n<script type=\"application\/ld+json\" class=\"yoast-schema-graph\">{\"@context\":\"https:\/\/schema.org\",\"@graph\":[{\"@type\":\"WebPage\",\"@id\":\"https:\/\/toysmaniacornermonaco.com\/produit\/scuderia-ferrari-f1-team-race-pro-casquette-baseball-rouge-rosso-corse\/\",\"url\":\"https:\/\/toysmaniacornermonaco.com\/produit\/scuderia-ferrari-f1-team-race-pro-casquette-baseball-rouge-rosso-corse\/\",\"name\":\"Scuderia Ferrari F1\u2122 Team Race Pro Casquette Baseball \u2013 Rouge Rosso Corse - TOY&#039;S MANIA\",\"isPartOf\":{\"@id\":\"https:\/\/toysmaniacornermonaco.com\/#website\"},\"primaryImageOfPage\":{\"@id\":\"https:\/\/toysmaniacornermonaco.com\/produit\/scuderia-ferrari-f1-team-race-pro-casquette-baseball-rouge-rosso-corse\/#primaryimage\"},\"image\":{\"@id\":\"https:\/\/toysmaniacornermonaco.com\/produit\/scuderia-ferrari-f1-team-race-pro-casquette-baseball-rouge-rosso-corse\/#primaryimage\"},\"thumbnailUrl\":\"https:\/\/toysmaniacornermonaco.com\/wp-content\/uploads\/2026\/02\/FERRARI-TRAIT.jpg\",\"datePublished\":\"2026-02-08T08:53:19+00:00\",\"dateModified\":\"2026-02-08T09:10:03+00:00\",\"breadcrumb\":{\"@id\":\"https:\/\/toysmaniacornermonaco.com\/produit\/scuderia-ferrari-f1-team-race-pro-casquette-baseball-rouge-rosso-corse\/#breadcrumb\"},\"inLanguage\":\"en-US\",\"potentialAction\":[{\"@type\":\"ReadAction\",\"target\":[\"https:\/\/toysmaniacornermonaco.com\/produit\/scuderia-ferrari-f1-team-race-pro-casquette-baseball-rouge-rosso-corse\/\"]}]},{\"@type\":\"ImageObject\",\"inLanguage\":\"en-US\",\"@id\":\"https:\/\/toysmaniacornermonaco.com\/produit\/scuderia-ferrari-f1-team-race-pro-casquette-baseball-rouge-rosso-corse\/#primaryimage\",\"url\":\"https:\/\/toysmaniacornermonaco.com\/wp-content\/uploads\/2026\/02\/FERRARI-TRAIT.jpg\",\"contentUrl\":\"https:\/\/toysmaniacornermonaco.com\/wp-content\/uploads\/2026\/02\/FERRARI-TRAIT.jpg\",\"width\":225,\"height\":225},{\"@type\":\"BreadcrumbList\",\"@id\":\"https:\/\/toysmaniacornermonaco.com\/produit\/scuderia-ferrari-f1-team-race-pro-casquette-baseball-rouge-rosso-corse\/#breadcrumb\",\"itemListElement\":[{\"@type\":\"ListItem\",\"position\":1,\"name\":\"Accueil\",\"item\":\"https:\/\/toysmaniacornermonaco.com\/en\/\"},{\"@type\":\"ListItem\",\"position\":2,\"name\":\"Shop\",\"item\":\"https:\/\/toysmaniacornermonaco.com\/en\/shop\/\"},{\"@type\":\"ListItem\",\"position\":3,\"name\":\"Scuderia Ferrari F1\u2122 Team Race Pro Casquette Baseball \u2013 Rouge Rosso Corse\"}]},{\"@type\":\"WebSite\",\"@id\":\"https:\/\/toysmaniacornermonaco.com\/#website\",\"url\":\"https:\/\/toysmaniacornermonaco.com\/\",\"name\":\"TOY&#039;S MANIA\",\"description\":\"VOTRE CONCEPT STORE \u00c0 MONACO\",\"potentialAction\":[{\"@type\":\"SearchAction\",\"target\":{\"@type\":\"EntryPoint\",\"urlTemplate\":\"https:\/\/toysmaniacornermonaco.com\/?s={search_term_string}\"},\"query-input\":\"required name=search_term_string\"}],\"inLanguage\":\"en-US\"}]}<\/script>\n<!-- \/ Yoast SEO plugin. -->","yoast_head_json":{"title":"Scuderia Ferrari F1\u2122 Team Race Pro Casquette Baseball \u2013 Rouge Rosso Corse - TOY&#039;S MANIA","robots":{"index":"index","follow":"follow","max-snippet":"max-snippet:-1","max-image-preview":"max-image-preview:large","max-video-preview":"max-video-preview:-1"},"canonical":"https:\/\/toysmaniacornermonaco.com\/produit\/scuderia-ferrari-f1-team-race-pro-casquette-baseball-rouge-rosso-corse\/","og_locale":"en_US","og_type":"article","og_title":"Scuderia Ferrari F1\u2122 Team Race Pro Casquette Baseball \u2013 Rouge Rosso Corse - TOY&#039;S MANIA","og_description":"Description du produitCasquette de baseball Scuderia Ferrari F1\u2122 Team Race Pro pour homme, sign\u00e9e PUMA, inspir\u00e9e de l\u2019univers de la Formule 1 et de la comp\u00e9tition automobile. Con\u00e7ue pour un usage quotidien, elle offre une conception l\u00e9g\u00e8re et confortable, associ\u00e9e \u00e0 une fermeture r\u00e9glable pour un ajustement optimal. Son coloris Rouge Rosso Corse embl\u00e9matique met... View Article","og_url":"https:\/\/toysmaniacornermonaco.com\/produit\/scuderia-ferrari-f1-team-race-pro-casquette-baseball-rouge-rosso-corse\/","og_site_name":"TOY&#039;S MANIA","article_modified_time":"2026-02-08T09:10:03+00:00","og_image":[{"width":225,"height":225,"url":"https:\/\/toysmaniacornermonaco.com\/wp-content\/uploads\/2026\/02\/FERRARI-TRAIT.jpg","type":"image\/jpeg"}],"twitter_card":"summary_large_image","twitter_misc":{"Est. reading time":"1 minute"},"schema":{"@context":"https:\/\/schema.org","@graph":[{"@type":"WebPage","@id":"https:\/\/toysmaniacornermonaco.com\/produit\/scuderia-ferrari-f1-team-race-pro-casquette-baseball-rouge-rosso-corse\/","url":"https:\/\/toysmaniacornermonaco.com\/produit\/scuderia-ferrari-f1-team-race-pro-casquette-baseball-rouge-rosso-corse\/","name":"Scuderia Ferrari F1\u2122 Team Race Pro Casquette Baseball \u2013 Rouge Rosso Corse - TOY&#039;S MANIA","isPartOf":{"@id":"https:\/\/toysmaniacornermonaco.com\/#website"},"primaryImageOfPage":{"@id":"https:\/\/toysmaniacornermonaco.com\/produit\/scuderia-ferrari-f1-team-race-pro-casquette-baseball-rouge-rosso-corse\/#primaryimage"},"image":{"@id":"https:\/\/toysmaniacornermonaco.com\/produit\/scuderia-ferrari-f1-team-race-pro-casquette-baseball-rouge-rosso-corse\/#primaryimage"},"thumbnailUrl":"https:\/\/toysmaniacornermonaco.com\/wp-content\/uploads\/2026\/02\/FERRARI-TRAIT.jpg","datePublished":"2026-02-08T08:53:19+00:00","dateModified":"2026-02-08T09:10:03+00:00","breadcrumb":{"@id":"https:\/\/toysmaniacornermonaco.com\/produit\/scuderia-ferrari-f1-team-race-pro-casquette-baseball-rouge-rosso-corse\/#breadcrumb"},"inLanguage":"en-US","potentialAction":[{"@type":"ReadAction","target":["https:\/\/toysmaniacornermonaco.com\/produit\/scuderia-ferrari-f1-team-race-pro-casquette-baseball-rouge-rosso-corse\/"]}]},{"@type":"ImageObject","inLanguage":"en-US","@id":"https:\/\/toysmaniacornermonaco.com\/produit\/scuderia-ferrari-f1-team-race-pro-casquette-baseball-rouge-rosso-corse\/#primaryimage","url":"https:\/\/toysmaniacornermonaco.com\/wp-content\/uploads\/2026\/02\/FERRARI-TRAIT.jpg","contentUrl":"https:\/\/toysmaniacornermonaco.com\/wp-content\/uploads\/2026\/02\/FERRARI-TRAIT.jpg","width":225,"height":225},{"@type":"BreadcrumbList","@id":"https:\/\/toysmaniacornermonaco.com\/produit\/scuderia-ferrari-f1-team-race-pro-casquette-baseball-rouge-rosso-corse\/#breadcrumb","itemListElement":[{"@type":"ListItem","position":1,"name":"Accueil","item":"https:\/\/toysmaniacornermonaco.com\/en\/"},{"@type":"ListItem","position":2,"name":"Shop","item":"https:\/\/toysmaniacornermonaco.com\/en\/shop\/"},{"@type":"ListItem","position":3,"name":"Scuderia Ferrari F1\u2122 Team Race Pro Casquette Baseball \u2013 Rouge Rosso Corse"}]},{"@type":"WebSite","@id":"https:\/\/toysmaniacornermonaco.com\/#website","url":"https:\/\/toysmaniacornermonaco.com\/","name":"TOY&#039;S MANIA","description":"VOTRE CONCEPT STORE \u00c0 MONACO","potentialAction":[{"@type":"SearchAction","target":{"@type":"EntryPoint","urlTemplate":"https:\/\/toysmaniacornermonaco.com\/?s={search_term_string}"},"query-input":"required name=search_term_string"}],"inLanguage":"en-US"}]}},"_links":{"self":[{"href":"https:\/\/toysmaniacornermonaco.com\/en\/wp-json\/wp\/v2\/product\/6451","targetHints":{"allow":["GET"]}}],"collection":[{"href":"https:\/\/toysmaniacornermonaco.com\/en\/wp-json\/wp\/v2\/product"}],"about":[{"href":"https:\/\/toysmaniacornermonaco.com\/en\/wp-json\/wp\/v2\/types\/product"}],"replies":[{"embeddable":true,"href":"https:\/\/toysmaniacornermonaco.com\/en\/wp-json\/wp\/v2\/comments?post=6451"}],"wp:featuredmedia":[{"embeddable":true,"href":"https:\/\/toysmaniacornermonaco.com\/en\/wp-json\/wp\/v2\/media\/6452"}],"wp:attachment":[{"href":"https:\/\/toysmaniacornermonaco.com\/en\/wp-json\/wp\/v2\/media?parent=6451"}],"wp:term":[{"taxonomy":"product_cat","embeddable":true,"href":"https:\/\/toysmaniacornermonaco.com\/en\/wp-json\/wp\/v2\/product_cat?post=6451"},{"taxonomy":"product_tag","embeddable":true,"href":"https:\/\/toysmaniacornermonaco.com\/en\/wp-json\/wp\/v2\/product_tag?post=6451"}],"curies":[{"name":"wp","href":"https:\/\/api.w.org\/{rel}","templated":true}]}}