{"id":6454,"date":"2026-02-08T10:13:26","date_gmt":"2026-02-08T09:13:26","guid":{"rendered":"https:\/\/toysmaniacornermonaco.com\/?post_type=product&#038;p=6454"},"modified":"2026-02-08T10:21:45","modified_gmt":"2026-02-08T09:21:45","slug":"ferrari-race-pro-bb-cap","status":"publish","type":"product","link":"https:\/\/toysmaniacornermonaco.com\/en\/produit\/ferrari-race-pro-bb-cap\/","title":{"rendered":"Ferrari Race Pro BB Cap"},"content":{"rendered":"<p data-start=\"159\" data-end=\"587\"><strong data-start=\"159\" data-end=\"185\">Description du produit<\/strong><br data-start=\"185\" data-end=\"188\" \/>Casquette Ferrari Race Pro BB Cap sign\u00e9e PUMA, inspir\u00e9e de l\u2019univers de la Scuderia Ferrari et de la comp\u00e9tition automobile. Con\u00e7ue pour un usage quotidien, elle offre une conception l\u00e9g\u00e8re et confortable, associ\u00e9e \u00e0 une taille unique r\u00e9glable pour un ajustement optimal. Son design soign\u00e9 met en valeur l\u2019esprit racing et l\u2019identit\u00e9 embl\u00e9matique de Ferrari avec un style sportif et \u00e9l\u00e9gant.<\/p>\n<p data-start=\"589\" data-end=\"700\"><strong data-start=\"589\" data-end=\"598\">REF :<\/strong> 02608001<br data-start=\"607\" data-end=\"610\" \/><strong data-start=\"610\" data-end=\"624\">GEN CODE :<\/strong> 4067984137418<br data-start=\"638\" data-end=\"641\" \/><strong data-start=\"641\" data-end=\"654\">Couleur :<\/strong> Noire<br data-start=\"668\" data-end=\"671\" \/><strong data-start=\"671\" data-end=\"683\" data-is-only-node=\"\">Marque :<\/strong> Ferrari \/ Puma<\/p>\n","protected":false},"excerpt":{"rendered":"Description du produitCasquette Ferrari Race Pro BB Cap sign\u00e9e PUMA, inspir\u00e9e de l\u2019univers de la Scuderia Ferrari et de la comp\u00e9tition automobile. Con\u00e7ue pour un usage quotidien, elle offre une conception l\u00e9g\u00e8re et confortable, associ\u00e9e \u00e0 une taille unique r\u00e9glable pour un ajustement optimal. Son design soign\u00e9 met en valeur l\u2019esprit racing et l\u2019identit\u00e9 embl\u00e9matique&#8230; <a class=\"view-article\" href=\"https:\/\/toysmaniacornermonaco.com\/en\/produit\/ferrari-race-pro-bb-cap\/\">View Article<\/a>","protected":false},"featured_media":6455,"comment_status":"closed","ping_status":"closed","template":"","meta":{"_acf_changed":false},"product_cat":[711,390],"product_tag":[],"class_list":{"0":"post-6454","1":"product","2":"type-product","3":"status-publish","4":"has-post-thumbnail","6":"marque-ferrari","7":"marque-puma","8":"idee_cadeau-femmes","9":"idee_cadeau-formula-one-f1","10":"idee_cadeau-hommes","11":"product_cat-casquette","12":"product_cat-vetements-et-accessoires","13":"product_shipping_class-moyencolis","15":"first","16":"instock","17":"taxable","18":"shipping-taxable","19":"purchasable","20":"product-type-simple"},"acf":[],"yoast_head":"<!-- This site is optimized with the Yoast SEO plugin v22.3 - https:\/\/yoast.com\/wordpress\/plugins\/seo\/ -->\n<title>Ferrari Race Pro BB Cap - TOY&#039;S MANIA<\/title>\n<meta name=\"robots\" content=\"index, follow, max-snippet:-1, max-image-preview:large, max-video-preview:-1\" \/>\n<link rel=\"canonical\" href=\"https:\/\/toysmaniacornermonaco.com\/produit\/ferrari-race-pro-bb-cap\/\" \/>\n<meta property=\"og:locale\" content=\"en_US\" \/>\n<meta property=\"og:type\" content=\"article\" \/>\n<meta property=\"og:title\" content=\"Ferrari Race Pro BB Cap - TOY&#039;S MANIA\" \/>\n<meta property=\"og:description\" content=\"Description du produitCasquette Ferrari Race Pro BB Cap sign\u00e9e PUMA, inspir\u00e9e de l\u2019univers de la Scuderia Ferrari et de la comp\u00e9tition automobile. Con\u00e7ue pour un usage quotidien, elle offre une conception l\u00e9g\u00e8re et confortable, associ\u00e9e \u00e0 une taille unique r\u00e9glable pour un ajustement optimal. Son design soign\u00e9 met en valeur l\u2019esprit racing et l\u2019identit\u00e9 embl\u00e9matique... View Article\" \/>\n<meta property=\"og:url\" content=\"https:\/\/toysmaniacornermonaco.com\/produit\/ferrari-race-pro-bb-cap\/\" \/>\n<meta property=\"og:site_name\" content=\"TOY&#039;S MANIA\" \/>\n<meta property=\"article:modified_time\" content=\"2026-02-08T09:21:45+00:00\" \/>\n<meta property=\"og:image\" content=\"https:\/\/toysmaniacornermonaco.com\/wp-content\/uploads\/2026\/02\/713qiGvPiKL._AC_SX385_.jpg\" \/>\n\t<meta property=\"og:image:width\" content=\"385\" \/>\n\t<meta property=\"og:image:height\" content=\"257\" \/>\n\t<meta property=\"og:image:type\" content=\"image\/jpeg\" \/>\n<meta name=\"twitter:card\" content=\"summary_large_image\" \/>\n<meta name=\"twitter:label1\" content=\"Est. reading time\" \/>\n\t<meta name=\"twitter:data1\" content=\"1 minute\" \/>\n<script type=\"application\/ld+json\" class=\"yoast-schema-graph\">{\"@context\":\"https:\/\/schema.org\",\"@graph\":[{\"@type\":\"WebPage\",\"@id\":\"https:\/\/toysmaniacornermonaco.com\/produit\/ferrari-race-pro-bb-cap\/\",\"url\":\"https:\/\/toysmaniacornermonaco.com\/produit\/ferrari-race-pro-bb-cap\/\",\"name\":\"Ferrari Race Pro BB Cap - TOY&#039;S MANIA\",\"isPartOf\":{\"@id\":\"https:\/\/toysmaniacornermonaco.com\/#website\"},\"primaryImageOfPage\":{\"@id\":\"https:\/\/toysmaniacornermonaco.com\/produit\/ferrari-race-pro-bb-cap\/#primaryimage\"},\"image\":{\"@id\":\"https:\/\/toysmaniacornermonaco.com\/produit\/ferrari-race-pro-bb-cap\/#primaryimage\"},\"thumbnailUrl\":\"https:\/\/toysmaniacornermonaco.com\/wp-content\/uploads\/2026\/02\/713qiGvPiKL._AC_SX385_.jpg\",\"datePublished\":\"2026-02-08T09:13:26+00:00\",\"dateModified\":\"2026-02-08T09:21:45+00:00\",\"breadcrumb\":{\"@id\":\"https:\/\/toysmaniacornermonaco.com\/produit\/ferrari-race-pro-bb-cap\/#breadcrumb\"},\"inLanguage\":\"en-US\",\"potentialAction\":[{\"@type\":\"ReadAction\",\"target\":[\"https:\/\/toysmaniacornermonaco.com\/produit\/ferrari-race-pro-bb-cap\/\"]}]},{\"@type\":\"ImageObject\",\"inLanguage\":\"en-US\",\"@id\":\"https:\/\/toysmaniacornermonaco.com\/produit\/ferrari-race-pro-bb-cap\/#primaryimage\",\"url\":\"https:\/\/toysmaniacornermonaco.com\/wp-content\/uploads\/2026\/02\/713qiGvPiKL._AC_SX385_.jpg\",\"contentUrl\":\"https:\/\/toysmaniacornermonaco.com\/wp-content\/uploads\/2026\/02\/713qiGvPiKL._AC_SX385_.jpg\",\"width\":385,\"height\":257},{\"@type\":\"BreadcrumbList\",\"@id\":\"https:\/\/toysmaniacornermonaco.com\/produit\/ferrari-race-pro-bb-cap\/#breadcrumb\",\"itemListElement\":[{\"@type\":\"ListItem\",\"position\":1,\"name\":\"Accueil\",\"item\":\"https:\/\/toysmaniacornermonaco.com\/en\/\"},{\"@type\":\"ListItem\",\"position\":2,\"name\":\"Shop\",\"item\":\"https:\/\/toysmaniacornermonaco.com\/en\/shop\/\"},{\"@type\":\"ListItem\",\"position\":3,\"name\":\"Ferrari Race Pro BB Cap\"}]},{\"@type\":\"WebSite\",\"@id\":\"https:\/\/toysmaniacornermonaco.com\/#website\",\"url\":\"https:\/\/toysmaniacornermonaco.com\/\",\"name\":\"TOY&#039;S MANIA\",\"description\":\"VOTRE CONCEPT STORE \u00c0 MONACO\",\"potentialAction\":[{\"@type\":\"SearchAction\",\"target\":{\"@type\":\"EntryPoint\",\"urlTemplate\":\"https:\/\/toysmaniacornermonaco.com\/?s={search_term_string}\"},\"query-input\":\"required name=search_term_string\"}],\"inLanguage\":\"en-US\"}]}<\/script>\n<!-- \/ Yoast SEO plugin. -->","yoast_head_json":{"title":"Ferrari Race Pro BB Cap - TOY&#039;S MANIA","robots":{"index":"index","follow":"follow","max-snippet":"max-snippet:-1","max-image-preview":"max-image-preview:large","max-video-preview":"max-video-preview:-1"},"canonical":"https:\/\/toysmaniacornermonaco.com\/produit\/ferrari-race-pro-bb-cap\/","og_locale":"en_US","og_type":"article","og_title":"Ferrari Race Pro BB Cap - TOY&#039;S MANIA","og_description":"Description du produitCasquette Ferrari Race Pro BB Cap sign\u00e9e PUMA, inspir\u00e9e de l\u2019univers de la Scuderia Ferrari et de la comp\u00e9tition automobile. Con\u00e7ue pour un usage quotidien, elle offre une conception l\u00e9g\u00e8re et confortable, associ\u00e9e \u00e0 une taille unique r\u00e9glable pour un ajustement optimal. Son design soign\u00e9 met en valeur l\u2019esprit racing et l\u2019identit\u00e9 embl\u00e9matique... View Article","og_url":"https:\/\/toysmaniacornermonaco.com\/produit\/ferrari-race-pro-bb-cap\/","og_site_name":"TOY&#039;S MANIA","article_modified_time":"2026-02-08T09:21:45+00:00","og_image":[{"width":385,"height":257,"url":"https:\/\/toysmaniacornermonaco.com\/wp-content\/uploads\/2026\/02\/713qiGvPiKL._AC_SX385_.jpg","type":"image\/jpeg"}],"twitter_card":"summary_large_image","twitter_misc":{"Est. reading time":"1 minute"},"schema":{"@context":"https:\/\/schema.org","@graph":[{"@type":"WebPage","@id":"https:\/\/toysmaniacornermonaco.com\/produit\/ferrari-race-pro-bb-cap\/","url":"https:\/\/toysmaniacornermonaco.com\/produit\/ferrari-race-pro-bb-cap\/","name":"Ferrari Race Pro BB Cap - TOY&#039;S MANIA","isPartOf":{"@id":"https:\/\/toysmaniacornermonaco.com\/#website"},"primaryImageOfPage":{"@id":"https:\/\/toysmaniacornermonaco.com\/produit\/ferrari-race-pro-bb-cap\/#primaryimage"},"image":{"@id":"https:\/\/toysmaniacornermonaco.com\/produit\/ferrari-race-pro-bb-cap\/#primaryimage"},"thumbnailUrl":"https:\/\/toysmaniacornermonaco.com\/wp-content\/uploads\/2026\/02\/713qiGvPiKL._AC_SX385_.jpg","datePublished":"2026-02-08T09:13:26+00:00","dateModified":"2026-02-08T09:21:45+00:00","breadcrumb":{"@id":"https:\/\/toysmaniacornermonaco.com\/produit\/ferrari-race-pro-bb-cap\/#breadcrumb"},"inLanguage":"en-US","potentialAction":[{"@type":"ReadAction","target":["https:\/\/toysmaniacornermonaco.com\/produit\/ferrari-race-pro-bb-cap\/"]}]},{"@type":"ImageObject","inLanguage":"en-US","@id":"https:\/\/toysmaniacornermonaco.com\/produit\/ferrari-race-pro-bb-cap\/#primaryimage","url":"https:\/\/toysmaniacornermonaco.com\/wp-content\/uploads\/2026\/02\/713qiGvPiKL._AC_SX385_.jpg","contentUrl":"https:\/\/toysmaniacornermonaco.com\/wp-content\/uploads\/2026\/02\/713qiGvPiKL._AC_SX385_.jpg","width":385,"height":257},{"@type":"BreadcrumbList","@id":"https:\/\/toysmaniacornermonaco.com\/produit\/ferrari-race-pro-bb-cap\/#breadcrumb","itemListElement":[{"@type":"ListItem","position":1,"name":"Accueil","item":"https:\/\/toysmaniacornermonaco.com\/en\/"},{"@type":"ListItem","position":2,"name":"Shop","item":"https:\/\/toysmaniacornermonaco.com\/en\/shop\/"},{"@type":"ListItem","position":3,"name":"Ferrari Race Pro BB Cap"}]},{"@type":"WebSite","@id":"https:\/\/toysmaniacornermonaco.com\/#website","url":"https:\/\/toysmaniacornermonaco.com\/","name":"TOY&#039;S MANIA","description":"VOTRE CONCEPT STORE \u00c0 MONACO","potentialAction":[{"@type":"SearchAction","target":{"@type":"EntryPoint","urlTemplate":"https:\/\/toysmaniacornermonaco.com\/?s={search_term_string}"},"query-input":"required name=search_term_string"}],"inLanguage":"en-US"}]}},"_links":{"self":[{"href":"https:\/\/toysmaniacornermonaco.com\/en\/wp-json\/wp\/v2\/product\/6454","targetHints":{"allow":["GET"]}}],"collection":[{"href":"https:\/\/toysmaniacornermonaco.com\/en\/wp-json\/wp\/v2\/product"}],"about":[{"href":"https:\/\/toysmaniacornermonaco.com\/en\/wp-json\/wp\/v2\/types\/product"}],"replies":[{"embeddable":true,"href":"https:\/\/toysmaniacornermonaco.com\/en\/wp-json\/wp\/v2\/comments?post=6454"}],"wp:featuredmedia":[{"embeddable":true,"href":"https:\/\/toysmaniacornermonaco.com\/en\/wp-json\/wp\/v2\/media\/6455"}],"wp:attachment":[{"href":"https:\/\/toysmaniacornermonaco.com\/en\/wp-json\/wp\/v2\/media?parent=6454"}],"wp:term":[{"taxonomy":"product_cat","embeddable":true,"href":"https:\/\/toysmaniacornermonaco.com\/en\/wp-json\/wp\/v2\/product_cat?post=6454"},{"taxonomy":"product_tag","embeddable":true,"href":"https:\/\/toysmaniacornermonaco.com\/en\/wp-json\/wp\/v2\/product_tag?post=6454"}],"curies":[{"name":"wp","href":"https:\/\/api.w.org\/{rel}","templated":true}]}}