{"id":6460,"date":"2026-02-08T10:25:07","date_gmt":"2026-02-08T09:25:07","guid":{"rendered":"https:\/\/toysmaniacornermonaco.com\/?post_type=product&#038;p=6460"},"modified":"2026-02-08T10:59:27","modified_gmt":"2026-02-08T09:59:27","slug":"ferrari-race-casquette-camionneur","status":"publish","type":"product","link":"https:\/\/toysmaniacornermonaco.com\/en\/produit\/ferrari-race-casquette-camionneur\/","title":{"rendered":"Ferrari Race \u2013 Casquette Camionneur"},"content":{"rendered":"<p data-start=\"139\" data-end=\"575\"><strong data-start=\"139\" data-end=\"165\">Description du produit<\/strong><br data-start=\"165\" data-end=\"168\" \/>Casquette camionneur Ferrari Race sign\u00e9e PUMA, inspir\u00e9e de l\u2019univers de la Scuderia Ferrari et de la comp\u00e9tition automobile. Con\u00e7ue pour un usage quotidien, elle associe une conception l\u00e9g\u00e8re et confortable \u00e0 une structure camionneur respirante, offrant un ajustement optimal. Son design sportif met en valeur l\u2019esprit racing et l\u2019identit\u00e9 embl\u00e9matique de Ferrari avec un style moderne et dynamique.<\/p>\n<p data-start=\"577\" data-end=\"687\"><strong data-start=\"577\" data-end=\"586\">REF :<\/strong> 02607401<br data-start=\"595\" data-end=\"598\" \/><strong data-start=\"598\" data-end=\"612\">GEN CODE :<\/strong> 406784137197<br data-start=\"625\" data-end=\"628\" \/><strong data-start=\"628\" data-end=\"641\">Couleur :<\/strong> Rouge<br data-start=\"655\" data-end=\"658\" \/><strong data-start=\"658\" data-end=\"670\" data-is-only-node=\"\">Marque :<\/strong> Ferrari \/ Puma<\/p>\n","protected":false},"excerpt":{"rendered":"Description du produitCasquette camionneur Ferrari Race sign\u00e9e PUMA, inspir\u00e9e de l\u2019univers de la Scuderia Ferrari et de la comp\u00e9tition automobile. Con\u00e7ue pour un usage quotidien, elle associe une conception l\u00e9g\u00e8re et confortable \u00e0 une structure camionneur respirante, offrant un ajustement optimal. Son design sportif met en valeur l\u2019esprit racing et l\u2019identit\u00e9 embl\u00e9matique de Ferrari avec&#8230; <a class=\"view-article\" href=\"https:\/\/toysmaniacornermonaco.com\/en\/produit\/ferrari-race-casquette-camionneur\/\">View Article<\/a>","protected":false},"featured_media":6461,"comment_status":"closed","ping_status":"closed","template":"","meta":{"_acf_changed":false},"product_cat":[711,390],"product_tag":[],"class_list":{"0":"post-6460","1":"product","2":"type-product","3":"status-publish","4":"has-post-thumbnail","6":"marque-ferrari","7":"marque-puma","8":"idee_cadeau-femmes","9":"idee_cadeau-formula-one-f1","10":"idee_cadeau-hommes","11":"product_cat-casquette","12":"product_cat-vetements-et-accessoires","13":"product_shipping_class-moyencolis","15":"first","16":"instock","17":"taxable","18":"shipping-taxable","19":"purchasable","20":"product-type-simple"},"acf":[],"yoast_head":"<!-- This site is optimized with the Yoast SEO plugin v22.3 - https:\/\/yoast.com\/wordpress\/plugins\/seo\/ -->\n<title>Ferrari Race \u2013 Casquette Camionneur - TOY&#039;S MANIA<\/title>\n<meta name=\"robots\" content=\"index, follow, max-snippet:-1, max-image-preview:large, max-video-preview:-1\" \/>\n<link rel=\"canonical\" href=\"https:\/\/toysmaniacornermonaco.com\/produit\/ferrari-race-casquette-camionneur\/\" \/>\n<meta property=\"og:locale\" content=\"en_US\" \/>\n<meta property=\"og:type\" content=\"article\" \/>\n<meta property=\"og:title\" content=\"Ferrari Race \u2013 Casquette Camionneur - TOY&#039;S MANIA\" \/>\n<meta property=\"og:description\" content=\"Description du produitCasquette camionneur Ferrari Race sign\u00e9e PUMA, inspir\u00e9e de l\u2019univers de la Scuderia Ferrari et de la comp\u00e9tition automobile. Con\u00e7ue pour un usage quotidien, elle associe une conception l\u00e9g\u00e8re et confortable \u00e0 une structure camionneur respirante, offrant un ajustement optimal. Son design sportif met en valeur l\u2019esprit racing et l\u2019identit\u00e9 embl\u00e9matique de Ferrari avec... View Article\" \/>\n<meta property=\"og:url\" content=\"https:\/\/toysmaniacornermonaco.com\/produit\/ferrari-race-casquette-camionneur\/\" \/>\n<meta property=\"og:site_name\" content=\"TOY&#039;S MANIA\" \/>\n<meta property=\"article:modified_time\" content=\"2026-02-08T09:59:27+00:00\" \/>\n<meta property=\"og:image\" content=\"https:\/\/toysmaniacornermonaco.com\/wp-content\/uploads\/2026\/02\/telechargement-2.jpg\" \/>\n\t<meta property=\"og:image:width\" content=\"225\" \/>\n\t<meta property=\"og:image:height\" content=\"225\" \/>\n\t<meta property=\"og:image:type\" content=\"image\/jpeg\" \/>\n<meta name=\"twitter:card\" content=\"summary_large_image\" \/>\n<meta name=\"twitter:label1\" content=\"Est. reading time\" \/>\n\t<meta name=\"twitter:data1\" content=\"1 minute\" \/>\n<script type=\"application\/ld+json\" class=\"yoast-schema-graph\">{\"@context\":\"https:\/\/schema.org\",\"@graph\":[{\"@type\":\"WebPage\",\"@id\":\"https:\/\/toysmaniacornermonaco.com\/produit\/ferrari-race-casquette-camionneur\/\",\"url\":\"https:\/\/toysmaniacornermonaco.com\/produit\/ferrari-race-casquette-camionneur\/\",\"name\":\"Ferrari Race \u2013 Casquette Camionneur - TOY&#039;S MANIA\",\"isPartOf\":{\"@id\":\"https:\/\/toysmaniacornermonaco.com\/#website\"},\"primaryImageOfPage\":{\"@id\":\"https:\/\/toysmaniacornermonaco.com\/produit\/ferrari-race-casquette-camionneur\/#primaryimage\"},\"image\":{\"@id\":\"https:\/\/toysmaniacornermonaco.com\/produit\/ferrari-race-casquette-camionneur\/#primaryimage\"},\"thumbnailUrl\":\"https:\/\/toysmaniacornermonaco.com\/wp-content\/uploads\/2026\/02\/telechargement-2.jpg\",\"datePublished\":\"2026-02-08T09:25:07+00:00\",\"dateModified\":\"2026-02-08T09:59:27+00:00\",\"breadcrumb\":{\"@id\":\"https:\/\/toysmaniacornermonaco.com\/produit\/ferrari-race-casquette-camionneur\/#breadcrumb\"},\"inLanguage\":\"en-US\",\"potentialAction\":[{\"@type\":\"ReadAction\",\"target\":[\"https:\/\/toysmaniacornermonaco.com\/produit\/ferrari-race-casquette-camionneur\/\"]}]},{\"@type\":\"ImageObject\",\"inLanguage\":\"en-US\",\"@id\":\"https:\/\/toysmaniacornermonaco.com\/produit\/ferrari-race-casquette-camionneur\/#primaryimage\",\"url\":\"https:\/\/toysmaniacornermonaco.com\/wp-content\/uploads\/2026\/02\/telechargement-2.jpg\",\"contentUrl\":\"https:\/\/toysmaniacornermonaco.com\/wp-content\/uploads\/2026\/02\/telechargement-2.jpg\",\"width\":225,\"height\":225},{\"@type\":\"BreadcrumbList\",\"@id\":\"https:\/\/toysmaniacornermonaco.com\/produit\/ferrari-race-casquette-camionneur\/#breadcrumb\",\"itemListElement\":[{\"@type\":\"ListItem\",\"position\":1,\"name\":\"Accueil\",\"item\":\"https:\/\/toysmaniacornermonaco.com\/en\/\"},{\"@type\":\"ListItem\",\"position\":2,\"name\":\"Shop\",\"item\":\"https:\/\/toysmaniacornermonaco.com\/en\/shop\/\"},{\"@type\":\"ListItem\",\"position\":3,\"name\":\"Ferrari Race \u2013 Casquette Camionneur\"}]},{\"@type\":\"WebSite\",\"@id\":\"https:\/\/toysmaniacornermonaco.com\/#website\",\"url\":\"https:\/\/toysmaniacornermonaco.com\/\",\"name\":\"TOY&#039;S MANIA\",\"description\":\"VOTRE CONCEPT STORE \u00c0 MONACO\",\"potentialAction\":[{\"@type\":\"SearchAction\",\"target\":{\"@type\":\"EntryPoint\",\"urlTemplate\":\"https:\/\/toysmaniacornermonaco.com\/?s={search_term_string}\"},\"query-input\":\"required name=search_term_string\"}],\"inLanguage\":\"en-US\"}]}<\/script>\n<!-- \/ Yoast SEO plugin. -->","yoast_head_json":{"title":"Ferrari Race \u2013 Casquette Camionneur - TOY&#039;S MANIA","robots":{"index":"index","follow":"follow","max-snippet":"max-snippet:-1","max-image-preview":"max-image-preview:large","max-video-preview":"max-video-preview:-1"},"canonical":"https:\/\/toysmaniacornermonaco.com\/produit\/ferrari-race-casquette-camionneur\/","og_locale":"en_US","og_type":"article","og_title":"Ferrari Race \u2013 Casquette Camionneur - TOY&#039;S MANIA","og_description":"Description du produitCasquette camionneur Ferrari Race sign\u00e9e PUMA, inspir\u00e9e de l\u2019univers de la Scuderia Ferrari et de la comp\u00e9tition automobile. Con\u00e7ue pour un usage quotidien, elle associe une conception l\u00e9g\u00e8re et confortable \u00e0 une structure camionneur respirante, offrant un ajustement optimal. Son design sportif met en valeur l\u2019esprit racing et l\u2019identit\u00e9 embl\u00e9matique de Ferrari avec... View Article","og_url":"https:\/\/toysmaniacornermonaco.com\/produit\/ferrari-race-casquette-camionneur\/","og_site_name":"TOY&#039;S MANIA","article_modified_time":"2026-02-08T09:59:27+00:00","og_image":[{"width":225,"height":225,"url":"https:\/\/toysmaniacornermonaco.com\/wp-content\/uploads\/2026\/02\/telechargement-2.jpg","type":"image\/jpeg"}],"twitter_card":"summary_large_image","twitter_misc":{"Est. reading time":"1 minute"},"schema":{"@context":"https:\/\/schema.org","@graph":[{"@type":"WebPage","@id":"https:\/\/toysmaniacornermonaco.com\/produit\/ferrari-race-casquette-camionneur\/","url":"https:\/\/toysmaniacornermonaco.com\/produit\/ferrari-race-casquette-camionneur\/","name":"Ferrari Race \u2013 Casquette Camionneur - TOY&#039;S MANIA","isPartOf":{"@id":"https:\/\/toysmaniacornermonaco.com\/#website"},"primaryImageOfPage":{"@id":"https:\/\/toysmaniacornermonaco.com\/produit\/ferrari-race-casquette-camionneur\/#primaryimage"},"image":{"@id":"https:\/\/toysmaniacornermonaco.com\/produit\/ferrari-race-casquette-camionneur\/#primaryimage"},"thumbnailUrl":"https:\/\/toysmaniacornermonaco.com\/wp-content\/uploads\/2026\/02\/telechargement-2.jpg","datePublished":"2026-02-08T09:25:07+00:00","dateModified":"2026-02-08T09:59:27+00:00","breadcrumb":{"@id":"https:\/\/toysmaniacornermonaco.com\/produit\/ferrari-race-casquette-camionneur\/#breadcrumb"},"inLanguage":"en-US","potentialAction":[{"@type":"ReadAction","target":["https:\/\/toysmaniacornermonaco.com\/produit\/ferrari-race-casquette-camionneur\/"]}]},{"@type":"ImageObject","inLanguage":"en-US","@id":"https:\/\/toysmaniacornermonaco.com\/produit\/ferrari-race-casquette-camionneur\/#primaryimage","url":"https:\/\/toysmaniacornermonaco.com\/wp-content\/uploads\/2026\/02\/telechargement-2.jpg","contentUrl":"https:\/\/toysmaniacornermonaco.com\/wp-content\/uploads\/2026\/02\/telechargement-2.jpg","width":225,"height":225},{"@type":"BreadcrumbList","@id":"https:\/\/toysmaniacornermonaco.com\/produit\/ferrari-race-casquette-camionneur\/#breadcrumb","itemListElement":[{"@type":"ListItem","position":1,"name":"Accueil","item":"https:\/\/toysmaniacornermonaco.com\/en\/"},{"@type":"ListItem","position":2,"name":"Shop","item":"https:\/\/toysmaniacornermonaco.com\/en\/shop\/"},{"@type":"ListItem","position":3,"name":"Ferrari Race \u2013 Casquette Camionneur"}]},{"@type":"WebSite","@id":"https:\/\/toysmaniacornermonaco.com\/#website","url":"https:\/\/toysmaniacornermonaco.com\/","name":"TOY&#039;S MANIA","description":"VOTRE CONCEPT STORE \u00c0 MONACO","potentialAction":[{"@type":"SearchAction","target":{"@type":"EntryPoint","urlTemplate":"https:\/\/toysmaniacornermonaco.com\/?s={search_term_string}"},"query-input":"required name=search_term_string"}],"inLanguage":"en-US"}]}},"_links":{"self":[{"href":"https:\/\/toysmaniacornermonaco.com\/en\/wp-json\/wp\/v2\/product\/6460","targetHints":{"allow":["GET"]}}],"collection":[{"href":"https:\/\/toysmaniacornermonaco.com\/en\/wp-json\/wp\/v2\/product"}],"about":[{"href":"https:\/\/toysmaniacornermonaco.com\/en\/wp-json\/wp\/v2\/types\/product"}],"replies":[{"embeddable":true,"href":"https:\/\/toysmaniacornermonaco.com\/en\/wp-json\/wp\/v2\/comments?post=6460"}],"wp:featuredmedia":[{"embeddable":true,"href":"https:\/\/toysmaniacornermonaco.com\/en\/wp-json\/wp\/v2\/media\/6461"}],"wp:attachment":[{"href":"https:\/\/toysmaniacornermonaco.com\/en\/wp-json\/wp\/v2\/media?parent=6460"}],"wp:term":[{"taxonomy":"product_cat","embeddable":true,"href":"https:\/\/toysmaniacornermonaco.com\/en\/wp-json\/wp\/v2\/product_cat?post=6460"},{"taxonomy":"product_tag","embeddable":true,"href":"https:\/\/toysmaniacornermonaco.com\/en\/wp-json\/wp\/v2\/product_tag?post=6460"}],"curies":[{"name":"wp","href":"https:\/\/api.w.org\/{rel}","templated":true}]}}